{"id":30,"date":"2021-02-09T12:27:10","date_gmt":"2021-02-09T11:27:10","guid":{"rendered":"https:\/\/mwb.com.pl\/18pulk\/?page_id=30"},"modified":"2022-03-03T11:06:00","modified_gmt":"2022-03-03T10:06:00","slug":"odznaka-pamiatkowa","status":"publish","type":"page","link":"https:\/\/mwb.com.pl\/18pulk\/symbole-i-barwy\/odznaka-pamiatkowa\/","title":{"rendered":"Odznaka pami\u0105tkowa"},"content":{"rendered":"\t\t<div data-elementor-type=\"wp-page\" data-elementor-id=\"30\" class=\"elementor elementor-30\">\n\t\t\t\t\t\t<section class=\"elementor-section elementor-top-section elementor-element elementor-element-1e855b4 elementor-section-boxed elementor-section-height-default elementor-section-height-default\" data-id=\"1e855b4\" data-element_type=\"section\" data-e-type=\"section\" data-settings=\"{&quot;background_background&quot;:&quot;classic&quot;}\">\n\t\t\t\t\t\t<div class=\"elementor-container elementor-column-gap-default\">\n\t\t\t\t\t<div class=\"elementor-column elementor-col-100 elementor-top-column elementor-element elementor-element-00be239\" data-id=\"00be239\" data-element_type=\"column\" data-e-type=\"column\">\n\t\t\t<div class=\"elementor-widget-wrap elementor-element-populated\">\n\t\t\t\t\t\t<div class=\"elementor-element elementor-element-3ad6626 elementor-widget elementor-widget-heading\" data-id=\"3ad6626\" data-element_type=\"widget\" data-e-type=\"widget\" data-widget_type=\"heading.default\">\n\t\t\t\t<div class=\"elementor-widget-container\">\n\t\t\t\t\t<h2 class=\"elementor-heading-title elementor-size-default\">ODZNAKA PAMI\u0104TKOWA<\/h2>\t\t\t\t<\/div>\n\t\t\t\t<\/div>\n\t\t\t\t\t<\/div>\n\t\t<\/div>\n\t\t\t\t\t<\/div>\n\t\t<\/section>\n\t\t\t\t<section class=\"elementor-section elementor-top-section elementor-element elementor-element-9e492fc elementor-section-boxed elementor-section-height-default elementor-section-height-default\" data-id=\"9e492fc\" data-element_type=\"section\" data-e-type=\"section\" data-settings=\"{&quot;background_background&quot;:&quot;classic&quot;}\">\n\t\t\t\t\t\t<div class=\"elementor-container elementor-column-gap-default\">\n\t\t\t\t\t<div class=\"elementor-column elementor-col-100 elementor-top-column elementor-element elementor-element-ccc30bd\" data-id=\"ccc30bd\" data-element_type=\"column\" data-e-type=\"column\">\n\t\t\t<div class=\"elementor-widget-wrap elementor-element-populated\">\n\t\t\t\t\t\t<div class=\"elementor-element elementor-element-531c202 elementor-widget elementor-widget-text-editor\" data-id=\"531c202\" data-element_type=\"widget\" data-e-type=\"widget\" data-widget_type=\"text-editor.default\">\n\t\t\t\t<div class=\"elementor-widget-container\">\n\t\t\t\t\t\t\t\t\t<p>W okresie I wojny \u015bwiatowej w walcz\u0105cych armiach zapanowa\u0142a swoista moda na odznaki wyr\u00f3\u017cniaj\u0105ce poszczeg\u00f3lne oddzia\u0142y, maj\u0105ce \u015bci\u015blej wi\u0105za\u0107 \u017co\u0142nierzy ze\u00a0swoimi jednostkami. Pierwsze odznaki wyr\u00f3\u017cniaj\u0105ce wprowadzono w oddzia\u0142ach o polskim charakterze formuj\u0105cych si\u0119 w Rosji po rewolucji lutowej 1917 r. Tradycja ta przyj\u0119\u0142a si\u0119 r\u00f3wnie\u017c z Wojsku Polskim II Rzeczypospolitej, w kt\u00f3rym niemal wszystkie jednostki, samodzielne oddzia\u0142y, szko\u0142y czy centra wyszkolenia posiada\u0142y w\u0142asne, niepowtarzalne odznaki. Przegl\u0105d odznak z lat 1920-1939 wskazuje, \u017ce ich symbolika nawi\u0105zywa\u0142a do patron\u00f3w, heroicznych boj\u00f3w b\u0105d\u017a formacji wojskowych z przesz\u0142o\u015bci. Projektantami byli zazwyczaj zawodowi arty\u015bci lub oficerowie, odznaczaj\u0105cy si\u0119 uzdolnieniami plastycznymi, za\u015b wykonawcami \u2013 warsztaty jubilersko-grawerskie. Niekt\u00f3re odznaki pami\u0105tkowe II RP przyj\u0119te zosta\u0142y w Polskich Si\u0142ach Zbrojnych na Zachodzie, natomiast elementy ich symboliki wykorzystywane s\u0105 przez wsp\u00f3\u0142czesne jednostki Wojska Polskiego.<\/p><p>T\u0119 d\u0105\u017cno\u015b\u0107 do przywracania i upowszechniania tradycji historycznych Wojska Polskiego mo\u017cna dostrzec r\u00f3wnie\u017c w przypadku odznaki 18. Bia\u0142ostockiego Pu\u0142ku Rozpoznawczego, zaaprobowanej do u\u017cytku w maju 2011 r. Jej wz\u00f3r, pozornie nietypowy, nawi\u0105zuje do dziej\u00f3w U\u0142an\u00f3w Karpackich.<\/p><p>Odznak\u0119 stanowi tarcza oparta o dwie skrzy\u017cowane lace z proporczykami. Na tarczy umieszczono dwie pierzaste palmy wsparte o p\u00f3\u0142ksi\u0119\u017cyc. G\u00f3rn\u0105 kraw\u0119d\u017a tarczy wie\u0144czy rycerska przy\u0142bica, natomiast pod tarcz\u0105 umieszczono wst\u0119g\u0119 z napisem \u201eU\u0142ani Karpaccy\u201d. Wst\u0119g\u0119 z tarcz\u0105 \u0142\u0105czy numer 18. Symbole Wschodu \u2013 palmy oraz p\u00f3\u0142ksi\u0119\u017cyc \u2013 nawi\u0105zuj\u0105 do miejsca powstania oraz dzia\u0142a\u0144 Pu\u0142ku U\u0142an\u00f3w Karpackich na pustyni w okresie II wojny \u015bwiatowej. W odznace zawarto tak\u017ce charakterystyczny element kawaleryjski \u2013 skrzy\u017cowane lance. Motyw przewodni w postaci palm i p\u00f3\u0142ksi\u0119\u017cyca powt\u00f3rzono tak\u017ce na innych symbolach pu\u0142kowych.<\/p>\t\t\t\t\t\t\t\t<\/div>\n\t\t\t\t<\/div>\n\t\t\t\t\t<\/div>\n\t\t<\/div>\n\t\t\t\t\t<\/div>\n\t\t<\/section>\n\t\t\t\t<section class=\"elementor-section elementor-top-section elementor-element elementor-element-297b399 elementor-section-boxed elementor-section-height-default elementor-section-height-default\" data-id=\"297b399\" data-element_type=\"section\" data-e-type=\"section\" data-settings=\"{&quot;background_background&quot;:&quot;classic&quot;}\">\n\t\t\t\t\t\t<div class=\"elementor-container elementor-column-gap-default\">\n\t\t\t\t\t<div class=\"elementor-column elementor-col-50 elementor-top-column elementor-element elementor-element-fe4bd40\" data-id=\"fe4bd40\" data-element_type=\"column\" data-e-type=\"column\">\n\t\t\t<div class=\"elementor-widget-wrap elementor-element-populated\">\n\t\t\t\t\t\t<div class=\"elementor-element elementor-element-0997e9c elementor-position-top elementor-widget elementor-widget-image-box\" data-id=\"0997e9c\" data-element_type=\"widget\" data-e-type=\"widget\" data-widget_type=\"image-box.default\">\n\t\t\t\t<div class=\"elementor-widget-container\">\n\t\t\t\t\t<div class=\"elementor-image-box-wrapper\"><figure class=\"elementor-image-box-img\"><a href=\"https:\/\/mwb.com.pl\/18pulk\/wp-content\/uploads\/2021\/02\/odznaka1.jpg\" tabindex=\"-1\"><img fetchpriority=\"high\" decoding=\"async\" width=\"600\" height=\"740\" src=\"https:\/\/mwb.com.pl\/18pulk\/wp-content\/uploads\/2021\/02\/odznaka1.jpg\" class=\"attachment-full size-full wp-image-409\" alt=\"Odznaka pami\u0105tkowa 18. Bia\u0142ostockiego Pu\u0142ku Rozpoznawczego nr 30 kpr. Adama Kowalskiego\" srcset=\"https:\/\/mwb.com.pl\/18pulk\/wp-content\/uploads\/2021\/02\/odznaka1.jpg 600w, https:\/\/mwb.com.pl\/18pulk\/wp-content\/uploads\/2021\/02\/odznaka1-243x300.jpg 243w, https:\/\/mwb.com.pl\/18pulk\/wp-content\/uploads\/2021\/02\/odznaka1-230x284.jpg 230w, https:\/\/mwb.com.pl\/18pulk\/wp-content\/uploads\/2021\/02\/odznaka1-350x432.jpg 350w, https:\/\/mwb.com.pl\/18pulk\/wp-content\/uploads\/2021\/02\/odznaka1-480x592.jpg 480w\" sizes=\"(max-width: 600px) 100vw, 600px\" \/><\/a><\/figure><div class=\"elementor-image-box-content\"><p class=\"elementor-image-box-description\">Odznaka pami\u0105tkowa o numerze w\u0142asnym 30 kpr. Adama Kowalskiego. Pierwsze egzemplarze odznaki nie posiada\u0142y emaliowanego numeru 18<\/p><\/div><\/div>\t\t\t\t<\/div>\n\t\t\t\t<\/div>\n\t\t\t\t\t<\/div>\n\t\t<\/div>\n\t\t\t\t<div class=\"elementor-column elementor-col-50 elementor-top-column elementor-element elementor-element-087b54e\" data-id=\"087b54e\" data-element_type=\"column\" data-e-type=\"column\">\n\t\t\t<div class=\"elementor-widget-wrap elementor-element-populated\">\n\t\t\t\t\t\t<div class=\"elementor-element elementor-element-c37700b elementor-position-top elementor-widget elementor-widget-image-box\" data-id=\"c37700b\" data-element_type=\"widget\" data-e-type=\"widget\" data-widget_type=\"image-box.default\">\n\t\t\t\t<div class=\"elementor-widget-container\">\n\t\t\t\t\t<div class=\"elementor-image-box-wrapper\"><figure class=\"elementor-image-box-img\"><a href=\"https:\/\/mwb.com.pl\/18pulk\/wp-content\/uploads\/2021\/02\/odznaka2.jpg\" tabindex=\"-1\"><img decoding=\"async\" width=\"600\" height=\"733\" src=\"https:\/\/mwb.com.pl\/18pulk\/wp-content\/uploads\/2021\/02\/odznaka2.jpg\" class=\"attachment-full size-full wp-image-410\" alt=\"P\u00f3\u017aniejsza wersja odznaki z emaliowan\u0105 liczb\u0105 18 (MWB\/D\/6243)\" srcset=\"https:\/\/mwb.com.pl\/18pulk\/wp-content\/uploads\/2021\/02\/odznaka2.jpg 600w, https:\/\/mwb.com.pl\/18pulk\/wp-content\/uploads\/2021\/02\/odznaka2-246x300.jpg 246w, https:\/\/mwb.com.pl\/18pulk\/wp-content\/uploads\/2021\/02\/odznaka2-230x281.jpg 230w, https:\/\/mwb.com.pl\/18pulk\/wp-content\/uploads\/2021\/02\/odznaka2-350x428.jpg 350w, https:\/\/mwb.com.pl\/18pulk\/wp-content\/uploads\/2021\/02\/odznaka2-480x586.jpg 480w\" sizes=\"(max-width: 600px) 100vw, 600px\" \/><\/a><\/figure><div class=\"elementor-image-box-content\"><p class=\"elementor-image-box-description\">P\u00f3\u017aniejsza wersja odznaki z emaliowan\u0105 liczb\u0105 18 (MWB\/D\/6243)<\/p><\/div><\/div>\t\t\t\t<\/div>\n\t\t\t\t<\/div>\n\t\t\t\t\t<\/div>\n\t\t<\/div>\n\t\t\t\t\t<\/div>\n\t\t<\/section>\n\t\t\t\t<\/div>\n\t\t","protected":false},"excerpt":{"rendered":"<p>ODZNAKA PAMI\u0104TKOWA W okresie I wojny \u015bwiatowej w walcz\u0105cych armiach zapanowa\u0142a swoista moda na odznaki wyr\u00f3\u017cniaj\u0105ce poszczeg\u00f3lne oddzia\u0142y, maj\u0105ce \u015bci\u015blej wi\u0105za\u0107 \u017co\u0142nierzy ze\u00a0swoimi jednostkami. Pierwsze odznaki wyr\u00f3\u017cniaj\u0105ce wprowadzono w oddzia\u0142ach o polskim charakterze formuj\u0105cych si\u0119 w Rosji po rewolucji lutowej 1917 r. Tradycja ta przyj\u0119\u0142a si\u0119 r\u00f3wnie\u017c z Wojsku Polskim II Rzeczypospolitej, w kt\u00f3rym niemal [&hellip;]<\/p>\n","protected":false},"author":1,"featured_media":0,"parent":18,"menu_order":0,"comment_status":"closed","ping_status":"closed","template":"page-templates\/page_front-page.php","meta":{"footnotes":""},"class_list":["post-30","page","type-page","status-publish","hentry"],"_links":{"self":[{"href":"https:\/\/mwb.com.pl\/18pulk\/wp-json\/wp\/v2\/pages\/30","targetHints":{"allow":["GET"]}}],"collection":[{"href":"https:\/\/mwb.com.pl\/18pulk\/wp-json\/wp\/v2\/pages"}],"about":[{"href":"https:\/\/mwb.com.pl\/18pulk\/wp-json\/wp\/v2\/types\/page"}],"author":[{"embeddable":true,"href":"https:\/\/mwb.com.pl\/18pulk\/wp-json\/wp\/v2\/users\/1"}],"replies":[{"embeddable":true,"href":"https:\/\/mwb.com.pl\/18pulk\/wp-json\/wp\/v2\/comments?post=30"}],"version-history":[{"count":30,"href":"https:\/\/mwb.com.pl\/18pulk\/wp-json\/wp\/v2\/pages\/30\/revisions"}],"predecessor-version":[{"id":2034,"href":"https:\/\/mwb.com.pl\/18pulk\/wp-json\/wp\/v2\/pages\/30\/revisions\/2034"}],"up":[{"embeddable":true,"href":"https:\/\/mwb.com.pl\/18pulk\/wp-json\/wp\/v2\/pages\/18"}],"wp:attachment":[{"href":"https:\/\/mwb.com.pl\/18pulk\/wp-json\/wp\/v2\/media?parent=30"}],"curies":[{"name":"wp","href":"https:\/\/api.w.org\/{rel}","templated":true}]}}