{"id":26,"date":"2021-02-09T12:26:18","date_gmt":"2021-02-09T11:26:18","guid":{"rendered":"https:\/\/mwb.com.pl\/18pulk\/?page_id=26"},"modified":"2022-03-03T11:01:37","modified_gmt":"2022-03-03T10:01:37","slug":"poczet-dowodcow","status":"publish","type":"page","link":"https:\/\/mwb.com.pl\/18pulk\/poczet-dowodcow\/","title":{"rendered":"Poczet dow\u00f3dc\u00f3w"},"content":{"rendered":"\t\t<div data-elementor-type=\"wp-page\" data-elementor-id=\"26\" class=\"elementor elementor-26\">\n\t\t\t\t\t\t<section class=\"elementor-section elementor-top-section elementor-element elementor-element-459552e elementor-section-boxed elementor-section-height-default elementor-section-height-default\" data-id=\"459552e\" data-element_type=\"section\" data-e-type=\"section\" data-settings=\"{&quot;background_background&quot;:&quot;classic&quot;}\">\n\t\t\t\t\t\t<div class=\"elementor-container elementor-column-gap-default\">\n\t\t\t\t\t<div class=\"elementor-column elementor-col-100 elementor-top-column elementor-element elementor-element-04ed55f\" data-id=\"04ed55f\" data-element_type=\"column\" data-e-type=\"column\">\n\t\t\t<div class=\"elementor-widget-wrap elementor-element-populated\">\n\t\t\t\t\t\t<div class=\"elementor-element elementor-element-415e46c elementor-widget elementor-widget-heading\" data-id=\"415e46c\" data-element_type=\"widget\" data-e-type=\"widget\" data-widget_type=\"heading.default\">\n\t\t\t\t<div class=\"elementor-widget-container\">\n\t\t\t\t\t<h2 class=\"elementor-heading-title elementor-size-default\">POCZET DOW\u00d3DC\u00d3W<\/h2>\t\t\t\t<\/div>\n\t\t\t\t<\/div>\n\t\t\t\t\t<\/div>\n\t\t<\/div>\n\t\t\t\t\t<\/div>\n\t\t<\/section>\n\t\t\t\t<section class=\"elementor-section elementor-top-section elementor-element elementor-element-1dc0598 elementor-section-boxed elementor-section-height-default elementor-section-height-default\" data-id=\"1dc0598\" data-element_type=\"section\" data-e-type=\"section\" data-settings=\"{&quot;background_background&quot;:&quot;classic&quot;}\">\n\t\t\t\t\t\t<div class=\"elementor-container elementor-column-gap-default\">\n\t\t\t\t\t<div class=\"elementor-column elementor-col-100 elementor-top-column elementor-element elementor-element-ba0172d\" data-id=\"ba0172d\" data-element_type=\"column\" data-e-type=\"column\">\n\t\t\t<div class=\"elementor-widget-wrap elementor-element-populated\">\n\t\t\t\t\t\t<div class=\"elementor-element elementor-element-0ffc1a4 elementor-widget elementor-widget-text-editor\" data-id=\"0ffc1a4\" data-element_type=\"widget\" data-e-type=\"widget\" data-widget_type=\"text-editor.default\">\n\t\t\t\t<div class=\"elementor-widget-container\">\n\t\t\t\t\t\t\t\t\t<strong>Pu\u0142kownik dyplomowany Piotr Oleszczak<\/strong> \u2013 ur. 2 kwietnia 1966 r. Jest absolwentem Wy\u017cszej Szko\u0142y Oficerskiej Wojsk Zmechanizowanych we Wroc\u0142awiu. Karier\u0119 wojskow\u0105 rozpocz\u0105\u0142 od s\u0142u\u017cby w 1. pu\u0142ku zmechanizowanym, obejmuj\u0105c kolejne stanowiska: dow\u00f3dcy plutonu, dow\u00f3dcy plutonu rozpoznawczego, dow\u00f3dcy kompanii. W 1994 r. obj\u0105\u0142 stanowisko kierownika sekcji rozpoznawczej w 9. Brygadzie Zmechanizowanej w Siedlcach, a nast\u0119pnie dow\u00f3dcy batalionu. W\u00a0grudniu 2002 r. zosta\u0142 skierowany do wykonywania zada\u0144 w Polskim Kontyngencie Wojskowym SFOR (Si\u0142y Stabilizacyjne NATO) Bo\u015bnia i Hercegowina na&nbsp;stanowisku dow\u00f3dcy polskiego batalionu w mi\u0119dzynarodowej grupie bojowej. Po powrocie z misji w grudniu 2003 r. obj\u0105\u0142 stanowisko dow\u00f3dcy batalionu rozpoznawczego. W latach 2004-2007 pe\u0142ni\u0142 obowi\u0105zki zast\u0119pcy dow\u00f3dcy pu\u0142ku w 2. pu\u0142ku rozpoznawczym w Hrubieszowie. W 2007 r. wzi\u0105\u0142 udzia\u0142 w VII zmianie PKW w Iraku na stanowisku szefa oddzia\u0142u rozpoznania G2 w MNDCS (Wielonarodowej Dywizji Centrum-Po\u0142udnie), po czym powr\u00f3ci\u0142 na poprzednie stanowisko. W czerwcu 2009 r. obj\u0105\u0142 stanowisko dow\u00f3dcy 18. Bia\u0142ostockiego Pu\u0142ku Rozpoznawczego. Funkcj\u0119 t\u0119 pe\u0142ni\u0142 do roku 2012. Obecnie p\u0142k Oleszczak pe\u0142ni funkcj\u0119 zast\u0119pcy szefa Zarz\u0105du Analiz Wywiadowczych i Rozpoznawczych &#8211; P2 w Sztabie Generalnego Wojska Polskiego.\t\t\t\t\t\t\t\t<\/div>\n\t\t\t\t<\/div>\n\t\t\t\t<div class=\"elementor-element elementor-element-51bd23f elementor-widget-divider--separator-type-pattern elementor-widget-divider--view-line elementor-widget elementor-widget-divider\" data-id=\"51bd23f\" data-element_type=\"widget\" data-e-type=\"widget\" data-widget_type=\"divider.default\">\n\t\t\t\t<div class=\"elementor-widget-container\">\n\t\t\t\t\t\t\t<div class=\"elementor-divider\" style=\"--divider-pattern-url: url(&quot;data:image\/svg+xml,%3Csvg xmlns=&#039;http:\/\/www.w3.org\/2000\/svg&#039; preserveAspectRatio=&#039;none&#039; overflow=&#039;visible&#039; height=&#039;100%&#039; viewBox=&#039;0 0 20 16&#039; fill=&#039;none&#039; stroke=&#039;black&#039; stroke-width=&#039;1&#039; stroke-linecap=&#039;square&#039; stroke-miterlimit=&#039;10&#039;%3E%3Cg transform=&#039;translate(-12.000000, 0)&#039;%3E%3Cpath d=&#039;M28,0L10,18&#039;\/%3E%3Cpath d=&#039;M18,0L0,18&#039;\/%3E%3Cpath d=&#039;M48,0L30,18&#039;\/%3E%3Cpath d=&#039;M38,0L20,18&#039;\/%3E%3C\/g%3E%3C\/svg%3E&quot;);\">\n\t\t\t<span class=\"elementor-divider-separator\">\n\t\t\t\t\t\t<\/span>\n\t\t<\/div>\n\t\t\t\t\t\t<\/div>\n\t\t\t\t<\/div>\n\t\t\t\t\t<\/div>\n\t\t<\/div>\n\t\t\t\t\t<\/div>\n\t\t<\/section>\n\t\t\t\t<section class=\"elementor-section elementor-top-section elementor-element elementor-element-fd0b479 elementor-section-boxed elementor-section-height-default elementor-section-height-default\" data-id=\"fd0b479\" data-element_type=\"section\" data-e-type=\"section\" data-settings=\"{&quot;background_background&quot;:&quot;classic&quot;}\">\n\t\t\t\t\t\t<div class=\"elementor-container elementor-column-gap-default\">\n\t\t\t\t\t<div class=\"elementor-column elementor-col-100 elementor-top-column elementor-element elementor-element-89f633c\" data-id=\"89f633c\" data-element_type=\"column\" data-e-type=\"column\">\n\t\t\t<div class=\"elementor-widget-wrap elementor-element-populated\">\n\t\t\t\t\t\t<div class=\"elementor-element elementor-element-dbd1e5f elementor-widget elementor-widget-text-editor\" data-id=\"dbd1e5f\" data-element_type=\"widget\" data-e-type=\"widget\" data-widget_type=\"text-editor.default\">\n\t\t\t\t<div class=\"elementor-widget-container\">\n\t\t\t\t\t\t\t\t\t<strong>Pu\u0142kownik dyplomowany Wies\u0142aw Podlecki \u2013<\/strong> ur. 27 marca 1964 r. W 1984 r. uko\u0144czy\u0142 Wy\u017csz\u0105 Szko\u0142\u0119 Oficersk\u0105 Wojsk Zmechanizowanych we Wroc\u0142awiu. S\u0142u\u017cb\u0119 zawodow\u0105 rozpocz\u0105\u0142 w 25. Nyskim Pu\u0142ku Zmechanizowanym, kolejno obejmuj\u0105c stanowiska: dow\u00f3dcy plutonu rozpoznawczego, dow\u00f3dcy plutonu piechoty zmotoryzowanej, dow\u00f3dcy kompanii piechoty zmotoryzowanej, dow\u00f3dcy kompanii zmechanizowanej, dow\u00f3dcy batalionu zmechanizowanego a&nbsp;nast\u0119pnie dow\u00f3dcy batalionu zmechanizowanego w 5. Brygadzie Pancernej \u201eSkorpion\u201d w Opolu. Od 1998 r. s\u0142u\u017cy\u0142 na stanowisku szefa szkolenia \u2013 zast\u0119pcy dow\u00f3dcy 4. Suwalskiej Brygady Kawalerii Pancernej. Nast\u0119pnie s\u0142u\u017cy\u0142 na stanowiskach: szefa pionu szkolenia, szefa sekcji rozpoznawczej i dow\u00f3dcy batalionu w&nbsp;15. Gi\u017cyckiej Brygadzie Zmechanizowanej. W 2004 r. zosta\u0142 dow\u00f3dc\u0105 3. Mazurskiego Batalionu Rozpoznawczego. W latach 2006-2012 pe\u0142ni\u0142 obowi\u0105zki szefa Wydzia\u0142u Analiz Rozpoznawczych i szefa Oddzia\u0142u Analiz Rozpoznawczych i Geograficznych w Dow\u00f3dztwie Wojsk L\u0105dowych. Stanowisko dow\u00f3dcy 18.&nbsp;Bia\u0142ostockiego Pu\u0142ku Rozpoznawczego obj\u0105\u0142 z dniem 29 sierpnia 2012 r. i piastowa\u0142 je do lutego 2016 r., kiedy to przeszed\u0142 do rezerwy.\t\t\t\t\t\t\t\t<\/div>\n\t\t\t\t<\/div>\n\t\t\t\t<div class=\"elementor-element elementor-element-3075a14 elementor-widget-divider--separator-type-pattern elementor-widget-divider--view-line elementor-widget elementor-widget-divider\" data-id=\"3075a14\" data-element_type=\"widget\" data-e-type=\"widget\" data-widget_type=\"divider.default\">\n\t\t\t\t<div class=\"elementor-widget-container\">\n\t\t\t\t\t\t\t<div class=\"elementor-divider\" style=\"--divider-pattern-url: url(&quot;data:image\/svg+xml,%3Csvg xmlns=&#039;http:\/\/www.w3.org\/2000\/svg&#039; preserveAspectRatio=&#039;none&#039; overflow=&#039;visible&#039; height=&#039;100%&#039; viewBox=&#039;0 0 20 16&#039; fill=&#039;none&#039; stroke=&#039;black&#039; stroke-width=&#039;1&#039; stroke-linecap=&#039;square&#039; stroke-miterlimit=&#039;10&#039;%3E%3Cg transform=&#039;translate(-12.000000, 0)&#039;%3E%3Cpath d=&#039;M28,0L10,18&#039;\/%3E%3Cpath d=&#039;M18,0L0,18&#039;\/%3E%3Cpath d=&#039;M48,0L30,18&#039;\/%3E%3Cpath d=&#039;M38,0L20,18&#039;\/%3E%3C\/g%3E%3C\/svg%3E&quot;);\">\n\t\t\t<span class=\"elementor-divider-separator\">\n\t\t\t\t\t\t<\/span>\n\t\t<\/div>\n\t\t\t\t\t\t<\/div>\n\t\t\t\t<\/div>\n\t\t\t\t\t<\/div>\n\t\t<\/div>\n\t\t\t\t\t<\/div>\n\t\t<\/section>\n\t\t\t\t<section class=\"elementor-section elementor-top-section elementor-element elementor-element-1ef41f9 elementor-section-boxed elementor-section-height-default elementor-section-height-default\" data-id=\"1ef41f9\" data-element_type=\"section\" data-e-type=\"section\" data-settings=\"{&quot;background_background&quot;:&quot;classic&quot;}\">\n\t\t\t\t\t\t<div class=\"elementor-container elementor-column-gap-default\">\n\t\t\t\t\t<div class=\"elementor-column elementor-col-100 elementor-top-column elementor-element elementor-element-e79991a\" data-id=\"e79991a\" data-element_type=\"column\" data-e-type=\"column\">\n\t\t\t<div class=\"elementor-widget-wrap elementor-element-populated\">\n\t\t\t\t\t\t<div class=\"elementor-element elementor-element-6dbd9e8 elementor-widget elementor-widget-text-editor\" data-id=\"6dbd9e8\" data-element_type=\"widget\" data-e-type=\"widget\" data-widget_type=\"text-editor.default\">\n\t\t\t\t<div class=\"elementor-widget-container\">\n\t\t\t\t\t\t\t\t\t<p><strong>Pu\u0142kownik dyplomowany Marcin Fr\u0105czek<\/strong> \u2013 ur. 22 listopada 1969 r. Jest absolwentem Wy\u017cszej Szko\u0142y Oficerskiej im. Tadeusza Ko\u015bciuszki. Po promocji oficerskiej zwi\u0105za\u0142 si\u0119 z 2. Hrubieszowskim Pu\u0142kiem Rozpoznawczym, w kt\u00f3rym przeszed\u0142 kolejne szczeble dowodzenia: od stanowiska dow\u00f3dcy plutonu, przez dow\u00f3dc\u0119 kompanii do dow\u00f3dcy batalionu. W 2010 r. zosta\u0142 zast\u0119pc\u0105 dow\u00f3dcy tej\u017ce jednostki. Na prze\u0142omie 2011 i 2012 r. pe\u0142ni\u0142 funkcj\u0119 zast\u0119pcy szefa sztabu Polskiego Kontyngentu Wojskowego w Afganistanie. Stanowisko dow\u00f3dcy 18. pu\u0142ku rozpoznawczego obj\u0105\u0142 1 lutego 2016 r. i pe\u0142ni\u0142 je do stycznia 2018 r. Obecnie pe\u0142ni funkcj\u0119 Szefa Zarz\u0105du Rozpoznania i Walki Elektronicznej Dow\u00f3dztwa Generalnego Rodzaj\u00f3w Si\u0142 Zbrojnych.<\/p>\t\t\t\t\t\t\t\t<\/div>\n\t\t\t\t<\/div>\n\t\t\t\t<div class=\"elementor-element elementor-element-94305bb elementor-widget-divider--separator-type-pattern elementor-widget-divider--view-line elementor-widget elementor-widget-divider\" data-id=\"94305bb\" data-element_type=\"widget\" data-e-type=\"widget\" data-widget_type=\"divider.default\">\n\t\t\t\t<div class=\"elementor-widget-container\">\n\t\t\t\t\t\t\t<div class=\"elementor-divider\" style=\"--divider-pattern-url: url(&quot;data:image\/svg+xml,%3Csvg xmlns=&#039;http:\/\/www.w3.org\/2000\/svg&#039; preserveAspectRatio=&#039;none&#039; overflow=&#039;visible&#039; height=&#039;100%&#039; viewBox=&#039;0 0 20 16&#039; fill=&#039;none&#039; stroke=&#039;black&#039; stroke-width=&#039;1&#039; stroke-linecap=&#039;square&#039; stroke-miterlimit=&#039;10&#039;%3E%3Cg transform=&#039;translate(-12.000000, 0)&#039;%3E%3Cpath d=&#039;M28,0L10,18&#039;\/%3E%3Cpath d=&#039;M18,0L0,18&#039;\/%3E%3Cpath d=&#039;M48,0L30,18&#039;\/%3E%3Cpath d=&#039;M38,0L20,18&#039;\/%3E%3C\/g%3E%3C\/svg%3E&quot;);\">\n\t\t\t<span class=\"elementor-divider-separator\">\n\t\t\t\t\t\t<\/span>\n\t\t<\/div>\n\t\t\t\t\t\t<\/div>\n\t\t\t\t<\/div>\n\t\t\t\t\t<\/div>\n\t\t<\/div>\n\t\t\t\t\t<\/div>\n\t\t<\/section>\n\t\t\t\t<section class=\"elementor-section elementor-top-section elementor-element elementor-element-d48a702 elementor-section-boxed elementor-section-height-default elementor-section-height-default\" data-id=\"d48a702\" data-element_type=\"section\" data-e-type=\"section\" data-settings=\"{&quot;background_background&quot;:&quot;classic&quot;}\">\n\t\t\t\t\t\t<div class=\"elementor-container elementor-column-gap-default\">\n\t\t\t\t\t<div class=\"elementor-column elementor-col-100 elementor-top-column elementor-element elementor-element-27e550d\" data-id=\"27e550d\" data-element_type=\"column\" data-e-type=\"column\">\n\t\t\t<div class=\"elementor-widget-wrap elementor-element-populated\">\n\t\t\t\t\t\t<div class=\"elementor-element elementor-element-6e7945b elementor-widget elementor-widget-text-editor\" data-id=\"6e7945b\" data-element_type=\"widget\" data-e-type=\"widget\" data-widget_type=\"text-editor.default\">\n\t\t\t\t<div class=\"elementor-widget-container\">\n\t\t\t\t\t\t\t\t\t<strong>Pu\u0142kownik Rafa\u0142 Lis<\/strong> \u2013 ur. 22 pa\u017adziernika 1972 r. Uko\u0144czy\u0142 Wy\u017csz\u0105 Szko\u0142\u0119 Oficersk\u0105 im. Tadeusza Ko\u015bciuszki. S\u0142u\u017cb\u0119 zawodow\u0105 rozpocz\u0105\u0142 w 7. Pu\u0142ku U\u0142an\u00f3w Lubelskich. Jego dalsza kariera wojskowa zwi\u0105zana by\u0142a z 7. i 1. batalionem kawalerii powietrznej, dow\u00f3dztwem 25. Brygady Kawalerii Powietrznej, Dow\u00f3dztwem Generalnym Rodzaj\u00f3w Si\u0142 Zbrojnych oraz Dow\u00f3dztwem Wojsk Obrony Terytorialnej. Pe\u0142ni\u0142 tak\u017ce s\u0142u\u017cb\u0119 poza granicami kraju \u2013 w PKW w Bo\u015bni i&nbsp;Hercegowinie, PKW do Operacji Unii Europejskiej w Republice Czadu i Republice \u015arodkowoafryka\u0144skiej oraz PKW w Islamskiej Republice Afganistanu. Funkcj\u0119 dow\u00f3dcy 18. Bia\u0142ostockiego Pu\u0142ku Rozpoznawczego obj\u0105\u0142 z dniem 15 stycznia 2018 r., i pe\u0142ni\u0142 j\u0105 do wrze\u015bnia 2019 r. Wraz z odej\u015bciem z pu\u0142ku przeszed\u0142 do&nbsp;rezerwy.\t\t\t\t\t\t\t\t<\/div>\n\t\t\t\t<\/div>\n\t\t\t\t<div class=\"elementor-element elementor-element-6c17ba9 elementor-widget-divider--separator-type-pattern elementor-widget-divider--view-line elementor-widget elementor-widget-divider\" data-id=\"6c17ba9\" data-element_type=\"widget\" data-e-type=\"widget\" data-widget_type=\"divider.default\">\n\t\t\t\t<div class=\"elementor-widget-container\">\n\t\t\t\t\t\t\t<div class=\"elementor-divider\" style=\"--divider-pattern-url: url(&quot;data:image\/svg+xml,%3Csvg xmlns=&#039;http:\/\/www.w3.org\/2000\/svg&#039; preserveAspectRatio=&#039;none&#039; overflow=&#039;visible&#039; height=&#039;100%&#039; viewBox=&#039;0 0 20 16&#039; fill=&#039;none&#039; stroke=&#039;black&#039; stroke-width=&#039;1&#039; stroke-linecap=&#039;square&#039; stroke-miterlimit=&#039;10&#039;%3E%3Cg transform=&#039;translate(-12.000000, 0)&#039;%3E%3Cpath d=&#039;M28,0L10,18&#039;\/%3E%3Cpath d=&#039;M18,0L0,18&#039;\/%3E%3Cpath d=&#039;M48,0L30,18&#039;\/%3E%3Cpath d=&#039;M38,0L20,18&#039;\/%3E%3C\/g%3E%3C\/svg%3E&quot;);\">\n\t\t\t<span class=\"elementor-divider-separator\">\n\t\t\t\t\t\t<\/span>\n\t\t<\/div>\n\t\t\t\t\t\t<\/div>\n\t\t\t\t<\/div>\n\t\t\t\t\t<\/div>\n\t\t<\/div>\n\t\t\t\t\t<\/div>\n\t\t<\/section>\n\t\t\t\t<section class=\"elementor-section elementor-top-section elementor-element elementor-element-b40ef72 elementor-section-boxed elementor-section-height-default elementor-section-height-default\" data-id=\"b40ef72\" data-element_type=\"section\" data-e-type=\"section\" data-settings=\"{&quot;background_background&quot;:&quot;classic&quot;}\">\n\t\t\t\t\t\t<div class=\"elementor-container elementor-column-gap-default\">\n\t\t\t\t\t<div class=\"elementor-column elementor-col-100 elementor-top-column elementor-element elementor-element-28140f6\" data-id=\"28140f6\" data-element_type=\"column\" data-e-type=\"column\">\n\t\t\t<div class=\"elementor-widget-wrap elementor-element-populated\">\n\t\t\t\t\t\t<div class=\"elementor-element elementor-element-0d567d8 elementor-widget elementor-widget-text-editor\" data-id=\"0d567d8\" data-element_type=\"widget\" data-e-type=\"widget\" data-widget_type=\"text-editor.default\">\n\t\t\t\t<div class=\"elementor-widget-container\">\n\t\t\t\t\t\t\t\t\t<strong>Pu\u0142kownik Pawe\u0142 Adam Lachowski<\/strong> \u2013 ur. 6 grudnia 1971 r. Jest absolwentem Wy\u017cszej Szko\u0142y Oficerskiej im. Tadeusza Ko\u015bciuszki. Zawodowo zwi\u0105zany by\u0142 z&nbsp;2.&nbsp;Baz\u0105 Lotnicz\u0105, Sztabem Generalnym Wojska Polskiego, 1. Baz\u0105 Lotnictwa Taktycznego, Oddzia\u0142em Specjalnym \u017bandarmerii Wojskowej oraz Komend\u0105 G\u0142\u00f3wn\u0105 \u017bandarmerii Wojskowej. Funkcj\u0119 dow\u00f3dcy 18. Bia\u0142ostockiego Pu\u0142ku Rozpoznawczego obj\u0105\u0142 16 wrze\u015bnia 2019 r.\t\t\t\t\t\t\t\t<\/div>\n\t\t\t\t<\/div>\n\t\t\t\t<div class=\"elementor-element elementor-element-52e950c elementor-widget-divider--separator-type-pattern elementor-widget-divider--view-line elementor-widget elementor-widget-divider\" data-id=\"52e950c\" data-element_type=\"widget\" data-e-type=\"widget\" data-widget_type=\"divider.default\">\n\t\t\t\t<div class=\"elementor-widget-container\">\n\t\t\t\t\t\t\t<div class=\"elementor-divider\" style=\"--divider-pattern-url: url(&quot;data:image\/svg+xml,%3Csvg xmlns=&#039;http:\/\/www.w3.org\/2000\/svg&#039; preserveAspectRatio=&#039;none&#039; overflow=&#039;visible&#039; height=&#039;100%&#039; viewBox=&#039;0 0 20 16&#039; fill=&#039;none&#039; stroke=&#039;black&#039; stroke-width=&#039;1&#039; stroke-linecap=&#039;square&#039; stroke-miterlimit=&#039;10&#039;%3E%3Cg transform=&#039;translate(-12.000000, 0)&#039;%3E%3Cpath d=&#039;M28,0L10,18&#039;\/%3E%3Cpath d=&#039;M18,0L0,18&#039;\/%3E%3Cpath d=&#039;M48,0L30,18&#039;\/%3E%3Cpath d=&#039;M38,0L20,18&#039;\/%3E%3C\/g%3E%3C\/svg%3E&quot;);\">\n\t\t\t<span class=\"elementor-divider-separator\">\n\t\t\t\t\t\t<\/span>\n\t\t<\/div>\n\t\t\t\t\t\t<\/div>\n\t\t\t\t<\/div>\n\t\t\t\t\t<\/div>\n\t\t<\/div>\n\t\t\t\t\t<\/div>\n\t\t<\/section>\n\t\t\t\t<\/div>\n\t\t","protected":false},"excerpt":{"rendered":"<p>POCZET DOW\u00d3DC\u00d3W Pu\u0142kownik dyplomowany Piotr Oleszczak \u2013 ur. 2 kwietnia 1966 r. Jest absolwentem Wy\u017cszej Szko\u0142y Oficerskiej Wojsk Zmechanizowanych we Wroc\u0142awiu. Karier\u0119 wojskow\u0105 rozpocz\u0105\u0142 od s\u0142u\u017cby w 1. pu\u0142ku zmechanizowanym, obejmuj\u0105c kolejne stanowiska: dow\u00f3dcy plutonu, dow\u00f3dcy plutonu rozpoznawczego, dow\u00f3dcy kompanii. W 1994 r. obj\u0105\u0142 stanowisko kierownika sekcji rozpoznawczej w 9. Brygadzie Zmechanizowanej w Siedlcach, a [&hellip;]<\/p>\n","protected":false},"author":1,"featured_media":0,"parent":0,"menu_order":0,"comment_status":"closed","ping_status":"closed","template":"page-templates\/page_front-page.php","meta":{"footnotes":""},"class_list":["post-26","page","type-page","status-publish","hentry"],"_links":{"self":[{"href":"https:\/\/mwb.com.pl\/18pulk\/wp-json\/wp\/v2\/pages\/26","targetHints":{"allow":["GET"]}}],"collection":[{"href":"https:\/\/mwb.com.pl\/18pulk\/wp-json\/wp\/v2\/pages"}],"about":[{"href":"https:\/\/mwb.com.pl\/18pulk\/wp-json\/wp\/v2\/types\/page"}],"author":[{"embeddable":true,"href":"https:\/\/mwb.com.pl\/18pulk\/wp-json\/wp\/v2\/users\/1"}],"replies":[{"embeddable":true,"href":"https:\/\/mwb.com.pl\/18pulk\/wp-json\/wp\/v2\/comments?post=26"}],"version-history":[{"count":77,"href":"https:\/\/mwb.com.pl\/18pulk\/wp-json\/wp\/v2\/pages\/26\/revisions"}],"predecessor-version":[{"id":2019,"href":"https:\/\/mwb.com.pl\/18pulk\/wp-json\/wp\/v2\/pages\/26\/revisions\/2019"}],"wp:attachment":[{"href":"https:\/\/mwb.com.pl\/18pulk\/wp-json\/wp\/v2\/media?parent=26"}],"curies":[{"name":"wp","href":"https:\/\/api.w.org\/{rel}","templated":true}]}}