{"id":259,"date":"2021-02-10T15:31:38","date_gmt":"2021-02-10T14:31:38","guid":{"rendered":"https:\/\/mwb.com.pl\/18pulk\/?page_id=259"},"modified":"2022-03-03T11:09:08","modified_gmt":"2022-03-03T10:09:08","slug":"symbole-rewersu-sztandaru","status":"publish","type":"page","link":"https:\/\/mwb.com.pl\/18pulk\/symbole-i-barwy\/symbole-rewersu-sztandaru\/","title":{"rendered":"Symbole rewersu sztandaru"},"content":{"rendered":"\t\t<div data-elementor-type=\"wp-page\" data-elementor-id=\"259\" class=\"elementor elementor-259\">\n\t\t\t\t\t\t<section class=\"elementor-section elementor-top-section elementor-element elementor-element-9e06ce5 elementor-section-boxed elementor-section-height-default elementor-section-height-default\" data-id=\"9e06ce5\" data-element_type=\"section\" data-e-type=\"section\" data-settings=\"{&quot;background_background&quot;:&quot;classic&quot;}\">\n\t\t\t\t\t\t<div class=\"elementor-container elementor-column-gap-default\">\n\t\t\t\t\t<div class=\"elementor-column elementor-col-100 elementor-top-column elementor-element elementor-element-df3dbf0\" data-id=\"df3dbf0\" data-element_type=\"column\" data-e-type=\"column\">\n\t\t\t<div class=\"elementor-widget-wrap elementor-element-populated\">\n\t\t\t\t\t\t<div class=\"elementor-element elementor-element-527974d elementor-widget elementor-widget-heading\" data-id=\"527974d\" data-element_type=\"widget\" data-e-type=\"widget\" data-widget_type=\"heading.default\">\n\t\t\t\t<div class=\"elementor-widget-container\">\n\t\t\t\t\t<h2 class=\"elementor-heading-title elementor-size-default\">SYMBOLE REWERSU SZTANDARU<\/h2>\t\t\t\t<\/div>\n\t\t\t\t<\/div>\n\t\t\t\t\t<\/div>\n\t\t<\/div>\n\t\t\t\t\t<\/div>\n\t\t<\/section>\n\t\t\t\t<section class=\"elementor-section elementor-top-section elementor-element elementor-element-a261752 elementor-section-boxed elementor-section-height-default elementor-section-height-default\" data-id=\"a261752\" data-element_type=\"section\" data-e-type=\"section\" data-settings=\"{&quot;background_background&quot;:&quot;classic&quot;}\">\n\t\t\t\t\t\t<div class=\"elementor-container elementor-column-gap-default\">\n\t\t\t\t\t<div class=\"elementor-column elementor-col-100 elementor-top-column elementor-element elementor-element-685e879\" data-id=\"685e879\" data-element_type=\"column\" data-e-type=\"column\">\n\t\t\t<div class=\"elementor-widget-wrap elementor-element-populated\">\n\t\t\t\t\t\t<div class=\"elementor-element elementor-element-622614e elementor-widget elementor-widget-text-editor\" data-id=\"622614e\" data-element_type=\"widget\" data-e-type=\"widget\" data-widget_type=\"text-editor.default\">\n\t\t\t\t<div class=\"elementor-widget-container\">\n\t\t\t\t\t\t\t\t\t\n<style>\n\t#hotspot-522 .hotspots-image-container,\n\t#hotspot-522 .leaflet-container {\n\t\tbackground: #ffffff\t}\n\n\t#hotspot-522 .hotspots-placeholder {\n\t\tbackground: #ffffff;\n\t\tborder: 0 #ffffff solid;\n\t\tcolor: #284c2e;\n\t}\n\n\t#hotspot-522 .hotspot-title {\n\t\tcolor: #284c2e;\n\t}\n\n\t\t\t#hotspot-522 .hotspot-default {\n\t\t\tstroke-width: 1;\n\t\t\tfill: #ffffff;\n\t\t\tfill-opacity: 0;\n\t\t\tstroke: #ffffff;\n\t\t\tstroke-opacity: 0;\n\t\t}\n\t\t#hotspot-522 .hotspot-default:hover,\n\t\t#hotspot-522 .hotspot-default:focus-visible,\n\t\t#hotspot-522 .hotspot-default.hotspot-active {\n\t\t\tfill: #ffffff;\n\t\t\tfill-opacity: 0.11;\n\t\t\tstroke: #284c2e;\n\t\t\tstroke-opacity: 1.01;\n\t\t}\n\t\t#hotspot-522 .leaflet-tooltip,\n\t#hotspot-522 .leaflet-rrose-content-wrapper {\n\t\tbackground: #ffffff;\n\t\tborder-color: #ffffff;\n\t\tcolor: #284c2e;\n\t}\n\n\t#hotspot-522 a.leaflet-rrose-close-button {\n\t\tcolor: #284c2e;\n\t}\n\n\t#hotspot-522 .leaflet-rrose-tip {\n\t\tbackground: #ffffff;\n\t}\n\n\t#hotspot-522 .leaflet-popup-scrolled {\n\t\tborder-bottom-color: #284c2e;\n\t\tborder-top-color: #284c2e;\n\t}\n\n\t#hotspot-522 .leaflet-tooltip-top:before {\n\t\tborder-top-color: #ffffff;\n\t}\n\n\t#hotspot-522 .leaflet-tooltip-bottom:before {\n\t\tborder-bottom-color: #ffffff;\n\t}\n\t#hotspot-522 .leaflet-tooltip-left:before {\n\t\tborder-left-color: #ffffff;\n\t}\n\t#hotspot-522 .leaflet-tooltip-right:before {\n\t\tborder-right-color: #ffffff;\n\t}\n<\/style>\n\n\t\n\t<div class=\"hotspots-container  layout-left event-click\" id=\"hotspot-522\" data-layout=\"left\" data-trigger=\"click\">\n\t\t<div class=\"hotspots-interaction\">\n\t\t\t\t<div class=\"hotspots-placeholder\" id=\"content-hotspot-522\">\n\t\t<div class=\"hotspot-initial\">\n\t\t\t\t\t\t\t\t\t<h2 class=\"hotspot-title\">\n\t\t\t\tObraz interaktywny\t\t\t<\/h2>\n\t\t\t\t\t\t<div class=\"hotspot-content\">\n\t\t\t\t\t\t\t\t\t<p>Prosz\u0119 klikn\u0105\u0107 jeden z czterech symboli na zdj\u0119ciu obok aby przeczyta\u0107 opis.<\/p>\n\t\t\t\t\t\t\t<\/div>\n\t\t<\/div>\n\t<\/div>\n<div class=\"hotspots-image-container\">\n\t<img\n\t\twidth=\"602\"\n\t\theight=\"600\"\n\t\tsrc=\"https:\/\/mwb.com.pl\/18pulk\/wp-content\/uploads\/2021\/02\/4.jpg\"\n\t\talt=\"Rewers sztandaru 18. Bia\u0142ostockiego Pu\u0142ku Rozpoznawczego\"\n\t\tclass=\"hotspots-image skip-lazy\"\n\t\tusemap=\"#hotspots-image-522\"\n\t\tdata-image-title=\"Obraz interaktywny\"\n\t\tdata-image-description=\"Prosz\u0119 klikn\u0105\u0107 jeden z czterech symboli na zdj\u0119ciu obok aby przeczyta\u0107 opis.\"\n\t\tdata-event-trigger=\"click\"\n\t\tdata-always-visible=\"false\"\n\t\tdata-id=\"522\"\n\t\tdata-no-lazy=\"1\"\n\t\tdata-lazy-src=\"\"\n\t\tdata-lazy=\"false\"\n\t\tloading=\"eager\"\n\t\tdata-skip-lazy=\"1\"\n\t\t>\n<\/div>\t\t<\/div>\n\t\t<map name=\"hotspots-image-522\" class=\"hotspots-map\">\n\t\t\t\t\t\t\t\t\t\t\t<area\n\t\t\t\t\tshape=\"polygon\"\n\t\t\t\t\tcoords=\"127,118,127,187,201,187,201,118\"\n\t\t\t\t\thref=\"#hotspot-hotspot-522-0\"\n\t\t\t\t\trel=\"\"\n\t\t\t\t\ttitle=\"Odznaka pami\u0105tkowa 18. Dywizji Piechoty (1918-1939)\"\n\t\t\t\t\talt=\"Odznaka pami\u0105tkowa 18. Dywizji Piechoty (1918-1939)\"\n\t\t\t\t\tdata-action=\"\"\n\t\t\t\t\tdata-color-scheme=\"\"\n\t\t\t\t\ttarget=\"\"\n\t\t\t\t\tclass=\"more-info-area\"\n\t\t\t\t\t>\n\t\t\t\t\t\t\t\t\t\t\t<area\n\t\t\t\t\tshape=\"polygon\"\n\t\t\t\t\tcoords=\"417,114,418,188,496,189,497,114\"\n\t\t\t\t\thref=\"#hotspot-hotspot-522-1\"\n\t\t\t\t\trel=\"\"\n\t\t\t\t\ttitle=\"Herb miasta Bia\u0142egostoku uchwalony 27 lutego 1995 r.\"\n\t\t\t\t\talt=\"Herb miasta Bia\u0142egostoku uchwalony 27 lutego 1995 r.\"\n\t\t\t\t\tdata-action=\"\"\n\t\t\t\t\tdata-color-scheme=\"\"\n\t\t\t\t\ttarget=\"\"\n\t\t\t\t\tclass=\"more-info-area\"\n\t\t\t\t\t>\n\t\t\t\t\t\t\t\t\t\t\t<area\n\t\t\t\t\tshape=\"polygon\"\n\t\t\t\t\tcoords=\"413,424,412,492,491,494,491,426\"\n\t\t\t\t\thref=\"#hotspot-hotspot-522-2\"\n\t\t\t\t\trel=\"\"\n\t\t\t\t\ttitle=\"Odznaka pami\u0105tkowa 10. Pu\u0142ku U\u0142an\u00f3w Litewskich\"\n\t\t\t\t\talt=\"Odznaka pami\u0105tkowa 10. Pu\u0142ku U\u0142an\u00f3w Litewskich\"\n\t\t\t\t\tdata-action=\"\"\n\t\t\t\t\tdata-color-scheme=\"\"\n\t\t\t\t\ttarget=\"\"\n\t\t\t\t\tclass=\"more-info-area\"\n\t\t\t\t\t>\n\t\t\t\t\t\t\t\t\t\t\t<area\n\t\t\t\t\tshape=\"polygon\"\n\t\t\t\t\tcoords=\"109,414,108,485,193,488,193,416\"\n\t\t\t\t\thref=\"#hotspot-hotspot-522-3\"\n\t\t\t\t\trel=\"\"\n\t\t\t\t\ttitle=\"Odznaka pami\u0105tkowa 42. Pu\u0142ku Piechoty im. H. D\u0105browskiego\"\n\t\t\t\t\talt=\"Odznaka pami\u0105tkowa 42. Pu\u0142ku Piechoty im. H. D\u0105browskiego\"\n\t\t\t\t\tdata-action=\"\"\n\t\t\t\t\tdata-color-scheme=\"\"\n\t\t\t\t\ttarget=\"\"\n\t\t\t\t\tclass=\"more-info-area\"\n\t\t\t\t\t>\n\t\t\t\t\t<\/map>\n\n\t\t\n\t\t\t\t\t\n\t\t\t\t\t\t<div class=\"hotspot-info \" id=\"hotspot-hotspot-522-0\">\n\t\t\t\t\n\t\t\t\t<h2 class=\"hotspot-title\">Odznaka pami\u0105tkowa 18. Dywizji Piechoty (1918-1939)<\/h2>\t\t\t\t\t\t\t\t\t<div class=\"hotspot-thumb\">\n\t\t\t\t\t\t<img fetchpriority=\"high\" decoding=\"async\" width=\"300\" height=\"347\" src=\"https:\/\/mwb.com.pl\/18pulk\/wp-content\/uploads\/2021\/02\/1-2.jpg\" class=\"attachment-large size-large\" alt=\"Odznaka pami\u0105tkowa 18. Dywizji Piechoty (1918-1939)\" srcset=\"https:\/\/mwb.com.pl\/18pulk\/wp-content\/uploads\/2021\/02\/1-2.jpg 300w, https:\/\/mwb.com.pl\/18pulk\/wp-content\/uploads\/2021\/02\/1-2-259x300.jpg 259w, https:\/\/mwb.com.pl\/18pulk\/wp-content\/uploads\/2021\/02\/1-2-230x266.jpg 230w\" sizes=\"(max-width: 300px) 100vw, 300px\" \/>\t\t\t\t\t<\/div>\n\t\t\t\t\t\t\t\t<div class=\"hotspot-content\">\n\t\t\t\t\t<p>Sk\u0142ada si\u0119 ze stylizowanej tarczy herbowej z dwoma skrzy\u017cowanymi mieczami. Na tarczy umieszczono or\u0142a Armii Polskiej we Francji z&nbsp;liczb\u0105 \u201e18\u201d i liter\u0105 \u201eK\u201d,\u00a0 upami\u0119tniaj\u0105c\u0105 pierwszego dow\u00f3dc\u0119 18. DP gen. Franciszka Krajowskiego.<\/p>\n\t\t\t\t<\/div>\n\t\t\t<\/div>\n\t\t\t\t\t\n\t\t\t\t\t\t<div class=\"hotspot-info \" id=\"hotspot-hotspot-522-1\">\n\t\t\t\t\n\t\t\t\t<h2 class=\"hotspot-title\">Herb miasta Bia\u0142egostoku uchwalony 27 lutego 1995 r.<\/h2>\t\t\t\t\t\t\t\t\t<div class=\"hotspot-thumb\">\n\t\t\t\t\t\t<img decoding=\"async\" width=\"300\" height=\"366\" src=\"https:\/\/mwb.com.pl\/18pulk\/wp-content\/uploads\/2021\/02\/2-8.jpg\" class=\"attachment-large size-large\" alt=\"Herb miasta Bia\u0142egostoku uchwalony 27 lutego 1995 r.\" srcset=\"https:\/\/mwb.com.pl\/18pulk\/wp-content\/uploads\/2021\/02\/2-8.jpg 300w, https:\/\/mwb.com.pl\/18pulk\/wp-content\/uploads\/2021\/02\/2-8-246x300.jpg 246w, https:\/\/mwb.com.pl\/18pulk\/wp-content\/uploads\/2021\/02\/2-8-230x281.jpg 230w\" sizes=\"(max-width: 300px) 100vw, 300px\" \/>\t\t\t\t\t<\/div>\n\t\t\t\t\t\t\t\t<div class=\"hotspot-content\">\n\t\t\t\t\t<p>Sk\u0142ada si\u0119 z tarczy herbowej dzielonej w pas. Na g\u00f3rnej, czerwonej cz\u0119\u015bci, umieszczono or\u0142a w koronie. W dolnej, z\u0142otej cz\u0119\u015bci, znajduje si\u0119 Pogo\u0144 Litewska.<\/p>\n\t\t\t\t<\/div>\n\t\t\t<\/div>\n\t\t\t\t\t\n\t\t\t\t\t\t<div class=\"hotspot-info \" id=\"hotspot-hotspot-522-2\">\n\t\t\t\t\n\t\t\t\t<h2 class=\"hotspot-title\">Odznaka pami\u0105tkowa 10. Pu\u0142ku U\u0142an\u00f3w Litewskich<\/h2>\t\t\t\t\t\t\t\t\t<div class=\"hotspot-thumb\">\n\t\t\t\t\t\t<img decoding=\"async\" width=\"300\" height=\"451\" src=\"https:\/\/mwb.com.pl\/18pulk\/wp-content\/uploads\/2021\/02\/3-2.jpg\" class=\"attachment-large size-large\" alt=\"Odznaka pami\u0105tkowa 10. Pu\u0142ku U\u0142an\u00f3w Litewskich\" srcset=\"https:\/\/mwb.com.pl\/18pulk\/wp-content\/uploads\/2021\/02\/3-2.jpg 300w, https:\/\/mwb.com.pl\/18pulk\/wp-content\/uploads\/2021\/02\/3-2-200x300.jpg 200w, https:\/\/mwb.com.pl\/18pulk\/wp-content\/uploads\/2021\/02\/3-2-230x346.jpg 230w\" sizes=\"(max-width: 300px) 100vw, 300px\" \/>\t\t\t\t\t<\/div>\n\t\t\t\t\t\t\t\t<div class=\"hotspot-content\">\n\t\t\t\t\t<p>G\u0142\u00f3wnym motywem odznaki jest orze\u0142 jagiello\u0144ski z zamieszczon\u0105 na piersi tarcz\u0105 w barwach proporczyka pu\u0142kowego. Or\u0142a na\u0142o\u017cono na podkow\u0119, natomiast w polu pod or\u0142em znajduje si\u0119 tarcza herbowa z god\u0142em \u201ePogo\u0144\u201d.<\/p>\n\t\t\t\t<\/div>\n\t\t\t<\/div>\n\t\t\t\t\t\n\t\t\t\t\t\t<div class=\"hotspot-info \" id=\"hotspot-hotspot-522-3\">\n\t\t\t\t\n\t\t\t\t<h2 class=\"hotspot-title\">Odznaka pami\u0105tkowa 42. Pu\u0142ku Piechoty im. H. D\u0105browskiego<\/h2>\t\t\t\t\t\t\t\t\t<div class=\"hotspot-thumb\">\n\t\t\t\t\t\t<img loading=\"lazy\" decoding=\"async\" width=\"300\" height=\"282\" src=\"https:\/\/mwb.com.pl\/18pulk\/wp-content\/uploads\/2021\/02\/4-9.jpg\" class=\"attachment-large size-large\" alt=\"Odznaka pami\u0105tkowa 42. Pu\u0142ku Piechoty im. H. D\u0105browskiego\" srcset=\"https:\/\/mwb.com.pl\/18pulk\/wp-content\/uploads\/2021\/02\/4-9.jpg 300w, https:\/\/mwb.com.pl\/18pulk\/wp-content\/uploads\/2021\/02\/4-9-230x216.jpg 230w\" sizes=\"(max-width: 300px) 100vw, 300px\" \/>\t\t\t\t\t<\/div>\n\t\t\t\t\t\t\t\t<div class=\"hotspot-content\">\n\t\t\t\t\t<p>Jej wz\u00f3r przedstawia bia\u0142y emaliowany krzy\u017c na\u0142o\u017cony na wieniec laurowy. Na \u015brodku krzy\u017ca w czerwonej obw\u00f3dce, znajduje si\u0119 miniatura or\u0142a z chor\u0105gwi pu\u0142kowej z wpisanym poni\u017cej numerem 42. Mi\u0119dzy ramionami krzy\u017ca umieszczono pi\u0119\u0107 owalnych tarcz z&nbsp;nast\u0119puj\u0105cymi emblematami (od lewego g\u00f3rnego rogu): miniatura odznaki Armii Polskiej we Francji, herb miasta Bia\u0142ystok, g\u0142owa kobieca \u2013 symbol Francji, miejsca wa\u017cnych bitw pu\u0142ku z roku 1920 \u2013 Struga, Dubienka, M\u0142awa oraz herb Kr\u00f3lestwa W\u0142oskiego.<\/p>\n\t\t\t\t<\/div>\n\t\t\t<\/div>\n\t\t\t<\/div>\n\n\t\t\t\t\t\t\t\t<\/div>\n\t\t\t\t<\/div>\n\t\t\t\t\t<\/div>\n\t\t<\/div>\n\t\t\t\t\t<\/div>\n\t\t<\/section>\n\t\t\t\t<\/div>\n\t\t","protected":false},"excerpt":{"rendered":"<p>SYMBOLE REWERSU SZTANDARU<\/p>\n","protected":false},"author":1,"featured_media":0,"parent":18,"menu_order":0,"comment_status":"closed","ping_status":"closed","template":"page-templates\/page_front-page.php","meta":{"footnotes":""},"class_list":["post-259","page","type-page","status-publish","hentry"],"_links":{"self":[{"href":"https:\/\/mwb.com.pl\/18pulk\/wp-json\/wp\/v2\/pages\/259","targetHints":{"allow":["GET"]}}],"collection":[{"href":"https:\/\/mwb.com.pl\/18pulk\/wp-json\/wp\/v2\/pages"}],"about":[{"href":"https:\/\/mwb.com.pl\/18pulk\/wp-json\/wp\/v2\/types\/page"}],"author":[{"embeddable":true,"href":"https:\/\/mwb.com.pl\/18pulk\/wp-json\/wp\/v2\/users\/1"}],"replies":[{"embeddable":true,"href":"https:\/\/mwb.com.pl\/18pulk\/wp-json\/wp\/v2\/comments?post=259"}],"version-history":[{"count":11,"href":"https:\/\/mwb.com.pl\/18pulk\/wp-json\/wp\/v2\/pages\/259\/revisions"}],"predecessor-version":[{"id":2046,"href":"https:\/\/mwb.com.pl\/18pulk\/wp-json\/wp\/v2\/pages\/259\/revisions\/2046"}],"up":[{"embeddable":true,"href":"https:\/\/mwb.com.pl\/18pulk\/wp-json\/wp\/v2\/pages\/18"}],"wp:attachment":[{"href":"https:\/\/mwb.com.pl\/18pulk\/wp-json\/wp\/v2\/media?parent=259"}],"curies":[{"name":"wp","href":"https:\/\/api.w.org\/{rel}","templated":true}]}}