{"id":16,"date":"2022-07-12T10:40:02","date_gmt":"2022-07-12T08:40:02","guid":{"rendered":"https:\/\/mwb.com.pl\/11stu\/?page_id=16"},"modified":"2022-09-19T07:47:20","modified_gmt":"2022-09-19T05:47:20","slug":"11-stu","status":"publish","type":"page","link":"https:\/\/mwb.com.pl\/11stu\/11-stu\/","title":{"rendered":"11-stu"},"content":{"rendered":"\t\t<div data-elementor-type=\"wp-page\" data-elementor-id=\"16\" class=\"elementor elementor-16\">\n\t\t\t\t\t\t<section class=\"elementor-section elementor-top-section elementor-element elementor-element-12b02a5 elementor-section-boxed elementor-section-height-default elementor-section-height-default\" data-id=\"12b02a5\" data-element_type=\"section\" data-e-type=\"section\">\n\t\t\t\t\t\t<div class=\"elementor-container elementor-column-gap-default\">\n\t\t\t\t\t<div class=\"elementor-column elementor-col-100 elementor-top-column elementor-element elementor-element-e8839f8\" data-id=\"e8839f8\" data-element_type=\"column\" data-e-type=\"column\">\n\t\t\t<div class=\"elementor-widget-wrap elementor-element-populated\">\n\t\t\t\t\t\t<div class=\"elementor-element elementor-element-c617bd7 elementor-widget elementor-widget-spacer\" data-id=\"c617bd7\" data-element_type=\"widget\" data-e-type=\"widget\" data-widget_type=\"spacer.default\">\n\t\t\t\t<div class=\"elementor-widget-container\">\n\t\t\t\t\t\t\t<div class=\"elementor-spacer\">\n\t\t\t<div class=\"elementor-spacer-inner\"><\/div>\n\t\t<\/div>\n\t\t\t\t\t\t<\/div>\n\t\t\t\t<\/div>\n\t\t\t\t\t<\/div>\n\t\t<\/div>\n\t\t\t\t\t<\/div>\n\t\t<\/section>\n\t\t\t\t<section class=\"elementor-section elementor-top-section elementor-element elementor-element-4c166ef elementor-section-boxed elementor-section-height-default elementor-section-height-default\" data-id=\"4c166ef\" data-element_type=\"section\" data-e-type=\"section\">\n\t\t\t\t\t\t<div class=\"elementor-container elementor-column-gap-default\">\n\t\t\t\t\t<div class=\"elementor-column elementor-col-100 elementor-top-column elementor-element elementor-element-a8223eb\" data-id=\"a8223eb\" data-element_type=\"column\" data-e-type=\"column\">\n\t\t\t<div class=\"elementor-widget-wrap elementor-element-populated\">\n\t\t\t\t\t\t<div class=\"elementor-element elementor-element-258c9ff elementor-widget elementor-widget-heading\" data-id=\"258c9ff\" data-element_type=\"widget\" data-e-type=\"widget\" data-widget_type=\"heading.default\">\n\t\t\t\t<div class=\"elementor-widget-container\">\n\t\t\t\t\t<h4 class=\"elementor-heading-title elementor-size-default\">Bohaterowie bia\u0142ostockiej niepodleg\u0142o\u015bci<\/h4>\t\t\t\t<\/div>\n\t\t\t\t<\/div>\n\t\t\t\t\t<\/div>\n\t\t<\/div>\n\t\t\t\t\t<\/div>\n\t\t<\/section>\n\t\t\t\t<section class=\"elementor-section elementor-top-section elementor-element elementor-element-de2c088 elementor-section-boxed elementor-section-height-default elementor-section-height-default\" data-id=\"de2c088\" data-element_type=\"section\" data-e-type=\"section\">\n\t\t\t\t\t\t<div class=\"elementor-container elementor-column-gap-default\">\n\t\t\t\t\t<div class=\"elementor-column elementor-col-33 elementor-top-column elementor-element elementor-element-0d9e4aa\" data-id=\"0d9e4aa\" data-element_type=\"column\" data-e-type=\"column\">\n\t\t\t<div class=\"elementor-widget-wrap elementor-element-populated\">\n\t\t\t\t\t\t<div class=\"elementor-element elementor-element-1b6f32b elementor-widget elementor-widget-image\" data-id=\"1b6f32b\" data-element_type=\"widget\" data-e-type=\"widget\" data-widget_type=\"image.default\">\n\t\t\t\t<div class=\"elementor-widget-container\">\n\t\t\t\t\t\t\t\t\t\t\t\t<figure class=\"wp-caption\">\n\t\t\t\t\t\t\t\t\t\t\t<a href=\"https:\/\/mwb.com.pl\/11stu\/wp-content\/uploads\/biogramy\/markiewicz.pdf\">\n\t\t\t\t\t\t\t<img fetchpriority=\"high\" decoding=\"async\" width=\"682\" height=\"951\" src=\"https:\/\/mwb.com.pl\/11stu\/wp-content\/uploads\/2022\/09\/w_08.jpg\" class=\"elementor-animation-grow attachment-full size-full wp-image-405\" alt=\"kpt. Stanis\u0142aw Markiewicz\" srcset=\"https:\/\/mwb.com.pl\/11stu\/wp-content\/uploads\/2022\/09\/w_08.jpg 682w, https:\/\/mwb.com.pl\/11stu\/wp-content\/uploads\/2022\/09\/w_08-215x300.jpg 215w, https:\/\/mwb.com.pl\/11stu\/wp-content\/uploads\/2022\/09\/w_08-230x321.jpg 230w, https:\/\/mwb.com.pl\/11stu\/wp-content\/uploads\/2022\/09\/w_08-350x488.jpg 350w, https:\/\/mwb.com.pl\/11stu\/wp-content\/uploads\/2022\/09\/w_08-480x669.jpg 480w\" sizes=\"(max-width: 682px) 100vw, 682px\" \/>\t\t\t\t\t\t\t\t<\/a>\n\t\t\t\t\t\t\t\t\t\t\t<figcaption class=\"widget-image-caption wp-caption-text\">kpt. Stanis\u0142aw Markiewicz<\/figcaption>\n\t\t\t\t\t\t\t\t\t\t<\/figure>\n\t\t\t\t\t\t\t\t\t<\/div>\n\t\t\t\t<\/div>\n\t\t\t\t\t<\/div>\n\t\t<\/div>\n\t\t\t\t<div class=\"elementor-column elementor-col-33 elementor-top-column elementor-element elementor-element-c629606\" data-id=\"c629606\" data-element_type=\"column\" data-e-type=\"column\">\n\t\t\t<div class=\"elementor-widget-wrap elementor-element-populated\">\n\t\t\t\t\t\t<div class=\"elementor-element elementor-element-6fd6308 elementor-widget elementor-widget-image\" data-id=\"6fd6308\" data-element_type=\"widget\" data-e-type=\"widget\" data-widget_type=\"image.default\">\n\t\t\t\t<div class=\"elementor-widget-container\">\n\t\t\t\t\t\t\t\t\t\t\t\t<figure class=\"wp-caption\">\n\t\t\t\t\t\t\t\t\t\t\t<a href=\"https:\/\/mwb.com.pl\/11stu\/wp-content\/uploads\/biogramy\/mikolajewski.pdf\">\n\t\t\t\t\t\t\t<img decoding=\"async\" width=\"682\" height=\"951\" src=\"https:\/\/mwb.com.pl\/11stu\/wp-content\/uploads\/2022\/09\/w_09.jpg\" class=\"elementor-animation-grow attachment-full size-full wp-image-406\" alt=\"Kazimierz Miko\u0142ajewski\" srcset=\"https:\/\/mwb.com.pl\/11stu\/wp-content\/uploads\/2022\/09\/w_09.jpg 682w, https:\/\/mwb.com.pl\/11stu\/wp-content\/uploads\/2022\/09\/w_09-215x300.jpg 215w, https:\/\/mwb.com.pl\/11stu\/wp-content\/uploads\/2022\/09\/w_09-230x321.jpg 230w, https:\/\/mwb.com.pl\/11stu\/wp-content\/uploads\/2022\/09\/w_09-350x488.jpg 350w, https:\/\/mwb.com.pl\/11stu\/wp-content\/uploads\/2022\/09\/w_09-480x669.jpg 480w\" sizes=\"(max-width: 682px) 100vw, 682px\" \/>\t\t\t\t\t\t\t\t<\/a>\n\t\t\t\t\t\t\t\t\t\t\t<figcaption class=\"widget-image-caption wp-caption-text\">kpr. Kazimierz Miko\u0142ajewski<\/figcaption>\n\t\t\t\t\t\t\t\t\t\t<\/figure>\n\t\t\t\t\t\t\t\t\t<\/div>\n\t\t\t\t<\/div>\n\t\t\t\t\t<\/div>\n\t\t<\/div>\n\t\t\t\t<div class=\"elementor-column elementor-col-33 elementor-top-column elementor-element elementor-element-5d75f6b\" data-id=\"5d75f6b\" data-element_type=\"column\" data-e-type=\"column\">\n\t\t\t<div class=\"elementor-widget-wrap elementor-element-populated\">\n\t\t\t\t\t\t<div class=\"elementor-element elementor-element-efa8c9e elementor-widget elementor-widget-image\" data-id=\"efa8c9e\" data-element_type=\"widget\" data-e-type=\"widget\" data-widget_type=\"image.default\">\n\t\t\t\t<div class=\"elementor-widget-container\">\n\t\t\t\t\t\t\t\t\t\t\t\t<figure class=\"wp-caption\">\n\t\t\t\t\t\t\t\t\t\t\t<a href=\"https:\/\/mwb.com.pl\/11stu\/wp-content\/uploads\/biogramy\/gasiorowski.pdf\">\n\t\t\t\t\t\t\t<img decoding=\"async\" width=\"682\" height=\"951\" src=\"https:\/\/mwb.com.pl\/11stu\/wp-content\/uploads\/2022\/09\/w_02.jpg\" class=\"elementor-animation-grow attachment-full size-full wp-image-360\" alt=\"gen. Janusz G\u0105siorowski\" srcset=\"https:\/\/mwb.com.pl\/11stu\/wp-content\/uploads\/2022\/09\/w_02.jpg 682w, https:\/\/mwb.com.pl\/11stu\/wp-content\/uploads\/2022\/09\/w_02-215x300.jpg 215w, https:\/\/mwb.com.pl\/11stu\/wp-content\/uploads\/2022\/09\/w_02-230x321.jpg 230w, https:\/\/mwb.com.pl\/11stu\/wp-content\/uploads\/2022\/09\/w_02-350x488.jpg 350w, https:\/\/mwb.com.pl\/11stu\/wp-content\/uploads\/2022\/09\/w_02-480x669.jpg 480w\" sizes=\"(max-width: 682px) 100vw, 682px\" \/>\t\t\t\t\t\t\t\t<\/a>\n\t\t\t\t\t\t\t\t\t\t\t<figcaption class=\"widget-image-caption wp-caption-text\">gen. Janusz G\u0105siorowski<\/figcaption>\n\t\t\t\t\t\t\t\t\t\t<\/figure>\n\t\t\t\t\t\t\t\t\t<\/div>\n\t\t\t\t<\/div>\n\t\t\t\t\t<\/div>\n\t\t<\/div>\n\t\t\t\t\t<\/div>\n\t\t<\/section>\n\t\t\t\t<section class=\"elementor-section elementor-top-section elementor-element elementor-element-dcd0665 elementor-section-boxed elementor-section-height-default elementor-section-height-default\" data-id=\"dcd0665\" data-element_type=\"section\" data-e-type=\"section\">\n\t\t\t\t\t\t<div class=\"elementor-container elementor-column-gap-default\">\n\t\t\t\t\t<div class=\"elementor-column elementor-col-33 elementor-top-column elementor-element elementor-element-6b228e1\" data-id=\"6b228e1\" data-element_type=\"column\" data-e-type=\"column\">\n\t\t\t<div class=\"elementor-widget-wrap elementor-element-populated\">\n\t\t\t\t\t\t<div class=\"elementor-element elementor-element-3a1ff5b elementor-widget elementor-widget-image\" data-id=\"3a1ff5b\" data-element_type=\"widget\" data-e-type=\"widget\" data-widget_type=\"image.default\">\n\t\t\t\t<div class=\"elementor-widget-container\">\n\t\t\t\t\t\t\t\t\t\t\t\t<figure class=\"wp-caption\">\n\t\t\t\t\t\t\t\t\t\t\t<a href=\"https:\/\/mwb.com.pl\/11stu\/wp-content\/uploads\/biogramy\/gorka.pdf\">\n\t\t\t\t\t\t\t<img loading=\"lazy\" decoding=\"async\" width=\"682\" height=\"951\" src=\"https:\/\/mwb.com.pl\/11stu\/wp-content\/uploads\/2022\/09\/w_03.jpg\" class=\"elementor-animation-grow attachment-full size-full wp-image-368\" alt=\"rtm. Olgierd G\u00f3rka\" srcset=\"https:\/\/mwb.com.pl\/11stu\/wp-content\/uploads\/2022\/09\/w_03.jpg 682w, https:\/\/mwb.com.pl\/11stu\/wp-content\/uploads\/2022\/09\/w_03-215x300.jpg 215w, https:\/\/mwb.com.pl\/11stu\/wp-content\/uploads\/2022\/09\/w_03-230x321.jpg 230w, https:\/\/mwb.com.pl\/11stu\/wp-content\/uploads\/2022\/09\/w_03-350x488.jpg 350w, https:\/\/mwb.com.pl\/11stu\/wp-content\/uploads\/2022\/09\/w_03-480x669.jpg 480w\" sizes=\"(max-width: 682px) 100vw, 682px\" \/>\t\t\t\t\t\t\t\t<\/a>\n\t\t\t\t\t\t\t\t\t\t\t<figcaption class=\"widget-image-caption wp-caption-text\">rtm. Olgierd G\u00f3rka<\/figcaption>\n\t\t\t\t\t\t\t\t\t\t<\/figure>\n\t\t\t\t\t\t\t\t\t<\/div>\n\t\t\t\t<\/div>\n\t\t\t\t\t<\/div>\n\t\t<\/div>\n\t\t\t\t<div class=\"elementor-column elementor-col-33 elementor-top-column elementor-element elementor-element-ba121c0\" data-id=\"ba121c0\" data-element_type=\"column\" data-e-type=\"column\">\n\t\t\t<div class=\"elementor-widget-wrap elementor-element-populated\">\n\t\t\t\t\t\t<div class=\"elementor-element elementor-element-26822c1 elementor-widget elementor-widget-image\" data-id=\"26822c1\" data-element_type=\"widget\" data-e-type=\"widget\" data-widget_type=\"image.default\">\n\t\t\t\t<div class=\"elementor-widget-container\">\n\t\t\t\t\t\t\t\t\t\t\t\t<figure class=\"wp-caption\">\n\t\t\t\t\t\t\t\t\t\t\t<a href=\"https:\/\/mwb.com.pl\/11stu\/wp-content\/uploads\/biogramy\/januszajtis.pdf\">\n\t\t\t\t\t\t\t<img loading=\"lazy\" decoding=\"async\" width=\"682\" height=\"951\" src=\"https:\/\/mwb.com.pl\/11stu\/wp-content\/uploads\/2022\/09\/w_06.jpg\" class=\"elementor-animation-grow attachment-full size-full wp-image-400\" alt=\"Marian J\u00f3zef \u017begota-Januszajtis\" srcset=\"https:\/\/mwb.com.pl\/11stu\/wp-content\/uploads\/2022\/09\/w_06.jpg 682w, https:\/\/mwb.com.pl\/11stu\/wp-content\/uploads\/2022\/09\/w_06-215x300.jpg 215w, https:\/\/mwb.com.pl\/11stu\/wp-content\/uploads\/2022\/09\/w_06-230x321.jpg 230w, https:\/\/mwb.com.pl\/11stu\/wp-content\/uploads\/2022\/09\/w_06-350x488.jpg 350w, https:\/\/mwb.com.pl\/11stu\/wp-content\/uploads\/2022\/09\/w_06-480x669.jpg 480w\" sizes=\"(max-width: 682px) 100vw, 682px\" \/>\t\t\t\t\t\t\t\t<\/a>\n\t\t\t\t\t\t\t\t\t\t\t<figcaption class=\"widget-image-caption wp-caption-text\">gen. Marian J\u00f3zef \u017begota-Januszajtis<\/figcaption>\n\t\t\t\t\t\t\t\t\t\t<\/figure>\n\t\t\t\t\t\t\t\t\t<\/div>\n\t\t\t\t<\/div>\n\t\t\t\t\t<\/div>\n\t\t<\/div>\n\t\t\t\t<div class=\"elementor-column elementor-col-33 elementor-top-column elementor-element elementor-element-74213fd\" data-id=\"74213fd\" data-element_type=\"column\" data-e-type=\"column\">\n\t\t\t<div class=\"elementor-widget-wrap elementor-element-populated\">\n\t\t\t\t\t\t<div class=\"elementor-element elementor-element-57a1dab elementor-widget elementor-widget-image\" data-id=\"57a1dab\" data-element_type=\"widget\" data-e-type=\"widget\" data-widget_type=\"image.default\">\n\t\t\t\t<div class=\"elementor-widget-container\">\n\t\t\t\t\t\t\t\t\t\t\t\t<figure class=\"wp-caption\">\n\t\t\t\t\t\t\t\t\t\t\t<a href=\"https:\/\/mwb.com.pl\/11stu\/wp-content\/uploads\/biogramy\/paslawski.pdf\">\n\t\t\t\t\t\t\t<img loading=\"lazy\" decoding=\"async\" width=\"682\" height=\"951\" src=\"https:\/\/mwb.com.pl\/11stu\/wp-content\/uploads\/2022\/09\/w_10.jpg\" class=\"elementor-animation-grow attachment-full size-full wp-image-410\" alt=\"gen. Stefan Wiktor Pas\u0142awski\" srcset=\"https:\/\/mwb.com.pl\/11stu\/wp-content\/uploads\/2022\/09\/w_10.jpg 682w, https:\/\/mwb.com.pl\/11stu\/wp-content\/uploads\/2022\/09\/w_10-215x300.jpg 215w, https:\/\/mwb.com.pl\/11stu\/wp-content\/uploads\/2022\/09\/w_10-230x321.jpg 230w, https:\/\/mwb.com.pl\/11stu\/wp-content\/uploads\/2022\/09\/w_10-350x488.jpg 350w, https:\/\/mwb.com.pl\/11stu\/wp-content\/uploads\/2022\/09\/w_10-480x669.jpg 480w\" sizes=\"(max-width: 682px) 100vw, 682px\" \/>\t\t\t\t\t\t\t\t<\/a>\n\t\t\t\t\t\t\t\t\t\t\t<figcaption class=\"widget-image-caption wp-caption-text\">gen. Stefan Wiktor Pas\u0142awski<\/figcaption>\n\t\t\t\t\t\t\t\t\t\t<\/figure>\n\t\t\t\t\t\t\t\t\t<\/div>\n\t\t\t\t<\/div>\n\t\t\t\t\t<\/div>\n\t\t<\/div>\n\t\t\t\t\t<\/div>\n\t\t<\/section>\n\t\t\t\t<section class=\"elementor-section elementor-top-section elementor-element elementor-element-8f483b2 elementor-section-boxed elementor-section-height-default elementor-section-height-default\" data-id=\"8f483b2\" data-element_type=\"section\" data-e-type=\"section\">\n\t\t\t\t\t\t<div class=\"elementor-container elementor-column-gap-default\">\n\t\t\t\t\t<div class=\"elementor-column elementor-col-33 elementor-top-column elementor-element elementor-element-535c005\" data-id=\"535c005\" data-element_type=\"column\" data-e-type=\"column\">\n\t\t\t<div class=\"elementor-widget-wrap elementor-element-populated\">\n\t\t\t\t\t\t<div class=\"elementor-element elementor-element-25e0f85 elementor-widget elementor-widget-image\" data-id=\"25e0f85\" data-element_type=\"widget\" data-e-type=\"widget\" data-widget_type=\"image.default\">\n\t\t\t\t<div class=\"elementor-widget-container\">\n\t\t\t\t\t\t\t\t\t\t\t\t<figure class=\"wp-caption\">\n\t\t\t\t\t\t\t\t\t\t\t<a href=\"https:\/\/mwb.com.pl\/11stu\/wp-content\/uploads\/biogramy\/jakubski.pdf\">\n\t\t\t\t\t\t\t<img loading=\"lazy\" decoding=\"async\" width=\"682\" height=\"951\" src=\"https:\/\/mwb.com.pl\/11stu\/wp-content\/uploads\/2022\/09\/w_05.jpg\" class=\"elementor-animation-grow attachment-full size-full wp-image-399\" alt=\"por. Adolf Wiktor Jakubski\" srcset=\"https:\/\/mwb.com.pl\/11stu\/wp-content\/uploads\/2022\/09\/w_05.jpg 682w, https:\/\/mwb.com.pl\/11stu\/wp-content\/uploads\/2022\/09\/w_05-215x300.jpg 215w, https:\/\/mwb.com.pl\/11stu\/wp-content\/uploads\/2022\/09\/w_05-230x321.jpg 230w, https:\/\/mwb.com.pl\/11stu\/wp-content\/uploads\/2022\/09\/w_05-350x488.jpg 350w, https:\/\/mwb.com.pl\/11stu\/wp-content\/uploads\/2022\/09\/w_05-480x669.jpg 480w\" sizes=\"(max-width: 682px) 100vw, 682px\" \/>\t\t\t\t\t\t\t\t<\/a>\n\t\t\t\t\t\t\t\t\t\t\t<figcaption class=\"widget-image-caption wp-caption-text\">por. Adolf Wiktor Jakubski<\/figcaption>\n\t\t\t\t\t\t\t\t\t\t<\/figure>\n\t\t\t\t\t\t\t\t\t<\/div>\n\t\t\t\t<\/div>\n\t\t\t\t\t<\/div>\n\t\t<\/div>\n\t\t\t\t<div class=\"elementor-column elementor-col-33 elementor-top-column elementor-element elementor-element-2607279\" data-id=\"2607279\" data-element_type=\"column\" data-e-type=\"column\">\n\t\t\t<div class=\"elementor-widget-wrap elementor-element-populated\">\n\t\t\t\t\t\t<div class=\"elementor-element elementor-element-540212f elementor-widget elementor-widget-image\" data-id=\"540212f\" data-element_type=\"widget\" data-e-type=\"widget\" data-widget_type=\"image.default\">\n\t\t\t\t<div class=\"elementor-widget-container\">\n\t\t\t\t\t\t\t\t\t\t\t\t<figure class=\"wp-caption\">\n\t\t\t\t\t\t\t\t\t\t\t<a href=\"https:\/\/mwb.com.pl\/11stu\/wp-content\/uploads\/biogramy\/iwaszkiewicz.pdf\">\n\t\t\t\t\t\t\t<img loading=\"lazy\" decoding=\"async\" width=\"682\" height=\"951\" src=\"https:\/\/mwb.com.pl\/11stu\/wp-content\/uploads\/2022\/09\/w_04.jpg\" class=\"elementor-animation-grow attachment-full size-full wp-image-398\" alt=\"gen. Wac\u0142aw Iwaszkiewicz\" srcset=\"https:\/\/mwb.com.pl\/11stu\/wp-content\/uploads\/2022\/09\/w_04.jpg 682w, https:\/\/mwb.com.pl\/11stu\/wp-content\/uploads\/2022\/09\/w_04-215x300.jpg 215w, https:\/\/mwb.com.pl\/11stu\/wp-content\/uploads\/2022\/09\/w_04-230x321.jpg 230w, https:\/\/mwb.com.pl\/11stu\/wp-content\/uploads\/2022\/09\/w_04-350x488.jpg 350w, https:\/\/mwb.com.pl\/11stu\/wp-content\/uploads\/2022\/09\/w_04-480x669.jpg 480w\" sizes=\"(max-width: 682px) 100vw, 682px\" \/>\t\t\t\t\t\t\t\t<\/a>\n\t\t\t\t\t\t\t\t\t\t\t<figcaption class=\"widget-image-caption wp-caption-text\">gen. Wac\u0142aw Iwaszkiewicz<\/figcaption>\n\t\t\t\t\t\t\t\t\t\t<\/figure>\n\t\t\t\t\t\t\t\t\t<\/div>\n\t\t\t\t<\/div>\n\t\t\t\t\t<\/div>\n\t\t<\/div>\n\t\t\t\t<div class=\"elementor-column elementor-col-33 elementor-top-column elementor-element elementor-element-c635b3f\" data-id=\"c635b3f\" data-element_type=\"column\" data-e-type=\"column\">\n\t\t\t<div class=\"elementor-widget-wrap elementor-element-populated\">\n\t\t\t\t\t\t<div class=\"elementor-element elementor-element-fa60dec elementor-widget elementor-widget-image\" data-id=\"fa60dec\" data-element_type=\"widget\" data-e-type=\"widget\" data-widget_type=\"image.default\">\n\t\t\t\t<div class=\"elementor-widget-container\">\n\t\t\t\t\t\t\t\t\t\t\t\t<figure class=\"wp-caption\">\n\t\t\t\t\t\t\t\t\t\t\t<a href=\"https:\/\/mwb.com.pl\/11stu\/wp-content\/uploads\/biogramy\/dziewulski.pdf\">\n\t\t\t\t\t\t\t<img loading=\"lazy\" decoding=\"async\" width=\"682\" height=\"951\" src=\"https:\/\/mwb.com.pl\/11stu\/wp-content\/uploads\/2022\/09\/w_01.jpg\" class=\"elementor-animation-grow attachment-full size-full wp-image-356\" alt=\"gen. Stanis\u0142aw Rawicz-Dziewulski\" srcset=\"https:\/\/mwb.com.pl\/11stu\/wp-content\/uploads\/2022\/09\/w_01.jpg 682w, https:\/\/mwb.com.pl\/11stu\/wp-content\/uploads\/2022\/09\/w_01-215x300.jpg 215w, https:\/\/mwb.com.pl\/11stu\/wp-content\/uploads\/2022\/09\/w_01-230x321.jpg 230w, https:\/\/mwb.com.pl\/11stu\/wp-content\/uploads\/2022\/09\/w_01-350x488.jpg 350w, https:\/\/mwb.com.pl\/11stu\/wp-content\/uploads\/2022\/09\/w_01-480x669.jpg 480w\" sizes=\"(max-width: 682px) 100vw, 682px\" \/>\t\t\t\t\t\t\t\t<\/a>\n\t\t\t\t\t\t\t\t\t\t\t<figcaption class=\"widget-image-caption wp-caption-text\">gen. Stanis\u0142aw Rawicz-Dziewulski<\/figcaption>\n\t\t\t\t\t\t\t\t\t\t<\/figure>\n\t\t\t\t\t\t\t\t\t<\/div>\n\t\t\t\t<\/div>\n\t\t\t\t\t<\/div>\n\t\t<\/div>\n\t\t\t\t\t<\/div>\n\t\t<\/section>\n\t\t\t\t<section class=\"elementor-section elementor-top-section elementor-element elementor-element-0bc7087 elementor-section-boxed elementor-section-height-default elementor-section-height-default\" data-id=\"0bc7087\" data-element_type=\"section\" data-e-type=\"section\">\n\t\t\t\t\t\t<div class=\"elementor-container elementor-column-gap-default\">\n\t\t\t\t\t<div class=\"elementor-column elementor-col-50 elementor-top-column elementor-element elementor-element-9b3dd9d\" data-id=\"9b3dd9d\" data-element_type=\"column\" data-e-type=\"column\">\n\t\t\t<div class=\"elementor-widget-wrap elementor-element-populated\">\n\t\t\t\t\t\t<div class=\"elementor-element elementor-element-c7fa4e6 elementor-widget elementor-widget-image\" data-id=\"c7fa4e6\" data-element_type=\"widget\" data-e-type=\"widget\" data-widget_type=\"image.default\">\n\t\t\t\t<div class=\"elementor-widget-container\">\n\t\t\t\t\t\t\t\t\t\t\t\t<figure class=\"wp-caption\">\n\t\t\t\t\t\t\t\t\t\t\t<a href=\"https:\/\/mwb.com.pl\/11stu\/wp-content\/uploads\/biogramy\/sulkiewicz.pdf\">\n\t\t\t\t\t\t\t<img loading=\"lazy\" decoding=\"async\" width=\"682\" height=\"951\" src=\"https:\/\/mwb.com.pl\/11stu\/wp-content\/uploads\/2022\/09\/w_11.jpg\" class=\"elementor-animation-grow attachment-full size-full wp-image-411\" alt=\"mjr Leon H\u00f3zman-Mirza Sulkiewicz\" srcset=\"https:\/\/mwb.com.pl\/11stu\/wp-content\/uploads\/2022\/09\/w_11.jpg 682w, https:\/\/mwb.com.pl\/11stu\/wp-content\/uploads\/2022\/09\/w_11-215x300.jpg 215w, https:\/\/mwb.com.pl\/11stu\/wp-content\/uploads\/2022\/09\/w_11-230x321.jpg 230w, https:\/\/mwb.com.pl\/11stu\/wp-content\/uploads\/2022\/09\/w_11-350x488.jpg 350w, https:\/\/mwb.com.pl\/11stu\/wp-content\/uploads\/2022\/09\/w_11-480x669.jpg 480w\" sizes=\"(max-width: 682px) 100vw, 682px\" \/>\t\t\t\t\t\t\t\t<\/a>\n\t\t\t\t\t\t\t\t\t\t\t<figcaption class=\"widget-image-caption wp-caption-text\">mjr Leon H\u00f3zman-Mirza Sulkiewicz<\/figcaption>\n\t\t\t\t\t\t\t\t\t\t<\/figure>\n\t\t\t\t\t\t\t\t\t<\/div>\n\t\t\t\t<\/div>\n\t\t\t\t\t<\/div>\n\t\t<\/div>\n\t\t\t\t<div class=\"elementor-column elementor-col-50 elementor-top-column elementor-element elementor-element-15e927e\" data-id=\"15e927e\" data-element_type=\"column\" data-e-type=\"column\">\n\t\t\t<div class=\"elementor-widget-wrap elementor-element-populated\">\n\t\t\t\t\t\t<div class=\"elementor-element elementor-element-61e4b7c elementor-widget elementor-widget-image\" data-id=\"61e4b7c\" data-element_type=\"widget\" data-e-type=\"widget\" data-widget_type=\"image.default\">\n\t\t\t\t<div class=\"elementor-widget-container\">\n\t\t\t\t\t\t\t\t\t\t\t\t<figure class=\"wp-caption\">\n\t\t\t\t\t\t\t\t\t\t\t<a href=\"https:\/\/mwb.com.pl\/11stu\/wp-content\/uploads\/biogramy\/kossak.pdf\">\n\t\t\t\t\t\t\t<img loading=\"lazy\" decoding=\"async\" width=\"682\" height=\"951\" src=\"https:\/\/mwb.com.pl\/11stu\/wp-content\/uploads\/2022\/09\/w_07.jpg\" class=\"elementor-animation-grow attachment-full size-full wp-image-404\" alt=\"por. Adolf Wiktor Jakubski\" srcset=\"https:\/\/mwb.com.pl\/11stu\/wp-content\/uploads\/2022\/09\/w_07.jpg 682w, https:\/\/mwb.com.pl\/11stu\/wp-content\/uploads\/2022\/09\/w_07-215x300.jpg 215w, https:\/\/mwb.com.pl\/11stu\/wp-content\/uploads\/2022\/09\/w_07-230x321.jpg 230w, https:\/\/mwb.com.pl\/11stu\/wp-content\/uploads\/2022\/09\/w_07-350x488.jpg 350w, https:\/\/mwb.com.pl\/11stu\/wp-content\/uploads\/2022\/09\/w_07-480x669.jpg 480w\" sizes=\"(max-width: 682px) 100vw, 682px\" \/>\t\t\t\t\t\t\t\t<\/a>\n\t\t\t\t\t\t\t\t\t\t\t<figcaption class=\"widget-image-caption wp-caption-text\">rtm. Tadeusz Kossak<\/figcaption>\n\t\t\t\t\t\t\t\t\t\t<\/figure>\n\t\t\t\t\t\t\t\t\t<\/div>\n\t\t\t\t<\/div>\n\t\t\t\t\t<\/div>\n\t\t<\/div>\n\t\t\t\t\t<\/div>\n\t\t<\/section>\n\t\t\t\t<section class=\"elementor-section elementor-top-section elementor-element elementor-element-c0b74ad elementor-section-boxed elementor-section-height-default elementor-section-height-default\" data-id=\"c0b74ad\" data-element_type=\"section\" data-e-type=\"section\">\n\t\t\t\t\t\t<div class=\"elementor-container elementor-column-gap-default\">\n\t\t\t\t\t<div class=\"elementor-column elementor-col-100 elementor-top-column elementor-element elementor-element-41eb740\" data-id=\"41eb740\" data-element_type=\"column\" data-e-type=\"column\">\n\t\t\t<div class=\"elementor-widget-wrap elementor-element-populated\">\n\t\t\t\t\t\t<div class=\"elementor-element elementor-element-cdba484 elementor-widget elementor-widget-text-editor\" data-id=\"cdba484\" data-element_type=\"widget\" data-e-type=\"widget\" data-widget_type=\"text-editor.default\">\n\t\t\t\t<div class=\"elementor-widget-container\">\n\t\t\t\t\t\t\t\t\t<p><strong>Pozostali bohaterowie bia\u0142ostockiej niepodleg\u0142o\u015bci<\/strong><\/p>\t\t\t\t\t\t\t\t<\/div>\n\t\t\t\t<\/div>\n\t\t\t\t\t<\/div>\n\t\t<\/div>\n\t\t\t\t\t<\/div>\n\t\t<\/section>\n\t\t\t\t<section class=\"elementor-section elementor-top-section elementor-element elementor-element-8053182 elementor-section-boxed elementor-section-height-default elementor-section-height-default\" data-id=\"8053182\" data-element_type=\"section\" data-e-type=\"section\">\n\t\t\t\t\t\t<div class=\"elementor-container elementor-column-gap-default\">\n\t\t\t\t\t<div class=\"elementor-column elementor-col-100 elementor-top-column elementor-element elementor-element-8be89a4\" data-id=\"8be89a4\" data-element_type=\"column\" data-e-type=\"column\">\n\t\t\t<div class=\"elementor-widget-wrap elementor-element-populated\">\n\t\t\t\t\t\t<div class=\"elementor-element elementor-element-e80de32 elementor-widget elementor-widget-text-editor\" data-id=\"e80de32\" data-element_type=\"widget\" data-e-type=\"widget\" data-widget_type=\"text-editor.default\">\n\t\t\t\t<div class=\"elementor-widget-container\">\n\t\t\t\t\t\t\t\t\t<p><a href=\"https:\/\/mwb.com.pl\/11stu\/wp-content\/uploads\/biogramy\/chaciej.pdf\">kpt. Aleksander Chaciej<\/a><\/p><p><a href=\"https:\/\/mwb.com.pl\/11stu\/wp-content\/uploads\/biogramy\/dybko.pdf\">strzel. Stanis\u0142aw Dybko<\/a><\/p><p><a href=\"https:\/\/mwb.com.pl\/11stu\/wp-content\/uploads\/biogramy\/gessner.pdf\">ppor. Zenon Gessner<\/a><\/p><p><a href=\"https:\/\/mwb.com.pl\/11stu\/wp-content\/uploads\/biogramy\/kuczewski.pdf\">gen. Adolf Jan Kuczewski<\/a><\/p><p><a href=\"https:\/\/mwb.com.pl\/11stu\/wp-content\/uploads\/biogramy\/lukaszewicz.pdf\">p\u0142k Adam \u0141ukaszewicz<\/a><\/p><p><a href=\"https:\/\/mwb.com.pl\/11stu\/wp-content\/uploads\/biogramy\/samitowski.pdf\">por. Emilian Samitowski<\/a><\/p><p><a href=\"https:\/\/mwb.com.pl\/11stu\/wp-content\/uploads\/biogramy\/szymanowski.pdf\">p\u0142k Adam Szymanowski<\/a><\/p><p><a href=\"https:\/\/mwb.com.pl\/11stu\/wp-content\/uploads\/biogramy\/tarasiewicz.pdf\">kpt. J\u00f3zef Tarasiewicz<\/a><\/p><p><a href=\"https:\/\/mwb.com.pl\/11stu\/wp-content\/uploads\/biogramy\/tylicki.pdf\">kpt. Leonard Tylicki<\/a><\/p><p><a href=\"https:\/\/mwb.com.pl\/11stu\/wp-content\/uploads\/biogramy\/wyszynski.pdf\">ppor. Kazimierz Wyszy\u0144ski<\/a><\/p><p><a href=\"https:\/\/mwb.com.pl\/11stu\/wp-content\/uploads\/biogramy\/zolatkowski.pdf\">pp\u0142k dr Alfred \u017bo\u0142\u0105tkowski<\/a><\/p>\t\t\t\t\t\t\t\t<\/div>\n\t\t\t\t<\/div>\n\t\t\t\t\t<\/div>\n\t\t<\/div>\n\t\t\t\t\t<\/div>\n\t\t<\/section>\n\t\t\t\t<\/div>\n\t\t","protected":false},"excerpt":{"rendered":"<p>Bohaterowie bia\u0142ostockiej niepodleg\u0142o\u015bci kpt. Stanis\u0142aw Markiewicz kpr. Kazimierz Miko\u0142ajewski gen. Janusz G\u0105siorowski [&hellip;]<\/p>\n","protected":false},"author":1,"featured_media":0,"parent":0,"menu_order":0,"comment_status":"closed","ping_status":"closed","template":"page-templates\/page_front-page.php","meta":{"footnotes":""},"class_list":["post-16","page","type-page","status-publish","hentry"],"_links":{"self":[{"href":"https:\/\/mwb.com.pl\/11stu\/wp-json\/wp\/v2\/pages\/16","targetHints":{"allow":["GET"]}}],"collection":[{"href":"https:\/\/mwb.com.pl\/11stu\/wp-json\/wp\/v2\/pages"}],"about":[{"href":"https:\/\/mwb.com.pl\/11stu\/wp-json\/wp\/v2\/types\/page"}],"author":[{"embeddable":true,"href":"https:\/\/mwb.com.pl\/11stu\/wp-json\/wp\/v2\/users\/1"}],"replies":[{"embeddable":true,"href":"https:\/\/mwb.com.pl\/11stu\/wp-json\/wp\/v2\/comments?post=16"}],"version-history":[{"count":115,"href":"https:\/\/mwb.com.pl\/11stu\/wp-json\/wp\/v2\/pages\/16\/revisions"}],"predecessor-version":[{"id":976,"href":"https:\/\/mwb.com.pl\/11stu\/wp-json\/wp\/v2\/pages\/16\/revisions\/976"}],"wp:attachment":[{"href":"https:\/\/mwb.com.pl\/11stu\/wp-json\/wp\/v2\/media?parent=16"}],"curies":[{"name":"wp","href":"https:\/\/api.w.org\/{rel}","templated":true}]}}