{"id":14,"date":"2022-07-12T10:39:30","date_gmt":"2022-07-12T08:39:30","guid":{"rendered":"https:\/\/mwb.com.pl\/11stu\/?page_id=14"},"modified":"2022-09-05T14:53:13","modified_gmt":"2022-09-05T12:53:13","slug":"warsztaty","status":"publish","type":"page","link":"https:\/\/mwb.com.pl\/11stu\/warsztaty\/","title":{"rendered":"Warsztaty"},"content":{"rendered":"\t\t<div data-elementor-type=\"wp-page\" data-elementor-id=\"14\" class=\"elementor elementor-14\">\n\t\t\t\t\t\t<section class=\"elementor-section elementor-top-section elementor-element elementor-element-86d9b3d elementor-section-boxed elementor-section-height-default elementor-section-height-default\" data-id=\"86d9b3d\" data-element_type=\"section\" data-e-type=\"section\">\n\t\t\t\t\t\t<div class=\"elementor-container elementor-column-gap-default\">\n\t\t\t\t\t<div class=\"elementor-column elementor-col-100 elementor-top-column elementor-element elementor-element-3b63af0\" data-id=\"3b63af0\" data-element_type=\"column\" data-e-type=\"column\">\n\t\t\t<div class=\"elementor-widget-wrap elementor-element-populated\">\n\t\t\t\t\t\t<div class=\"elementor-element elementor-element-e69ce0e elementor-widget elementor-widget-spacer\" data-id=\"e69ce0e\" data-element_type=\"widget\" data-e-type=\"widget\" data-widget_type=\"spacer.default\">\n\t\t\t\t<div class=\"elementor-widget-container\">\n\t\t\t\t\t\t\t<div class=\"elementor-spacer\">\n\t\t\t<div class=\"elementor-spacer-inner\"><\/div>\n\t\t<\/div>\n\t\t\t\t\t\t<\/div>\n\t\t\t\t<\/div>\n\t\t\t\t\t<\/div>\n\t\t<\/div>\n\t\t\t\t\t<\/div>\n\t\t<\/section>\n\t\t\t\t<section class=\"elementor-section elementor-top-section elementor-element elementor-element-d449da5 elementor-section-boxed elementor-section-height-default elementor-section-height-default\" data-id=\"d449da5\" data-element_type=\"section\" data-e-type=\"section\">\n\t\t\t\t\t\t<div class=\"elementor-container elementor-column-gap-default\">\n\t\t\t\t\t<div class=\"elementor-column elementor-col-100 elementor-top-column elementor-element elementor-element-1d81c04\" data-id=\"1d81c04\" data-element_type=\"column\" data-e-type=\"column\">\n\t\t\t<div class=\"elementor-widget-wrap elementor-element-populated\">\n\t\t\t\t\t\t<div class=\"elementor-element elementor-element-66c7b99 elementor-widget elementor-widget-heading\" data-id=\"66c7b99\" data-element_type=\"widget\" data-e-type=\"widget\" data-widget_type=\"heading.default\">\n\t\t\t\t<div class=\"elementor-widget-container\">\n\t\t\t\t\t<h4 class=\"elementor-heading-title elementor-size-default\">Muzealne warsztaty dla uczni\u00f3w szk\u00f3\u0142 ponadpodstawowych<\/h4>\t\t\t\t<\/div>\n\t\t\t\t<\/div>\n\t\t\t\t\t<\/div>\n\t\t<\/div>\n\t\t\t\t\t<\/div>\n\t\t<\/section>\n\t\t\t\t<section class=\"elementor-section elementor-top-section elementor-element elementor-element-cc08d9e elementor-section-boxed elementor-section-height-default elementor-section-height-default\" data-id=\"cc08d9e\" data-element_type=\"section\" data-e-type=\"section\">\n\t\t\t\t\t\t<div class=\"elementor-container elementor-column-gap-default\">\n\t\t\t\t\t<div class=\"elementor-column elementor-col-100 elementor-top-column elementor-element elementor-element-5291dc5\" data-id=\"5291dc5\" data-element_type=\"column\" data-e-type=\"column\">\n\t\t\t<div class=\"elementor-widget-wrap elementor-element-populated\">\n\t\t\t\t\t\t<div class=\"elementor-element elementor-element-0a8e07b elementor-widget elementor-widget-text-editor\" data-id=\"0a8e07b\" data-element_type=\"widget\" data-e-type=\"widget\" data-widget_type=\"text-editor.default\">\n\t\t\t\t<div class=\"elementor-widget-container\">\n\t\t\t\t\t\t\t\t\t<p>Muzeum Wojska w Bia\u0142ymstoku zaprasza uczni\u00f3w szk\u00f3\u0142 ponadpodstawowych na wyj\u0105tkowe spotkania z histori\u0105. W okresie od wrze\u015bnia do listopada br. w plac\u00f3wce przy ul. J. Kili\u0144skiego b\u0119d\u0105 realizowane warsztaty po\u015bwi\u0119cone procesowi odzyskania niepodleg\u0142o\u015bci przez Bia\u0142ystok.<br \/>Przygotowane zosta\u0142y dwie propozycje warsztat\u00f3w:<\/p><div style=\"color: #ff0000;\"><strong>O wolne miasto<\/strong><\/div><p>Uczestnicy wezm\u0105 udzia\u0142 w grze historycznej po\u015bwi\u0119conej bia\u0142ostockiej niepodleg\u0142o\u015bci. Dowiedz\u0105 si\u0119 jak wygl\u0105da\u0142a sytuacja w Bia\u0142ymstoku w przeddzie\u0144 wolno\u015bci oraz jak przebiega\u0142 proces odzyskania niepodleg\u0142o\u015bci. Na drodze realizacji poszczeg\u00f3lnych zada\u0144 zapoznaj\u0105 si\u0119 z bogatym materia\u0142em historycznym. Formu\u0142a gry pozwoli na zaanga\u017cowanie wszystkich uczestnik\u00f3w.<\/p><p><a style=\"color: #ff0000;\" href=\"https:\/\/mwb.com.pl\/rezerwacja\/szkoly-srednie\/o-wolne-miasto\">ZAREZERWUJ &gt;&gt;<\/a><\/p><div style=\"color: #ff0000;\"><strong>Oni i my<\/strong><\/div><p>Celem warsztat\u00f3w jest zapoznanie m\u0142odzie\u017cy z najwa\u017cniejszymi wydarzeniami procesu odzyskania niepodleg\u0142o\u015bci przez Polsk\u0119. Uczestnicy poznaj\u0105 losy najwa\u017cniejszych postaci zaanga\u017cowanych w dzia\u0142alno\u015b\u0107 niepodleg\u0142o\u015bciow\u0105 oraz obejrz\u0105 wyj\u0105tkowe przedmioty z tego okresu. Poddadz\u0105 dyskusji miejsce wolno\u015bci i niepodleg\u0142o\u015bci we wsp\u00f3\u0142czesnym systemie warto\u015bci. Na koniec zaprojektuj\u0105 tre\u015bci do Dziennika Muzealnego za pomoc\u0105 techniki kolagrafii.<\/p><p><a style=\"color: #ff0000;\" href=\"https:\/\/mwb.com.pl\/rezerwacja\/szkoly-srednie\/oni-i-my\">ZAREZERWUJ &gt;&gt;<\/a><\/p><p>Warsztaty b\u0119d\u0105 realizowane w ramach projektu \u201e11-stu dla Bia\u0142egostoku\u201d, dofinansowanego ze \u015brodk\u00f3w Programu Wieloletniego NIEPODLEG\u0141A na lata 1917-1922 w ramach Rz\u0105dowego Programu Dotacyjnego \u201eNiepodleg\u0142a\u201d.<\/p><p>Udzia\u0142 w warsztatach bezp\u0142atny.<\/p><p><strong>Zapisy na warsztaty s\u0105 przyjmowane drog\u0105 telefoniczn\u0105 pod numerem telefonu: 536 123 424 lub za pomoc\u0105 formularza elektronicznego:<\/strong><\/p>\t\t\t\t\t\t\t\t<\/div>\n\t\t\t\t<\/div>\n\t\t\t\t\t<\/div>\n\t\t<\/div>\n\t\t\t\t\t<\/div>\n\t\t<\/section>\n\t\t\t\t<section class=\"elementor-section elementor-top-section elementor-element elementor-element-b04caa0 elementor-section-boxed elementor-section-height-default elementor-section-height-default\" data-id=\"b04caa0\" data-element_type=\"section\" data-e-type=\"section\">\n\t\t\t\t\t\t<div class=\"elementor-container elementor-column-gap-default\">\n\t\t\t\t\t<div class=\"elementor-column elementor-col-33 elementor-top-column elementor-element elementor-element-ccee5c0\" data-id=\"ccee5c0\" data-element_type=\"column\" data-e-type=\"column\">\n\t\t\t<div class=\"elementor-widget-wrap\">\n\t\t\t\t\t\t\t<\/div>\n\t\t<\/div>\n\t\t\t\t<div class=\"elementor-column elementor-col-33 elementor-top-column elementor-element elementor-element-4e699ac\" data-id=\"4e699ac\" data-element_type=\"column\" data-e-type=\"column\">\n\t\t\t<div class=\"elementor-widget-wrap elementor-element-populated\">\n\t\t\t\t\t\t<div class=\"elementor-element elementor-element-ef8f909 elementor-widget elementor-widget-image\" data-id=\"ef8f909\" data-element_type=\"widget\" data-e-type=\"widget\" data-widget_type=\"image.default\">\n\t\t\t\t<div class=\"elementor-widget-container\">\n\t\t\t\t\t\t\t\t\t\t\t\t\t\t\t\t<a href=\"https:\/\/mwb.com.pl\/rezerwacja\/szkoly-srednie\">\n\t\t\t\t\t\t\t<img decoding=\"async\" width=\"150\" height=\"150\" src=\"https:\/\/mwb.com.pl\/11stu\/wp-content\/uploads\/2022\/09\/booking_czerwony1-150x150.png\" class=\"attachment-thumbnail size-thumbnail wp-image-348\" alt=\"System Rezerwacji\" srcset=\"https:\/\/mwb.com.pl\/11stu\/wp-content\/uploads\/2022\/09\/booking_czerwony1-150x150.png 150w, https:\/\/mwb.com.pl\/11stu\/wp-content\/uploads\/2022\/09\/booking_czerwony1-230x230.png 230w, https:\/\/mwb.com.pl\/11stu\/wp-content\/uploads\/2022\/09\/booking_czerwony1.png 256w\" sizes=\"(max-width: 150px) 100vw, 150px\" \/>\t\t\t\t\t\t\t\t<\/a>\n\t\t\t\t\t\t\t\t\t\t\t\t\t\t\t<\/div>\n\t\t\t\t<\/div>\n\t\t\t\t\t<\/div>\n\t\t<\/div>\n\t\t\t\t<div class=\"elementor-column elementor-col-33 elementor-top-column elementor-element elementor-element-77b9de7\" data-id=\"77b9de7\" data-element_type=\"column\" data-e-type=\"column\">\n\t\t\t<div class=\"elementor-widget-wrap\">\n\t\t\t\t\t\t\t<\/div>\n\t\t<\/div>\n\t\t\t\t\t<\/div>\n\t\t<\/section>\n\t\t\t\t<section class=\"elementor-section elementor-top-section elementor-element elementor-element-7f66616 elementor-section-boxed elementor-section-height-default elementor-section-height-default\" data-id=\"7f66616\" data-element_type=\"section\" data-e-type=\"section\">\n\t\t\t\t\t\t<div class=\"elementor-container elementor-column-gap-default\">\n\t\t\t\t\t<div class=\"elementor-column elementor-col-100 elementor-top-column elementor-element elementor-element-a5d21f4\" data-id=\"a5d21f4\" data-element_type=\"column\" data-e-type=\"column\">\n\t\t\t<div class=\"elementor-widget-wrap elementor-element-populated\">\n\t\t\t\t\t\t<div class=\"elementor-element elementor-element-908c0f3 elementor-widget elementor-widget-text-editor\" data-id=\"908c0f3\" data-element_type=\"widget\" data-e-type=\"widget\" data-widget_type=\"text-editor.default\">\n\t\t\t\t<div class=\"elementor-widget-container\">\n\t\t\t\t\t\t\t\t\t<p><strong>STRONA SYSTEMU REZERWACJI<\/strong><\/p>\t\t\t\t\t\t\t\t<\/div>\n\t\t\t\t<\/div>\n\t\t\t\t\t<\/div>\n\t\t<\/div>\n\t\t\t\t\t<\/div>\n\t\t<\/section>\n\t\t\t\t<\/div>\n\t\t","protected":false},"excerpt":{"rendered":"<p>Muzealne warsztaty dla uczni\u00f3w szk\u00f3\u0142 ponadpodstawowych Muzeum Wojska w Bia\u0142ymstoku zaprasza uczni\u00f3w [&hellip;]<\/p>\n","protected":false},"author":1,"featured_media":0,"parent":0,"menu_order":0,"comment_status":"closed","ping_status":"closed","template":"page-templates\/page_front-page.php","meta":{"footnotes":""},"class_list":["post-14","page","type-page","status-publish","hentry"],"_links":{"self":[{"href":"https:\/\/mwb.com.pl\/11stu\/wp-json\/wp\/v2\/pages\/14","targetHints":{"allow":["GET"]}}],"collection":[{"href":"https:\/\/mwb.com.pl\/11stu\/wp-json\/wp\/v2\/pages"}],"about":[{"href":"https:\/\/mwb.com.pl\/11stu\/wp-json\/wp\/v2\/types\/page"}],"author":[{"embeddable":true,"href":"https:\/\/mwb.com.pl\/11stu\/wp-json\/wp\/v2\/users\/1"}],"replies":[{"embeddable":true,"href":"https:\/\/mwb.com.pl\/11stu\/wp-json\/wp\/v2\/comments?post=14"}],"version-history":[{"count":52,"href":"https:\/\/mwb.com.pl\/11stu\/wp-json\/wp\/v2\/pages\/14\/revisions"}],"predecessor-version":[{"id":354,"href":"https:\/\/mwb.com.pl\/11stu\/wp-json\/wp\/v2\/pages\/14\/revisions\/354"}],"wp:attachment":[{"href":"https:\/\/mwb.com.pl\/11stu\/wp-json\/wp\/v2\/media?parent=14"}],"curies":[{"name":"wp","href":"https:\/\/api.w.org\/{rel}","templated":true}]}}