{"id":1056,"date":"2023-01-09T08:31:22","date_gmt":"2023-01-09T07:31:22","guid":{"rendered":"https:\/\/mwb.com.pl\/11stu\/o-projekcie-english\/"},"modified":"2023-01-09T08:47:34","modified_gmt":"2023-01-09T07:47:34","slug":"o-projekcie-english","status":"publish","type":"page","link":"https:\/\/mwb.com.pl\/11stu\/en\/o-projekcie-english\/","title":{"rendered":"The Eleven for Bia\u0142ystok"},"content":{"rendered":"\t\t<div data-elementor-type=\"wp-page\" data-elementor-id=\"1056\" class=\"elementor elementor-1056\">\n\t\t\t\t\t\t<section class=\"elementor-section elementor-top-section elementor-element elementor-element-d30fa4c elementor-section-boxed elementor-section-height-default elementor-section-height-default\" data-id=\"d30fa4c\" data-element_type=\"section\" data-e-type=\"section\">\n\t\t\t\t\t\t<div class=\"elementor-container elementor-column-gap-default\">\n\t\t\t\t\t<div class=\"elementor-column elementor-col-100 elementor-top-column elementor-element elementor-element-4e5ce64\" data-id=\"4e5ce64\" data-element_type=\"column\" data-e-type=\"column\">\n\t\t\t<div class=\"elementor-widget-wrap elementor-element-populated\">\n\t\t\t\t\t\t<div class=\"elementor-element elementor-element-1a23a45 elementor-widget elementor-widget-image\" data-id=\"1a23a45\" data-element_type=\"widget\" data-e-type=\"widget\" data-widget_type=\"image.default\">\n\t\t\t\t<div class=\"elementor-widget-container\">\n\t\t\t\t\t\t\t\t\t\t\t\t\t\t\t<img fetchpriority=\"high\" decoding=\"async\" width=\"2560\" height=\"1348\" src=\"https:\/\/mwb.com.pl\/11stu\/wp-content\/uploads\/2022\/07\/baner11stuv2-scaled.jpg\" class=\"attachment-full size-full wp-image-55\" alt=\"11-stu dla Bia\u0142egostoku\" srcset=\"https:\/\/mwb.com.pl\/11stu\/wp-content\/uploads\/2022\/07\/baner11stuv2-scaled.jpg 2560w, https:\/\/mwb.com.pl\/11stu\/wp-content\/uploads\/2022\/07\/baner11stuv2-300x158.jpg 300w, https:\/\/mwb.com.pl\/11stu\/wp-content\/uploads\/2022\/07\/baner11stuv2-1024x539.jpg 1024w, https:\/\/mwb.com.pl\/11stu\/wp-content\/uploads\/2022\/07\/baner11stuv2-768x405.jpg 768w, https:\/\/mwb.com.pl\/11stu\/wp-content\/uploads\/2022\/07\/baner11stuv2-1536x809.jpg 1536w, https:\/\/mwb.com.pl\/11stu\/wp-content\/uploads\/2022\/07\/baner11stuv2-2048x1079.jpg 2048w, https:\/\/mwb.com.pl\/11stu\/wp-content\/uploads\/2022\/07\/baner11stuv2-920x485.jpg 920w, https:\/\/mwb.com.pl\/11stu\/wp-content\/uploads\/2022\/07\/baner11stuv2-230x121.jpg 230w, https:\/\/mwb.com.pl\/11stu\/wp-content\/uploads\/2022\/07\/baner11stuv2-350x184.jpg 350w, https:\/\/mwb.com.pl\/11stu\/wp-content\/uploads\/2022\/07\/baner11stuv2-480x253.jpg 480w\" sizes=\"(max-width: 2560px) 100vw, 2560px\" \/>\t\t\t\t\t\t\t\t\t\t\t\t\t\t\t<\/div>\n\t\t\t\t<\/div>\n\t\t\t\t\t<\/div>\n\t\t<\/div>\n\t\t\t\t\t<\/div>\n\t\t<\/section>\n\t\t\t\t<section class=\"elementor-section elementor-top-section elementor-element elementor-element-4c02623 elementor-section-boxed elementor-section-height-default elementor-section-height-default\" data-id=\"4c02623\" data-element_type=\"section\" data-e-type=\"section\">\n\t\t\t\t\t\t<div class=\"elementor-container elementor-column-gap-default\">\n\t\t\t\t\t<div class=\"elementor-column elementor-col-100 elementor-top-column elementor-element elementor-element-bc94f84\" data-id=\"bc94f84\" data-element_type=\"column\" data-e-type=\"column\">\n\t\t\t<div class=\"elementor-widget-wrap elementor-element-populated\">\n\t\t\t\t\t\t<div class=\"elementor-element elementor-element-11597fb elementor-widget elementor-widget-heading\" data-id=\"11597fb\" data-element_type=\"widget\" data-e-type=\"widget\" data-widget_type=\"heading.default\">\n\t\t\t\t<div class=\"elementor-widget-container\">\n\t\t\t\t\t<h4 class=\"elementor-heading-title elementor-size-default\">The Eleven for Bia\u0142ystok<\/h4>\t\t\t\t<\/div>\n\t\t\t\t<\/div>\n\t\t\t\t\t<\/div>\n\t\t<\/div>\n\t\t\t\t\t<\/div>\n\t\t<\/section>\n\t\t\t\t<section class=\"elementor-section elementor-top-section elementor-element elementor-element-65ef041 elementor-section-boxed elementor-section-height-default elementor-section-height-default\" data-id=\"65ef041\" data-element_type=\"section\" data-e-type=\"section\">\n\t\t\t\t\t\t<div class=\"elementor-container elementor-column-gap-default\">\n\t\t\t\t\t<div class=\"elementor-column elementor-col-100 elementor-top-column elementor-element elementor-element-dc52fd0\" data-id=\"dc52fd0\" data-element_type=\"column\" data-e-type=\"column\">\n\t\t\t<div class=\"elementor-widget-wrap elementor-element-populated\">\n\t\t\t\t\t\t<div class=\"elementor-element elementor-element-a6f5642 elementor-drop-cap-yes elementor-drop-cap-view-default elementor-widget elementor-widget-text-editor\" data-id=\"a6f5642\" data-element_type=\"widget\" data-e-type=\"widget\" data-settings=\"{&quot;drop_cap&quot;:&quot;yes&quot;}\" data-widget_type=\"text-editor.default\">\n\t\t\t\t<div class=\"elementor-widget-container\">\n\t\t\t\t\t\t\t\t\t<p>The aim of the project was to build historical knowledge of Bia\u0142ystok inhabitants, especially teenagers of secondary schools, on Bia\u0142ystok\u2019s independence. Historical narration was based on the stories of eleven Polish soldiers involved in the trial of taking over the city on 11-14 November 1918. The initiative failed and the city regained independence as late as on 19 February 1919. The story is a proof of amazing patriotism of the Polish soldiers. The project activities allowed to present events and individuals of the previously unknown local history.<\/p>\t\t\t\t\t\t\t\t<\/div>\n\t\t\t\t<\/div>\n\t\t\t\t<div class=\"elementor-element elementor-element-4a5595d elementor-drop-cap-yes elementor-drop-cap-view-default elementor-widget elementor-widget-text-editor\" data-id=\"4a5595d\" data-element_type=\"widget\" data-e-type=\"widget\" data-settings=\"{&quot;drop_cap&quot;:&quot;yes&quot;}\" data-widget_type=\"text-editor.default\">\n\t\t\t\t<div class=\"elementor-widget-container\">\n\t\t\t\t\t\t\t\t\t<p>The key part of the project was an exhibition, during which the eleven heroes of Bia\u0142ystok\u2019s independence were profiled. The online version of the exhibition is available on the project website. The portraits, biographic entries of the soldiers, as well as ready historical and educational materials that could be found on the website are the source of knowledge, unavailable anywhere else, which allows to discover the successive parts of the city history.<\/p>\t\t\t\t\t\t\t\t<\/div>\n\t\t\t\t<\/div>\n\t\t\t\t<div class=\"elementor-element elementor-element-b0f6bc7 elementor-drop-cap-yes elementor-drop-cap-view-default elementor-widget elementor-widget-text-editor\" data-id=\"b0f6bc7\" data-element_type=\"widget\" data-e-type=\"widget\" data-settings=\"{&quot;drop_cap&quot;:&quot;yes&quot;}\" data-widget_type=\"text-editor.default\">\n\t\t\t\t<div class=\"elementor-widget-container\">\n\t\t\t\t\t\t\t\t\t<p>Basing on the exhibition \u201cthe Eleven Heroes\u201d, an offer of the historical workshops for teenagers was prepared. Over 800 students participated in the workshops, during which the methods of not only building historical knowledge, but also developing social skills were used. Participants focused on the fates of soldiers, and the patriotic behaviour of young people from Bia\u0142ystok during the independence outburst made a great impression on the students. The attitude of readiness to fight for independence seemed to be especially close to the participants. Due to great interest, the workshops \u201cFor the free city\u201d and \u201cThey and we\u201d have been included into the educational offer of the Museum for the school year 2022\/2023. The project final stage was celebration of the National Independence Day in the museum \u2013 almost 1500 people visited the exhibition \u201cthe Eleven Heroes\u201d and participated in lectures and art workshops. For the whole day, the volunteers distributed brochures devoted to Bia\u0142ystok\u2019s independence at the Museum and in the downtown of Bia\u0142ystok.<\/p>\t\t\t\t\t\t\t\t<\/div>\n\t\t\t\t<\/div>\n\t\t\t\t<div class=\"elementor-element elementor-element-4dfafb3 elementor-drop-cap-yes elementor-drop-cap-view-default elementor-widget elementor-widget-text-editor\" data-id=\"4dfafb3\" data-element_type=\"widget\" data-e-type=\"widget\" data-settings=\"{&quot;drop_cap&quot;:&quot;yes&quot;}\" data-widget_type=\"text-editor.default\">\n\t\t\t\t<div class=\"elementor-widget-container\">\n\t\t\t\t\t\t\t\t\t<p>The project was implemented in the cooperation with Zesp\u00f3\u0142 Szk\u00f3\u0142 Mechanicznych im. \u015awi\u0119tego J\u00f3zefa (St. Joseph Mechanical Schools Complex) and VI Liceum Og\u00f3lnokszta\u0142c\u0105ce im. Kr\u00f3la Zygmunta Augusta (Sigismund II Augustus Grammar School No 6) in Bia\u0142ystok.<\/p>\t\t\t\t\t\t\t\t<\/div>\n\t\t\t\t<\/div>\n\t\t\t\t<div class=\"elementor-element elementor-element-e4417d6 elementor-drop-cap-yes elementor-drop-cap-view-default elementor-widget elementor-widget-text-editor\" data-id=\"e4417d6\" data-element_type=\"widget\" data-e-type=\"widget\" data-settings=\"{&quot;drop_cap&quot;:&quot;yes&quot;}\" data-widget_type=\"text-editor.default\">\n\t\t\t\t<div class=\"elementor-widget-container\">\n\t\t\t\t\t\t\t\t\t<p>The project was implemented in 2022.<\/p>\t\t\t\t\t\t\t\t<\/div>\n\t\t\t\t<\/div>\n\t\t\t\t<div class=\"elementor-element elementor-element-310f923 elementor-widget elementor-widget-text-editor\" data-id=\"310f923\" data-element_type=\"widget\" data-e-type=\"widget\" data-widget_type=\"text-editor.default\">\n\t\t\t\t<div class=\"elementor-widget-container\">\n\t\t\t\t\t\t\t\t\t<p><strong>The project was co-financed from the Multi-annual Program NIEPODLEG\u0141A for the years 2017-2022 within the Governmental Grant Program \u201cNiepodleg\u0142a\u201d.<\/strong><\/p>\t\t\t\t\t\t\t\t<\/div>\n\t\t\t\t<\/div>\n\t\t\t\t\t<\/div>\n\t\t<\/div>\n\t\t\t\t\t<\/div>\n\t\t<\/section>\n\t\t\t\t<\/div>\n\t\t","protected":false},"excerpt":{"rendered":"<p>The Eleven for Bia\u0142ystok The aim of the project was to build [&hellip;]<\/p>\n","protected":false},"author":1,"featured_media":0,"parent":0,"menu_order":0,"comment_status":"closed","ping_status":"closed","template":"page-templates\/page_front-page.php","meta":{"footnotes":""},"class_list":["post-1056","page","type-page","status-publish","hentry"],"_links":{"self":[{"href":"https:\/\/mwb.com.pl\/11stu\/wp-json\/wp\/v2\/pages\/1056","targetHints":{"allow":["GET"]}}],"collection":[{"href":"https:\/\/mwb.com.pl\/11stu\/wp-json\/wp\/v2\/pages"}],"about":[{"href":"https:\/\/mwb.com.pl\/11stu\/wp-json\/wp\/v2\/types\/page"}],"author":[{"embeddable":true,"href":"https:\/\/mwb.com.pl\/11stu\/wp-json\/wp\/v2\/users\/1"}],"replies":[{"embeddable":true,"href":"https:\/\/mwb.com.pl\/11stu\/wp-json\/wp\/v2\/comments?post=1056"}],"version-history":[{"count":14,"href":"https:\/\/mwb.com.pl\/11stu\/wp-json\/wp\/v2\/pages\/1056\/revisions"}],"predecessor-version":[{"id":1073,"href":"https:\/\/mwb.com.pl\/11stu\/wp-json\/wp\/v2\/pages\/1056\/revisions\/1073"}],"wp:attachment":[{"href":"https:\/\/mwb.com.pl\/11stu\/wp-json\/wp\/v2\/media?parent=1056"}],"curies":[{"name":"wp","href":"https:\/\/api.w.org\/{rel}","templated":true}]}}