{"id":403,"date":"2018-10-04T13:12:53","date_gmt":"2018-10-04T11:12:53","guid":{"rendered":"http:\/\/mwb.com.pl\/studia\/?page_id=403"},"modified":"2018-10-04T13:24:20","modified_gmt":"2018-10-04T11:24:20","slug":"zasady-etyki-publikacyjnej","status":"publish","type":"page","link":"http:\/\/mwb.com.pl\/studia\/zasady-etyki-publikacyjnej\/","title":{"rendered":"Zasady etyki publikacyjnej"},"content":{"rendered":"<p>Informacja o stosowaniu przez redakcj\u0119 \u201eStudi\u00f3w z Dziej\u00f3w Wojskowo\u015bci\u201d zasad etyki publikacyjnych zgodnych z wytycznymi Komitetu do spraw Etyki Publikacyjnej (COPE)<\/p>\n<ol>\n<li>Polityka redakcyjna\n<ul>\n<li>Stosowana polityka redakcyjna jest niezale\u017cna w stosunku do w\u0142a\u015bciciela i wydawcy \u2013 Muzeum Wojska w Bia\u0142ymstoku.<\/li>\n<li>Decyzje o przyj\u0119ciu materia\u0142u do prac redakcyjno-recenzyjnych s\u0105 podejmowane przez Kolegium redakcyjne. Zasady kwalifikowania artyku\u0142\u00f3w do druku s\u0105 transparentne.<\/li>\n<li>Przy podejmowaniu decyzji o przyj\u0119ciu artyku\u0142u do prac redakcyjno-recenzyjnych lub jego odrzuceniu Kolegium redakcyjne bierze pod uwag\u0119 tematyk\u0119, oryginalno\u015b\u0107 oraz znaczenie i przydatno\u015b\u0107 dla odbiorc\u00f3w czasopisma, bez ingerencji w\u0142a\u015bciciela i wydawcy.<\/li>\n<li>Redakcja stosuje wszelkie dost\u0119pne \u015brodki w celu zapobiegania plagiatom, nadu\u017cyciom i publikacji fa\u0142szywych danych.<\/li>\n<li>Stosowane s\u0105 procedury zapewniaj\u0105ce wysok\u0105 jako\u015b\u0107 merytoryczn\u0105 i edytorsk\u0105 publikowanych artyku\u0142\u00f3w.<\/li>\n<li>Wzgl\u0119dy komercyjne nie maj\u0105 wp\u0142ywu na decyzje redakcyjne, podejmowane przez Kolegium redakcyjne.<\/li>\n<li>Wydawca zapewnia poufno\u015b\u0107 i bezpiecze\u0144stwo danych osobowych.<\/li>\n<\/ul>\n<\/li>\n<\/ol>\n<p>&nbsp;<\/p>\n<ol start=\"2\">\n<li>Powinno\u015bci autor\u00f3w\n<ul>\n<li>Artyku\u0142y powinny zawiera\u0107 wk\u0142ad w\u0142asny autora w dan\u0105 dziedzin\u0119 wiedzy i stanowisko autora w odniesieniu do poruszanych problem\u00f3w.<\/li>\n<li>Autor (lub autorzy) sk\u0142ada o\u015bwiadczenie, \u017ce przed\u0142o\u017cony do publikacji tekst jest utworem oryginalnym, nie narusza praw os\u00f3b trzecich, nie by\u0142 nigdzie publikowany i zosta\u0142 przygotowany samodzielnie. Wszelkie zapo\u017cyczenia, cytaty, tabele i komentarze do nich u\u017cyte w tek\u015bcie powinny by\u0107 opatrzone odpowiednimi przypisami.<\/li>\n<li>Redakcja przeciwdzia\u0142a zjawiskom \u201eghostwriting\u201d i \u201eguest authorship\u201d.<\/li>\n<li>Autor odpowiada za prawdziwo\u015b\u0107 danych zamieszczonych dane w artykule, i \u017ce nie stanowi\u0105 plagiatu. W przypadku b\u0142\u0119d\u00f3w jest zobowi\u0105zany do odwo\u0142ania nieprawdziwych danych oraz korekty b\u0142\u0119d\u00f3w.<\/li>\n<\/ul>\n<\/li>\n<\/ol>\n<p>&nbsp;<\/p>\n<ol start=\"3\">\n<li>Zasady recenzowania tekst\u00f3w\n<ul>\n<li>Artyku\u0142y i glosy przes\u0142ane do publikacji w \u201eStudiach z Dziej\u00f3w Wojskowo\u015bci\u201d podlegaj\u0105 dwustopniowej procedurze recenzowania.<\/li>\n<li>W pierwszej kolejno\u015bci sporz\u0105dza si\u0119 recenzj\u0119 wewn\u0119trzn\u0105 w gronie Rady Naukowej Studi\u00f3w z Dziej\u00f3w Wojskowo\u015bci w \u015bcis\u0142ej wsp\u00f3\u0142pracy z Kolegium redakcyjnym czasopisma, dopuszczaj\u0105c\u0105 dany tekst do dalszych prac redakcyjno-recenzyjnych, lub wykluczaj\u0105c\u0105 go. W przypadku, gdy recenzja wewn\u0119trzna jest pozytywna, tekst zostaje zakwalifikowany do dalszego procedowania. Je\u017celi recenzja wewn\u0119trzna jest negatywna, autor jest informowany o odmowie publikacji oraz powodach takiej decyzji.<\/li>\n<li>W odniesieniu do ka\u017cdego tekstu, kt\u00f3ry przeszed\u0142 etap recenzji wewn\u0119trznej, recenzj\u0119 zewn\u0119trzn\u0105 sporz\u0105dza niezale\u017cnie od siebie dw\u00f3ch recenzent\u00f3w w systemie <em>double blind review<\/em>. W przypadku gdy recenzenci przedstawi\u0105 sprzeczne opinie, Kolegium redakcyjne powo\u0142uje trzeciego recenzenta, kt\u00f3rego opinia decyduje o dalszym losie artyku\u0142u.<\/li>\n<li>Recenzent\u00f3w zewn\u0119trznych wyznacza si\u0119 z listy recenzent\u00f3w. Lista recenzent\u00f3w \u2013 ekspert\u00f3w i autorytet\u00f3w w okre\u015blonych dziedzinach nauki, zapewniaj\u0105cych niezb\u0119dn\u0105 wiedz\u0119 do przeprowadzenia rzetelnej oceny danego artyku\u0142u \u2013 jest zamieszczona na stronie internetowej (zak\u0142adka \u201e<a href=\"http:\/\/mwb.com.pl\/studia\/lista-recenzentow\/\">Lista recenzent\u00f3w<\/a>\u201d w menu g\u0142\u00f3wnym) oraz w papierowej wersji czasopisma. Jest aktualizowana stosownie do potrzeb.<\/li>\n<li>Zasady recenzowania s\u0105 zamieszczone na witrynie wraz z arkuszem recenzyjnym (<a href=\"http:\/\/mwb.com.pl\/studia\/procedura-recenzowania\/\">procedura recenzowania<\/a>).<\/li>\n<li>Redakcja przekazuje artyku\u0142 do recenzenta (po usuni\u0119ciu wszelkich informacji o to\u017csamo\u015bci autora) w zaufaniu, \u017ce nie wykorzysta go on do cel\u00f3w osobistych.<\/li>\n<li>Zrecenzowany tekst wraz kwestionariuszami recenzent\u00f3w, po usuni\u0119ciu wszelkich informacji o to\u017csamo\u015bci recenzent\u00f3w, trafia do autora\/autor\u00f3w. Wymaga si\u0119, aby ewentualne uwagi recenzent\u00f3w zosta\u0142y uwzgl\u0119dnione przez autor\u00f3w pod sankcj\u0105 odrzucenia artyku\u0142u, b\u0105d\u017a rzetelnej argumentacji, wyja\u015bniaj\u0105cej odrzucenie uwag recenzent\u00f3w.<\/li>\n<li>Recenzenci proszeni s\u0105 o ujawnianie ew. plagiat\u00f3w, b\u0142\u0119d\u00f3w, manipulacji danymi, \u017ar\u00f3d\u0142ami itp. uchybie\u0144. Recenzenci oceniaj\u0105c artyku\u0142 s\u0105 zobowi\u0105zani do po\u0142o\u017cenia nacisku na rzetelno\u015b\u0107 tre\u015bci oraz oryginalno\u015b\u0107 i przydatno\u015b\u0107 tekst\u00f3w dla nauki w duchu sprawiedliwo\u015bci, obiektywizmu, rzetelno\u015bci i konstruktywnej krytyki.<\/li>\n<li>Redakcja zapewnia ochron\u0119 danych recenzent\u00f3w i poufno\u015b\u0107 materia\u0142\u00f3w przekazywanych do redakcji w okresie recenzowania.<\/li>\n<\/ul>\n<\/li>\n<\/ol>\n<p>&nbsp;<\/p>\n<ol start=\"4\">\n<li>Obowi\u0105zki Kolegium Redakcyjnego\n<ul>\n<li>Cz\u0142onkowie Kolegium Redakcyjnego s\u0105 specjalistami (naukowcami lub praktykami) w dziedzinie zgodnej z profilem \u201eStudi\u00f3w z Dziej\u00f3w Wojskowo\u015bci\u201d.<\/li>\n<li>Powinni dba\u0107 o rozw\u00f3j \u201eStudi\u00f3w z Dziej\u00f3w Wojskowo\u015bci\u201d oraz jego wysok\u0105 jako\u015b\u0107 merytoryczn\u0105 i edytorsk\u0105.<\/li>\n<li>Do zada\u0144 cz\u0142onk\u00f3w Kolegium Redakcyjnego nale\u017cy tak\u017ce poszukiwanie najlepszych autor\u00f3w i recenzent\u00f3w oraz odpowiedni dob\u00f3r temat\u00f3w.<\/li>\n<li>Cz\u0142onkowie Kolegium Redakcyjnego d\u0105\u017c\u0105 do zaspokojenia oczekiwa\u0144 czytelnik\u00f3w i autor\u00f3w, promuj\u0105 wolno\u015b\u0107 wypowiedzi, wykluczaj\u0105 korzy\u015bci biznesowe mog\u0105ce narusza\u0107 normy etyczne.<\/li>\n<li>Cz\u0142onkowie Kolegium Redakcyjnego odpowiadaj\u0105 za przyj\u0119cie do druku b\u0105d\u017a odrzucenie artyku\u0142u. Akceptuj\u0105 wy\u0142\u0105cznie teksty co do kt\u00f3rych maj\u0105 pewno\u015b\u0107, \u017ce zawieraj\u0105 rzetelne, prawdziwe wyniki bada\u0144 oraz informacje oparte na wiarygodnych \u017ar\u00f3d\u0142ach. Dok\u0142adaj\u0105 wszelkich stara\u0144 w celu wykrywania plagiat\u00f3w i wspieraj\u0105 autor\u00f3w, kt\u00f3rych prawa autorskie zosta\u0142y naruszone, stosuj\u0105c odpowiednie \u015brodki w stosunku do nieuczciwych autor\u00f3w, np. usuni\u0119cie artyku\u0142u z witryny itp. Staraj\u0105 si\u0119 nie dopuszcza\u0107 do konfliktu interes\u00f3w w odniesieniu do odrzucanych lub akceptowanych artyku\u0142\u00f3w.<\/li>\n<li>Obowi\u0105zkiem Kolegium redakcyjnego i Wydawcy jest ochrona danych osobowych.<\/li>\n<li>Kolegium redakcyjne ma obowi\u0105zek podj\u0105\u0107 dzia\u0142ania, polegaj\u0105ce nie tylko na odrzuceniu artyku\u0142u w przypadku podejrzenia, \u017ce artyku\u0142 jest plagiatem. Obowi\u0105zek ten obejmuje zar\u00f3wno opublikowane, jak i niepublikowane materia\u0142y. Je\u015bli odpowied\u017a osoby podejrzanej o plagiat nie jest satysfakcjonuj\u0105ca, zwraca si\u0119 do stosownych instytucji o zbadanie sprawy.<\/li>\n<\/ul>\n<\/li>\n<\/ol>\n<p>&nbsp;<\/p>\n<ol start=\"5\">\n<li>Etyka wydawnicza i w\u0142asno\u015b\u0107 intelektualna\n<ul>\n<li>Kolegium redakcyjne monitoruje przestrzeganie Kodeksu Etyki Publikacyjnej przez autor\u00f3w, recenzent\u00f3w i cz\u0142onk\u00f3w Kolegium redakcyjnego z zachowaniem norm etycznych i intelektualnych.<\/li>\n<li>Zachowana jest integralno\u015b\u0107 zapis\u00f3w naukowych i standard\u00f3w edytorskich.<\/li>\n<li>W przypadku zauwa\u017cenia nie\u015bcis\u0142o\u015bci lub b\u0142\u0119dnych stwierdze\u0144 w opublikowanym materiale Kolegium redakcyjne publikuje odpowiednio wyeksponowane wyja\u015bnienia, sprostowania, przeprosiny, je\u015bli jest to potrzebne.<\/li>\n<li>Kolegium redakcyjne u\u017cywa wszelkich mo\u017cliwych \u015brodk\u00f3w do wykrywania i dokumentowania plagiat\u00f3w i wszelkich form nierzetelno\u015bci naukowej.<\/li>\n<\/ul>\n<\/li>\n<\/ol>\n","protected":false},"excerpt":{"rendered":"<p>Informacja o stosowaniu przez redakcj\u0119 \u201eStudi\u00f3w z Dziej\u00f3w Wojskowo\u015bci\u201d zasad etyki publikacyjnych zgodnych z wytycznymi Komitetu do spraw Etyki Publikacyjnej (COPE) Polityka redakcyjna Stosowana polityka redakcyjna jest niezale\u017cna w stosunku do w\u0142a\u015bciciela i wydawcy \u2013 Muzeum Wojska w Bia\u0142ymstoku. Decyzje o przyj\u0119ciu materia\u0142u do prac redakcyjno-recenzyjnych s\u0105 podejmowane przez Kolegium redakcyjne. Zasady kwalifikowania artyku\u0142\u00f3w do [&hellip;]<\/p>\n","protected":false},"author":2,"featured_media":0,"parent":0,"menu_order":0,"comment_status":"closed","ping_status":"closed","template":"","meta":{"footnotes":""},"class_list":["post-403","page","type-page","status-publish","hentry"],"_links":{"self":[{"href":"http:\/\/mwb.com.pl\/studia\/wp-json\/wp\/v2\/pages\/403","targetHints":{"allow":["GET"]}}],"collection":[{"href":"http:\/\/mwb.com.pl\/studia\/wp-json\/wp\/v2\/pages"}],"about":[{"href":"http:\/\/mwb.com.pl\/studia\/wp-json\/wp\/v2\/types\/page"}],"author":[{"embeddable":true,"href":"http:\/\/mwb.com.pl\/studia\/wp-json\/wp\/v2\/users\/2"}],"replies":[{"embeddable":true,"href":"http:\/\/mwb.com.pl\/studia\/wp-json\/wp\/v2\/comments?post=403"}],"version-history":[{"count":7,"href":"http:\/\/mwb.com.pl\/studia\/wp-json\/wp\/v2\/pages\/403\/revisions"}],"predecessor-version":[{"id":409,"href":"http:\/\/mwb.com.pl\/studia\/wp-json\/wp\/v2\/pages\/403\/revisions\/409"}],"wp:attachment":[{"href":"http:\/\/mwb.com.pl\/studia\/wp-json\/wp\/v2\/media?parent=403"}],"curies":[{"name":"wp","href":"https:\/\/api.w.org\/{rel}","templated":true}]}}