{"id":33,"date":"2017-05-15T11:29:56","date_gmt":"2017-05-15T09:29:56","guid":{"rendered":"http:\/\/mwb.com.pl\/studia\/?page_id=33"},"modified":"2018-10-04T13:33:55","modified_gmt":"2018-10-04T11:33:55","slug":"dla-autorow","status":"publish","type":"page","link":"http:\/\/mwb.com.pl\/studia\/dla-autorow\/","title":{"rendered":"Dla autor\u00f3w"},"content":{"rendered":"<p>Artyku\u0142 przeznaczony do publikacji w \u201eStudiach z Dziej\u00f3w Wojskowo\u015bci\u201d powinien wnosi\u0107 oryginalne tre\u015bci do omawianej dziedziny i przedstawia\u0107 aktualny stan wiedzy. Redakcja przyjmuje do publikacji tak\u017ce opracowania o charakterze\u00a0 monograficznym lub przegl\u0105dowym, polemiki, glosy i komentarze.<\/p>\n<p>Autor podpisuje o\u015bwiadczenie, \u017ce zapozna\u0142 si\u0119 i przyj\u0105\u0142 zasady etyki publikacyjnej zgodne z wytycznymi Komitetu do spraw Etyki Publikacyjnej. S\u0105 one zamieszczone na stronie \u201eStudi\u00f3w z Dziej\u00f3w Wojskowo\u015bci\u201d w zak\u0142adce \u201e<a href=\"http:\/\/mwb.com.pl\/studia\/zasady-etyki-publikacyjnej\/\">Zasady etyki publikacyjnej<\/a>\u201d. Tym samym wyra\u017ca zgod\u0119 na skierowanie artyku\u0142u do obowi\u0105zuj\u0105cej w czasopi\u015bmie dwustopniowej procedury recenzyjnej, opisanej w zak\u0142adce \u201eProcedura recenzowania\u201d.<\/p>\n<p>Wymagane jest r\u00f3wnie\u017c podpisanie o\u015bwiadczenia, \u017ce artyku\u0142 jest utworem oryginalnym, nie narusza praw autorskich os\u00f3b trzecich i z\u0142o\u017cony zosta\u0142 wy\u0142\u0105cznie w redakcji \u201eStudi\u00f3w z Dziej\u00f3w Wojskowo\u015bci\u201d. Kolegium redakcyjne czasopisma uznaje, \u017ce \u201eghostwriting\u201d oraz \u201eguest authorship\u201d stanowi\u0105 przejawy \u0142amania rzetelno\u015bci naukowej. Pragn\u0105c unikn\u0105\u0107 nieporozumie\u0144 na tym tle, redakcja oczekuje ujawnienia wk\u0142adu w powstanie publikacji wszystkich os\u00f3b poza oficjalnym autorem\/autork\u0105 (autorstwo koncepcji, za\u0142o\u017ce\u0144, metod, dob\u00f3r bibliografii i przyk\u0142ad\u00f3w itp.). W przypadku publikacji wsp\u00f3\u0142autorskich konieczne jest precyzyjne okre\u015blenie udzia\u0142u poszczeg\u00f3lnych autor\u00f3w w realizacji tekst\u00f3w i z\u0142o\u017cenie przez nich w\/w o\u015bwiadczenia.<\/p>\n<p>Kolegium redakcyjne stosuje wszelkie dost\u0119pne \u015brodku w celu zapobiegania plagiatom, nadu\u017cyciom, publikacji fa\u0142szywych danych i wspieraj\u0105 autor\u00f3w, kt\u00f3rych prawa autorskie zosta\u0142y naruszone, stosuj\u0105c odpowiednie \u015brodki w stosunku do nieuczciwych autor\u00f3w. Kolegium dok\u0142ada stara\u0144, by nie dopuszcza\u0107 do konfliktu interes\u00f3w w odniesieniu do odrzucanych lub akceptowanych artyku\u0142\u00f3w. Zapewnia r\u00f3wnie\u017c monitorowanie Kodeksu Etyki Publikacyjnej przez autor\u00f3w, recenzent\u00f3w i cz\u0142onk\u00f3w Kolegium redakcyjnego z zachowaniem norm etycznych i intelektualnych. Wszelkie wykryte przypadki powy\u017cszych, nagannych zjawisk b\u0119d\u0105 po udokumentowaniu stanowczo pi\u0119tnowane jako przejawy naruszania zasad etyki przyj\u0119tych w \u015bwiecie nauki.<\/p>\n<p>&nbsp;<\/p>\n<p>Artyku\u0142y do kolejnego tomu czasopisma nale\u017cy przesy\u0142a\u0107 na adres:<br \/>\nobhw@mwb.com.pl<\/p>\n<p>&nbsp;<\/p>\n<p>Pliki do pobrania:<\/p>\n<p><a href=\"http:\/\/mwb.com.pl\/studia\/wp-content\/uploads\/2018\/10\/Instrukcja-wydawnicza-SzDW.pdf\">Instrukcja wydawnicza<\/a><\/p>\n<p><a href=\"http:\/\/mwb.com.pl\/studia\/wp-content\/uploads\/2017\/05\/Umowa-licencyjna.doc\">Umowa licencyjna<\/a><\/p>\n<p><a href=\"http:\/\/mwb.com.pl\/studia\/wp-content\/uploads\/2017\/05\/O\u015bwiadczenie-SzDW.doc\">O\u015bwiadczenie autora<\/a><\/p>\n","protected":false},"excerpt":{"rendered":"<p>Artyku\u0142 przeznaczony do publikacji w \u201eStudiach z Dziej\u00f3w Wojskowo\u015bci\u201d powinien wnosi\u0107 oryginalne tre\u015bci do omawianej dziedziny i przedstawia\u0107 aktualny stan wiedzy. Redakcja przyjmuje do publikacji tak\u017ce opracowania o charakterze\u00a0 monograficznym lub przegl\u0105dowym, polemiki, glosy i komentarze. Autor podpisuje o\u015bwiadczenie, \u017ce zapozna\u0142 si\u0119 i przyj\u0105\u0142 zasady etyki publikacyjnej zgodne z wytycznymi Komitetu do spraw Etyki Publikacyjnej. [&hellip;]<\/p>\n","protected":false},"author":2,"featured_media":0,"parent":0,"menu_order":0,"comment_status":"closed","ping_status":"closed","template":"","meta":{"footnotes":""},"class_list":["post-33","page","type-page","status-publish","hentry"],"_links":{"self":[{"href":"http:\/\/mwb.com.pl\/studia\/wp-json\/wp\/v2\/pages\/33","targetHints":{"allow":["GET"]}}],"collection":[{"href":"http:\/\/mwb.com.pl\/studia\/wp-json\/wp\/v2\/pages"}],"about":[{"href":"http:\/\/mwb.com.pl\/studia\/wp-json\/wp\/v2\/types\/page"}],"author":[{"embeddable":true,"href":"http:\/\/mwb.com.pl\/studia\/wp-json\/wp\/v2\/users\/2"}],"replies":[{"embeddable":true,"href":"http:\/\/mwb.com.pl\/studia\/wp-json\/wp\/v2\/comments?post=33"}],"version-history":[{"count":9,"href":"http:\/\/mwb.com.pl\/studia\/wp-json\/wp\/v2\/pages\/33\/revisions"}],"predecessor-version":[{"id":416,"href":"http:\/\/mwb.com.pl\/studia\/wp-json\/wp\/v2\/pages\/33\/revisions\/416"}],"wp:attachment":[{"href":"http:\/\/mwb.com.pl\/studia\/wp-json\/wp\/v2\/media?parent=33"}],"curies":[{"name":"wp","href":"https:\/\/api.w.org\/{rel}","templated":true}]}}