{"id":23,"date":"2017-05-15T11:22:11","date_gmt":"2017-05-15T09:22:11","guid":{"rendered":"http:\/\/mwb.com.pl\/studia\/?page_id=23"},"modified":"2018-04-19T09:42:25","modified_gmt":"2018-04-19T07:42:25","slug":"indeksacja-w-bazach-danych","status":"publish","type":"page","link":"http:\/\/mwb.com.pl\/studia\/indeksacja-w-bazach-danych\/","title":{"rendered":"Indeksacja w bazach danych"},"content":{"rendered":"<p>\u201eStudia z Dziej\u00f3w Wojskowo\u015bci\u201d zosta\u0142y zaindeksowane w nast\u0119puj\u0105cych bazach:<\/p>\n<p><a href=\"http:\/\/bazhum.pl\/bib\/journal\/855\/\" target=\"_blank\" rel=\"noopener\">BazHum<\/a><\/p>\n<p><a href=\"https:\/\/journals.indexcopernicus.com\/search\/details?id=14411\" target=\"_blank\" rel=\"noopener\">Index Copernicus<\/a><\/p>\n<p>&nbsp;<\/p>\n<p>Redakcja pracuje aktualnie nad poszerzeniem zakresu wpis\u00f3w do naukowych baz danych.<\/p>\n<p><img loading=\"lazy\" decoding=\"async\" class=\"alignleft wp-image-356 size-thumbnail\" src=\"http:\/\/mwb.com.pl\/studia\/wp-content\/uploads\/2018\/04\/bazhum2-150x150.jpg\" alt=\"\" width=\"150\" height=\"150\" \/><\/p>\n","protected":false},"excerpt":{"rendered":"<p>\u201eStudia z Dziej\u00f3w Wojskowo\u015bci\u201d zosta\u0142y zaindeksowane w nast\u0119puj\u0105cych bazach: BazHum Index Copernicus &nbsp; Redakcja pracuje aktualnie nad poszerzeniem zakresu wpis\u00f3w do naukowych baz danych.<\/p>\n","protected":false},"author":2,"featured_media":0,"parent":0,"menu_order":0,"comment_status":"closed","ping_status":"closed","template":"","meta":{"footnotes":""},"class_list":["post-23","page","type-page","status-publish","hentry"],"_links":{"self":[{"href":"http:\/\/mwb.com.pl\/studia\/wp-json\/wp\/v2\/pages\/23","targetHints":{"allow":["GET"]}}],"collection":[{"href":"http:\/\/mwb.com.pl\/studia\/wp-json\/wp\/v2\/pages"}],"about":[{"href":"http:\/\/mwb.com.pl\/studia\/wp-json\/wp\/v2\/types\/page"}],"author":[{"embeddable":true,"href":"http:\/\/mwb.com.pl\/studia\/wp-json\/wp\/v2\/users\/2"}],"replies":[{"embeddable":true,"href":"http:\/\/mwb.com.pl\/studia\/wp-json\/wp\/v2\/comments?post=23"}],"version-history":[{"count":6,"href":"http:\/\/mwb.com.pl\/studia\/wp-json\/wp\/v2\/pages\/23\/revisions"}],"predecessor-version":[{"id":360,"href":"http:\/\/mwb.com.pl\/studia\/wp-json\/wp\/v2\/pages\/23\/revisions\/360"}],"wp:attachment":[{"href":"http:\/\/mwb.com.pl\/studia\/wp-json\/wp\/v2\/media?parent=23"}],"curies":[{"name":"wp","href":"https:\/\/api.w.org\/{rel}","templated":true}]}}