{"id":21,"date":"2017-05-15T11:21:55","date_gmt":"2017-05-15T09:21:55","guid":{"rendered":"http:\/\/mwb.com.pl\/studia\/?page_id=21"},"modified":"2017-05-31T13:05:22","modified_gmt":"2017-05-31T11:05:22","slug":"instrukcja-wydawnicza","status":"publish","type":"page","link":"http:\/\/mwb.com.pl\/studia\/instrukcja-wydawnicza\/","title":{"rendered":"Instrukcja wydawnicza"},"content":{"rendered":"<p>Instrukcj\u0119 wydawnicz\u0105 mo\u017cna pobra\u0107 <a href=\"http:\/\/mwb.com.pl\/studia\/wp-content\/uploads\/2017\/05\/Instrukcja-wydawnicza-MWB.pdf\">tutaj<\/a>.<\/p>\n<p>&nbsp;<\/p>\n","protected":false},"excerpt":{"rendered":"<p>Instrukcj\u0119 wydawnicz\u0105 mo\u017cna pobra\u0107 tutaj. &nbsp;<\/p>\n","protected":false},"author":2,"featured_media":0,"parent":0,"menu_order":0,"comment_status":"closed","ping_status":"closed","template":"","meta":{"footnotes":""},"class_list":["post-21","page","type-page","status-publish","hentry"],"_links":{"self":[{"href":"http:\/\/mwb.com.pl\/studia\/wp-json\/wp\/v2\/pages\/21","targetHints":{"allow":["GET"]}}],"collection":[{"href":"http:\/\/mwb.com.pl\/studia\/wp-json\/wp\/v2\/pages"}],"about":[{"href":"http:\/\/mwb.com.pl\/studia\/wp-json\/wp\/v2\/types\/page"}],"author":[{"embeddable":true,"href":"http:\/\/mwb.com.pl\/studia\/wp-json\/wp\/v2\/users\/2"}],"replies":[{"embeddable":true,"href":"http:\/\/mwb.com.pl\/studia\/wp-json\/wp\/v2\/comments?post=21"}],"version-history":[{"count":5,"href":"http:\/\/mwb.com.pl\/studia\/wp-json\/wp\/v2\/pages\/21\/revisions"}],"predecessor-version":[{"id":227,"href":"http:\/\/mwb.com.pl\/studia\/wp-json\/wp\/v2\/pages\/21\/revisions\/227"}],"wp:attachment":[{"href":"http:\/\/mwb.com.pl\/studia\/wp-json\/wp\/v2\/media?parent=21"}],"curies":[{"name":"wp","href":"https:\/\/api.w.org\/{rel}","templated":true}]}}