{"id":17,"date":"2017-05-15T11:21:30","date_gmt":"2017-05-15T09:21:30","guid":{"rendered":"http:\/\/mwb.com.pl\/studia\/?page_id=17"},"modified":"2017-05-31T13:40:05","modified_gmt":"2017-05-31T11:40:05","slug":"rada-naukowa-obhw","status":"publish","type":"page","link":"http:\/\/mwb.com.pl\/studia\/rada-naukowa-obhw\/","title":{"rendered":"Rada Naukowa OBHW"},"content":{"rendered":"<h4>Rada Naukowa O\u015brodka Bada\u0144 Historii Wojskowej:<\/h4>\n<p>prof. dr hab. Adam Czes\u0142aw Dobro\u0144ski<br \/>\nprof. dr hab. Czes\u0142aw K. Grzelak<br \/>\nprof. dr hab. Norbert Kasparek<br \/>\nprof. dr hab. Grzegorz Nowik<br \/>\nprof. dr hab. Karol Olejnik<br \/>\np\u0142k dr hab. Juliusz S. Tym<br \/>\nprof. dr hab. Wojciech W\u0142odarkiewicz<\/p>\n","protected":false},"excerpt":{"rendered":"<p>Rada Naukowa O\u015brodka Bada\u0144 Historii Wojskowej: prof. dr hab. Adam Czes\u0142aw Dobro\u0144ski prof. dr hab. Czes\u0142aw K. Grzelak prof. dr hab. Norbert Kasparek prof. dr hab. Grzegorz Nowik prof. dr hab. Karol Olejnik p\u0142k dr hab. Juliusz S. Tym prof. dr hab. Wojciech W\u0142odarkiewicz<\/p>\n","protected":false},"author":2,"featured_media":0,"parent":0,"menu_order":0,"comment_status":"closed","ping_status":"closed","template":"","meta":{"footnotes":""},"class_list":["post-17","page","type-page","status-publish","hentry"],"_links":{"self":[{"href":"http:\/\/mwb.com.pl\/studia\/wp-json\/wp\/v2\/pages\/17","targetHints":{"allow":["GET"]}}],"collection":[{"href":"http:\/\/mwb.com.pl\/studia\/wp-json\/wp\/v2\/pages"}],"about":[{"href":"http:\/\/mwb.com.pl\/studia\/wp-json\/wp\/v2\/types\/page"}],"author":[{"embeddable":true,"href":"http:\/\/mwb.com.pl\/studia\/wp-json\/wp\/v2\/users\/2"}],"replies":[{"embeddable":true,"href":"http:\/\/mwb.com.pl\/studia\/wp-json\/wp\/v2\/comments?post=17"}],"version-history":[{"count":3,"href":"http:\/\/mwb.com.pl\/studia\/wp-json\/wp\/v2\/pages\/17\/revisions"}],"predecessor-version":[{"id":222,"href":"http:\/\/mwb.com.pl\/studia\/wp-json\/wp\/v2\/pages\/17\/revisions\/222"}],"wp:attachment":[{"href":"http:\/\/mwb.com.pl\/studia\/wp-json\/wp\/v2\/media?parent=17"}],"curies":[{"name":"wp","href":"https:\/\/api.w.org\/{rel}","templated":true}]}}