{"id":10,"date":"2014-06-09T05:43:12","date_gmt":"2014-06-09T05:43:12","guid":{"rendered":"http:\/\/mwb.com.pl\/s3d\/?page_id=10"},"modified":"2014-06-09T07:45:24","modified_gmt":"2014-06-09T07:45:24","slug":"kontakt","status":"publish","type":"page","link":"http:\/\/mwb.com.pl\/s3d\/kontakt\/","title":{"rendered":"Kontakt"},"content":{"rendered":"<p style=\"text-align: center;\">Koordynatorzy projektu:<\/p>\n<p style=\"text-align: center;\">Anna Danilewicz<\/p>\n<p style=\"text-align: center;\">adanilewicz@mwb.com.pl<\/p>\n<p style=\"text-align: center;\">tel. 535947007<\/p>\n<p>&nbsp;<\/p>\n<p style=\"text-align: center;\">Marcin Kozi\u0144ski<\/p>\n<p style=\"text-align: center;\">mkozinski@mwb.com.pl<\/p>\n<p style=\"text-align: center;\">tel. 535623007<\/p>\n<p style=\"text-align: center;\">&#8212;<\/p>\n<p style=\"text-align: center;\">Muzem Wojska w Bia\u0142ymstoku<\/p>\n<p style=\"text-align: center;\">ul. Jana Kili\u0144skiego 7, 15-089 Bia\u0142ystok<\/p>\n<p style=\"text-align: center;\"><a href=\"http:\/\/mwb.com.pl\/mwb2014\" target=\"_blank\">www.mwb.com.pl<\/a><\/p>\n<p style=\"text-align: center;\"><a href=\"https:\/\/www.facebook.com\/muzeumpamiecisybiru?ref=hl\" target=\"_blank\">www.facebook.com.pl\/MuzeumPamieciSybiru<\/a><\/p>\n","protected":false},"excerpt":{"rendered":"<p>Koordynatorzy projektu: Anna Danilewicz adanilewicz@mwb.com.pl tel. 535947007 &nbsp; Marcin Kozi\u0144ski mkozinski@mwb.com.pl tel. 535623007 &#8212; Muzem Wojska w Bia\u0142ymstoku ul. Jana Kili\u0144skiego 7, 15-089 Bia\u0142ystok www.mwb.com.pl www.facebook.com.pl\/MuzeumPamieciSybiru<\/p>\n","protected":false},"author":1,"featured_media":0,"parent":0,"menu_order":3,"comment_status":"closed","ping_status":"open","template":"","meta":{"footnotes":""},"class_list":["post-10","page","type-page","status-publish","hentry"],"_links":{"self":[{"href":"http:\/\/mwb.com.pl\/s3d\/wp-json\/wp\/v2\/pages\/10","targetHints":{"allow":["GET"]}}],"collection":[{"href":"http:\/\/mwb.com.pl\/s3d\/wp-json\/wp\/v2\/pages"}],"about":[{"href":"http:\/\/mwb.com.pl\/s3d\/wp-json\/wp\/v2\/types\/page"}],"author":[{"embeddable":true,"href":"http:\/\/mwb.com.pl\/s3d\/wp-json\/wp\/v2\/users\/1"}],"replies":[{"embeddable":true,"href":"http:\/\/mwb.com.pl\/s3d\/wp-json\/wp\/v2\/comments?post=10"}],"version-history":[{"count":10,"href":"http:\/\/mwb.com.pl\/s3d\/wp-json\/wp\/v2\/pages\/10\/revisions"}],"predecessor-version":[{"id":56,"href":"http:\/\/mwb.com.pl\/s3d\/wp-json\/wp\/v2\/pages\/10\/revisions\/56"}],"wp:attachment":[{"href":"http:\/\/mwb.com.pl\/s3d\/wp-json\/wp\/v2\/media?parent=10"}],"curies":[{"name":"wp","href":"https:\/\/api.w.org\/{rel}","templated":true}]}}