{"id":98,"date":"2017-05-24T14:29:43","date_gmt":"2017-05-24T12:29:43","guid":{"rendered":"http:\/\/mwb.com.pl\/obrazy\/?page_id=98"},"modified":"2017-05-24T14:29:43","modified_gmt":"2017-05-24T12:29:43","slug":"oficer-i-trebacz-artylerii-konnej","status":"publish","type":"page","link":"http:\/\/mwb.com.pl\/obrazy\/oficer-i-trebacz-artylerii-konnej\/","title":{"rendered":"\u201eOficer i tr\u0119bacz artylerii konnej\u201d"},"content":{"rendered":"<h6><em><img loading=\"lazy\" decoding=\"async\" class=\"alignleft size-medium wp-image-99\" src=\"http:\/\/mwb.com.pl\/obrazy\/wp-content\/uploads\/2017\/05\/buedrzycki-260x300.jpg\" alt=\"Oficer i tr\u0119bacz artylerii konnej\" width=\"260\" height=\"300\" srcset=\"http:\/\/mwb.com.pl\/obrazy\/wp-content\/uploads\/2017\/05\/buedrzycki-260x300.jpg 260w, http:\/\/mwb.com.pl\/obrazy\/wp-content\/uploads\/2017\/05\/buedrzycki-768x885.jpg 768w, http:\/\/mwb.com.pl\/obrazy\/wp-content\/uploads\/2017\/05\/buedrzycki-889x1024.jpg 889w, http:\/\/mwb.com.pl\/obrazy\/wp-content\/uploads\/2017\/05\/buedrzycki-234x270.jpg 234w\" sizes=\"auto, (max-width: 260px) 100vw, 260px\" \/><\/em>Stanis\u0142aw Biedrzycki* (lata \u017cycia nieznane, dzia\u0142a\u0142 w latach 20 XX wieku),\u00a0\u201eOficer i tr\u0119bacz artylerii konnej\u201d, 1932 r.; akwarela,\u00a0wym.\u00a033 x 29 cm; sygn. MWB\/2044<\/h6>\n<h6>Centraln\u0105 cz\u0119\u015b\u0107 kompozycji zajmuj\u0105 dwaj konni \u017co\u0142nierze z okresu Ksi\u0119stwa Warszawskiego. Na pierwszym planie oficer na kasztanowym koniu, ubrany w ciemnozielon\u0105 kurtk\u0119 z wy\u0142ogami, ko\u0142nierzem i \u0142apkami czarnymi, w spodniach z czerwonymi lampasami, d\u0142ugich butach. Na g\u0142owie wysoka czapka rogatywka, w prawej d\u0142oni opuszczona szabla. Za nim, po lewej stronie, tr\u0119bacz (r\u00f3wnie\u017c na koniu) w bia\u0142ym mundurze. Obraz charakteryzuje do\u015b\u0107 zr\u0119czny, ale nieco twardy spos\u00f3b malowania postaci, zdradzaj\u0105cy autora nie do ko\u0144ca jeszcze obytego z farbami wodnymi. Artysta nie ustrzeg\u0142 si\u0119 r\u00f3wnie\u017c pewnych nie\u015bcis\u0142o\u015bci\u00a0 w odtwarzaniu reali\u00f3w historycznych mundur\u00f3w. W prawym dolnym rogu sygnatura &#8222;Biedrzycki 32&#8243;**<\/h6>\n<h6><em>* Stanis\u0142aw Biedrzycki (lata \u017cycia nieznane, dzia\u0142a\u0142 w latach 20 XX wieku) \u2013 malarz, batalista. Artysta\u00a0nie nale\u017cy do tw\u00f3rc\u00f3w szczeg\u00f3lnie znanych. Wiemy o nim jedynie , \u017ce w 1926 roku uzyska\u0142 III nagrod\u0119 w konkursie Dyrekcji Monopolu Tytoniowego na etykiety do cygar. Osoba o identycznym imieniu i nazwisku w 1912 r. studiowa\u0142a w warszawskiej Szkole Sztuk Pi\u0119knych.<\/em><\/h6>\n<h6><em>**Spodnie tr\u0119bacza powinny by\u0107 w kolorze czerwonym; lampas na spodniach oficera powinien by\u0107 czarny nie czerwony<\/em><\/h6>\n<p>&nbsp;<\/p>\n","protected":false},"excerpt":{"rendered":"<p>Stanis\u0142aw Biedrzycki* (lata \u017cycia nieznane, dzia\u0142a\u0142 w latach 20 XX wieku),\u00a0\u201eOficer i tr\u0119bacz artylerii konnej\u201d, 1932 r.; akwarela,\u00a0wym.\u00a033 x 29 cm; sygn. MWB\/2044 Centraln\u0105 cz\u0119\u015b\u0107 kompozycji zajmuj\u0105 dwaj konni \u017co\u0142nierze z okresu Ksi\u0119stwa Warszawskiego. Na pierwszym planie oficer na kasztanowym <a href=\"http:\/\/mwb.com.pl\/obrazy\/oficer-i-trebacz-artylerii-konnej\/\" class=\"read-more\">Czytaj wi\u0119cej<\/a><\/p>\n","protected":false},"author":2,"featured_media":0,"parent":0,"menu_order":0,"comment_status":"closed","ping_status":"closed","template":"","meta":{"footnotes":""},"class_list":["post-98","page","type-page","status-publish","hentry"],"_links":{"self":[{"href":"http:\/\/mwb.com.pl\/obrazy\/wp-json\/wp\/v2\/pages\/98","targetHints":{"allow":["GET"]}}],"collection":[{"href":"http:\/\/mwb.com.pl\/obrazy\/wp-json\/wp\/v2\/pages"}],"about":[{"href":"http:\/\/mwb.com.pl\/obrazy\/wp-json\/wp\/v2\/types\/page"}],"author":[{"embeddable":true,"href":"http:\/\/mwb.com.pl\/obrazy\/wp-json\/wp\/v2\/users\/2"}],"replies":[{"embeddable":true,"href":"http:\/\/mwb.com.pl\/obrazy\/wp-json\/wp\/v2\/comments?post=98"}],"version-history":[{"count":2,"href":"http:\/\/mwb.com.pl\/obrazy\/wp-json\/wp\/v2\/pages\/98\/revisions"}],"predecessor-version":[{"id":101,"href":"http:\/\/mwb.com.pl\/obrazy\/wp-json\/wp\/v2\/pages\/98\/revisions\/101"}],"wp:attachment":[{"href":"http:\/\/mwb.com.pl\/obrazy\/wp-json\/wp\/v2\/media?parent=98"}],"curies":[{"name":"wp","href":"https:\/\/api.w.org\/{rel}","templated":true}]}}