{"id":86,"date":"2017-05-24T13:03:49","date_gmt":"2017-05-24T11:03:49","guid":{"rendered":"http:\/\/mwb.com.pl\/obrazy\/?page_id=86"},"modified":"2017-05-24T13:07:54","modified_gmt":"2017-05-24T11:07:54","slug":"boj","status":"publish","type":"page","link":"http:\/\/mwb.com.pl\/obrazy\/boj\/","title":{"rendered":"&#8222;B\u00f3j&#8221;"},"content":{"rendered":"<h6><img loading=\"lazy\" decoding=\"async\" class=\"alignleft size-medium wp-image-87\" src=\"http:\/\/mwb.com.pl\/obrazy\/wp-content\/uploads\/2017\/05\/b\u00f3j-224x300.jpg\" alt=\"b\u00f3j\" width=\"224\" height=\"300\" srcset=\"http:\/\/mwb.com.pl\/obrazy\/wp-content\/uploads\/2017\/05\/b\u00f3j-224x300.jpg 224w, http:\/\/mwb.com.pl\/obrazy\/wp-content\/uploads\/2017\/05\/b\u00f3j-768x1028.jpg 768w, http:\/\/mwb.com.pl\/obrazy\/wp-content\/uploads\/2017\/05\/b\u00f3j-765x1024.jpg 765w, http:\/\/mwb.com.pl\/obrazy\/wp-content\/uploads\/2017\/05\/b\u00f3j-202x270.jpg 202w\" sizes=\"auto, (max-width: 224px) 100vw, 224px\" \/>Antoni Trzeszczkowski* (1902 \u2013 1977), &#8222;B\u00f3j&#8221;, brak daty powstania; olej, p\u0142\u00f3tno, wym. 33 x 24 cm, sygn. MWB\/2179<\/h6>\n<h6>Na pierwszym planie znajduje si\u0119 sylwetka u\u0142ana na koniu, w rzadkim uj\u0119ciu przodem.\u00a0 M\u0119\u017cczyzna ubrany jest w granatowo-b\u0142\u0119kitn\u0105 kurtk\u0119 mundurow\u0105; na g\u0142owie ma charakterystyczn\u0105 czapk\u0119 rogatywk\u0119.** W prawej d\u0142oni trzyma gotow\u0105 do walki szabl\u0119. W tle kolejni \u017co\u0142nierze. Scen\u0119 wyr\u00f3\u017cnia jej niezwykle dynamiczny charakter \u2013 konie w galopie, ruch, k\u0142\u0119by kurzu. W prawym dolnym rogu sygnatura \u201eTrzeszczkowski\u201d.<\/h6>\n<h6><em>* Antoni Trzeszczkowski (1902 \u2013 1977) \u2013 malarz batalista;\u00a0w m\u0142odo\u015bci walczy\u0142 w wojnie polsko-bolszewickiej, co mia\u0142o znacz\u0105cy wp\u0142yw na tematyk\u0119 jego tw\u00f3rczo\u015bci. Tworzy\u0142 obrazy nawi\u0105zuj\u0105ce tematycznie i formalnie do malarstwa Wojciecha Kossaka, charakteryzuj\u0105ce si\u0119 dobrym rysunkiem oraz swobod\u0105 i dynamik\u0105 \u015bwietnie uchwyconych w ruchu koni i walcz\u0105cych \u017co\u0142nierzy. Malowa\u0142 zwyci\u0119skie bitwy polskiego or\u0119\u017ca, sceny konne, walk\u0119 husarii i u\u0142an\u00f3w. Du\u017ca wag\u0119 przyk\u0142ada\u0142 do studi\u00f3w nad mundurem i wyposa\u017ceniem wojskowym, kt\u00f3rego by\u0142 znawc\u0105. Zajmowa\u0142 si\u0119 tak\u017ce ilustracj\u0105; jego rysunki zamieszczone by\u0142y\u00a0 m.in. w \u201eKsi\u0119dze chwa\u0142y piechoty\u201d (Warszawa 1939).<\/em><\/h6>\n<h6><em>** Rogatywka to charakterystyczne dla polskich formacji wojskowych nakrycie g\u0142owy, w czasach napoleo\u0144skich podkre\u015blaj\u0105ce narodowy charakter wojska. Wed\u0142ug przepis\u00f3w z 1810 roku, rogatywki u\u0142an\u00f3w i piechoty (fizylier\u00f3w i wolty\u017cer\u00f3w) wykonywano z czarnego filcu i p\u0142\u00f3tna ze sk\u00f3rzanym daszkiem, mia\u0142y wysoko\u015b\u0107 9 cali (22,5 cm) i szeroko\u015b\u0107 bok\u00f3w 10 cali (25 cm), zdobione by\u0142y okuciami, kitami, kokardami i kordonami. Przewidywany czas u\u017cytkowania \u2013 4 lata.<\/em><\/h6>\n","protected":false},"excerpt":{"rendered":"<p>Antoni Trzeszczkowski* (1902 \u2013 1977), &#8222;B\u00f3j&#8221;, brak daty powstania; olej, p\u0142\u00f3tno, wym. 33 x 24 cm, sygn. MWB\/2179 Na pierwszym planie znajduje si\u0119 sylwetka u\u0142ana na koniu, w rzadkim uj\u0119ciu przodem.\u00a0 M\u0119\u017cczyzna ubrany jest w granatowo-b\u0142\u0119kitn\u0105 kurtk\u0119 mundurow\u0105; na g\u0142owie <a href=\"http:\/\/mwb.com.pl\/obrazy\/boj\/\" class=\"read-more\">Czytaj wi\u0119cej<\/a><\/p>\n","protected":false},"author":2,"featured_media":0,"parent":0,"menu_order":0,"comment_status":"closed","ping_status":"closed","template":"","meta":{"footnotes":""},"class_list":["post-86","page","type-page","status-publish","hentry"],"_links":{"self":[{"href":"http:\/\/mwb.com.pl\/obrazy\/wp-json\/wp\/v2\/pages\/86","targetHints":{"allow":["GET"]}}],"collection":[{"href":"http:\/\/mwb.com.pl\/obrazy\/wp-json\/wp\/v2\/pages"}],"about":[{"href":"http:\/\/mwb.com.pl\/obrazy\/wp-json\/wp\/v2\/types\/page"}],"author":[{"embeddable":true,"href":"http:\/\/mwb.com.pl\/obrazy\/wp-json\/wp\/v2\/users\/2"}],"replies":[{"embeddable":true,"href":"http:\/\/mwb.com.pl\/obrazy\/wp-json\/wp\/v2\/comments?post=86"}],"version-history":[{"count":4,"href":"http:\/\/mwb.com.pl\/obrazy\/wp-json\/wp\/v2\/pages\/86\/revisions"}],"predecessor-version":[{"id":89,"href":"http:\/\/mwb.com.pl\/obrazy\/wp-json\/wp\/v2\/pages\/86\/revisions\/89"}],"wp:attachment":[{"href":"http:\/\/mwb.com.pl\/obrazy\/wp-json\/wp\/v2\/media?parent=86"}],"curies":[{"name":"wp","href":"https:\/\/api.w.org\/{rel}","templated":true}]}}