{"id":82,"date":"2017-05-24T12:56:10","date_gmt":"2017-05-24T10:56:10","guid":{"rendered":"http:\/\/mwb.com.pl\/obrazy\/?page_id=82"},"modified":"2017-06-09T15:05:50","modified_gmt":"2017-06-09T13:05:50","slug":"kirasjer","status":"publish","type":"page","link":"http:\/\/mwb.com.pl\/obrazy\/kirasjer\/","title":{"rendered":"&#8222;Kirasjer&#8221;"},"content":{"rendered":"<h6 style=\"text-align: left;\"><em><img loading=\"lazy\" decoding=\"async\" class=\"alignleft size-medium wp-image-83\" src=\"http:\/\/mwb.com.pl\/obrazy\/wp-content\/uploads\/2017\/05\/kirasjer-218x300.jpg\" alt=\"kirasjer\" width=\"218\" height=\"300\" srcset=\"http:\/\/mwb.com.pl\/obrazy\/wp-content\/uploads\/2017\/05\/kirasjer-218x300.jpg 218w, http:\/\/mwb.com.pl\/obrazy\/wp-content\/uploads\/2017\/05\/kirasjer-768x1055.jpg 768w, http:\/\/mwb.com.pl\/obrazy\/wp-content\/uploads\/2017\/05\/kirasjer-746x1024.jpg 746w, http:\/\/mwb.com.pl\/obrazy\/wp-content\/uploads\/2017\/05\/kirasjer-197x270.jpg 197w\" sizes=\"auto, (max-width: 218px) 100vw, 218px\" \/><\/em>Jerzy\u00a0Kossak* (1886-1955), &#8222;Kirasjer&#8221;, brak daty powstania; olej, sklejka; wym. 31 x 32 cm, sygn. MWB\/2284<\/h6>\n<h6>Praca przedstawia \u017co\u0142nierza 14 pu\u0142ku kirasjer\u00f3w jazdy Ksi\u0119stwa Warszawskiego, jad\u0105cego konno przez las.** M\u0119\u017cczyzna ubrany jest w granatow\u0105 kurtk\u0119 mundurow\u0105 z p\u0105sowymi wypustkami i ko\u0142nierzem oraz z\u0142otymi naramiennikami. Na piersi nosi kirys***, przez lewe rami\u0119 przewieszony bia\u0142y pas \u0142adownicy. Spodnie bia\u0142e, buty d\u0142ugie czarne. Na g\u0142owie charakterystyczny he\u0142m z grzebieniem. Kirasjer jedzie na koniu ma\u015bci kasztanowej, mijaj\u0105c drzewa. W prawym dolnym rogu sygnatura artysty \u201eJerzy Kossak\u201d.<\/h6>\n<h6><em>*Jerzy Kossak* (1886-1955) \u2013 malarz, przedstawiciel realizmu; tworzy\u0142 sceny batalistyczne, historyczne i rodzajowe z wszechobecnym motywem konia. Nale\u017ca\u0142 do trzeciego pokolenia Kossak\u00f3w-malarzy. Jego dziadkiem by\u0142 Juliusz, a ojcem Wojciech. To zreszt\u0105 nie koniec artystycznych konotacji rodzinnych \u2013 siostrami Jerzego by\u0142y Magdalena Samozwaniec i Maria Pawlikowska Jasnorzewska, a c\u00f3rk\u0105 Simona Kossak.<\/em><\/h6>\n<h6><em>** Jerzy Kossak od dzieci\u0144stwa by\u0142 typowany przez dziadka Juliusza i ojca Wojciecha na sukcesora talentu i tradycji malarskiej familii. Kiedy w 1910 namalowa\u0142 kilka udanych obraz\u00f3w o tematyce napoleo\u0144skiej, jego wymagaj\u0105cy ojciec\u00a0 w \u00a0li\u015bcie do \u017cony pisa\u0142: \u201eZ Jurka b\u0119dzie t\u0119gi malarz (\u2026) Kochany, spracowa\u0142 si\u0119 rzeczywi\u015bcie i sze\u015b\u0107 obraz\u00f3w machn\u0105\u0142, z kt\u00f3rych wi\u0119kszo\u015b\u0107 dowodzi, \u017ce powinien by\u0107 z niego kapitalny malarz.\u201d Dorastanie w rodzinie malarzy sta\u0142o si\u0119 jednym z przekle\u0144stw Jerzego Kossaka ; m\u0119\u017cczyzna nie podj\u0105\u0142 \u017cadnych studi\u00f3w artystycznych, a sw\u00f3j talent szlifowa\u0142 jedynie w pracowni ojca. Od pocz\u0105tku swojej drogi artystycznej na\u015bladowa\u0142 go, wybiera\u0142 te same tematy, a niekiedy nawet kopiowa\u0142 jego obrazy. Porusza\u0142 si\u0119 przede wszystkim w tematyce napoleo\u0144skiej, scenach walk legionowych, potyczek, po\u015bcig\u00f3w u\u0142an\u00f3w za bolszewikami, a tak\u017ce znanych z wielu wersji scen typu &#8222;u\u0142an-ko\u0144-dziewczyna\u201d. <\/em><\/h6>\n<h6><em>*** Kirys to zbroja ochraniaj\u0105ca korpus sk\u0142adaj\u0105ca si\u0119 z dw\u00f3ch cz\u0119\u015bci: ochraniaj\u0105cego pier\u015b napier\u015bnika i os\u0142aniaj\u0105cego plecy naplecznika, po\u0142\u0105czonych za pomoc\u0105 rzemieni i klamr w pasie, po bokach i na ramionach.<\/em><\/h6>\n","protected":false},"excerpt":{"rendered":"<p>Jerzy\u00a0Kossak* (1886-1955), &#8222;Kirasjer&#8221;, brak daty powstania; olej, sklejka; wym. 31 x 32 cm, sygn. MWB\/2284 Praca przedstawia \u017co\u0142nierza 14 pu\u0142ku kirasjer\u00f3w jazdy Ksi\u0119stwa Warszawskiego, jad\u0105cego konno przez las.** M\u0119\u017cczyzna ubrany jest w granatow\u0105 kurtk\u0119 mundurow\u0105 z p\u0105sowymi wypustkami i ko\u0142nierzem <a href=\"http:\/\/mwb.com.pl\/obrazy\/kirasjer\/\" class=\"read-more\">Czytaj wi\u0119cej<\/a><\/p>\n","protected":false},"author":2,"featured_media":0,"parent":0,"menu_order":0,"comment_status":"closed","ping_status":"closed","template":"","meta":{"footnotes":""},"class_list":["post-82","page","type-page","status-publish","hentry"],"_links":{"self":[{"href":"http:\/\/mwb.com.pl\/obrazy\/wp-json\/wp\/v2\/pages\/82","targetHints":{"allow":["GET"]}}],"collection":[{"href":"http:\/\/mwb.com.pl\/obrazy\/wp-json\/wp\/v2\/pages"}],"about":[{"href":"http:\/\/mwb.com.pl\/obrazy\/wp-json\/wp\/v2\/types\/page"}],"author":[{"embeddable":true,"href":"http:\/\/mwb.com.pl\/obrazy\/wp-json\/wp\/v2\/users\/2"}],"replies":[{"embeddable":true,"href":"http:\/\/mwb.com.pl\/obrazy\/wp-json\/wp\/v2\/comments?post=82"}],"version-history":[{"count":4,"href":"http:\/\/mwb.com.pl\/obrazy\/wp-json\/wp\/v2\/pages\/82\/revisions"}],"predecessor-version":[{"id":185,"href":"http:\/\/mwb.com.pl\/obrazy\/wp-json\/wp\/v2\/pages\/82\/revisions\/185"}],"wp:attachment":[{"href":"http:\/\/mwb.com.pl\/obrazy\/wp-json\/wp\/v2\/media?parent=82"}],"curies":[{"name":"wp","href":"https:\/\/api.w.org\/{rel}","templated":true}]}}