{"id":75,"date":"2017-05-24T12:23:41","date_gmt":"2017-05-24T10:23:41","guid":{"rendered":"http:\/\/mwb.com.pl\/obrazy\/?page_id=75"},"modified":"2017-05-29T09:59:02","modified_gmt":"2017-05-29T07:59:02","slug":"ulan","status":"publish","type":"page","link":"http:\/\/mwb.com.pl\/obrazy\/ulan\/","title":{"rendered":"&#8222;U\u0142an 1 pu\u0142ku u\u0142an\u00f3w Ksi\u0119stwa Warszawskiego&#8221;"},"content":{"rendered":"<h6 style=\"text-align: left;\"><em><img loading=\"lazy\" decoding=\"async\" class=\"alignleft size-medium wp-image-79\" src=\"http:\/\/mwb.com.pl\/obrazy\/wp-content\/uploads\/2017\/05\/kossak-300x210.jpg\" alt=\"U\u0142an 1 pu\u0142ku u\u0142an\u00f3w Ksi\u0119stwa Warszawskiego\" width=\"300\" height=\"210\" srcset=\"http:\/\/mwb.com.pl\/obrazy\/wp-content\/uploads\/2017\/05\/kossak-300x210.jpg 300w, http:\/\/mwb.com.pl\/obrazy\/wp-content\/uploads\/2017\/05\/kossak-768x537.jpg 768w, http:\/\/mwb.com.pl\/obrazy\/wp-content\/uploads\/2017\/05\/kossak-1024x716.jpg 1024w, http:\/\/mwb.com.pl\/obrazy\/wp-content\/uploads\/2017\/05\/kossak-360x252.jpg 360w\" sizes=\"auto, (max-width: 300px) 100vw, 300px\" \/><\/em>Wojciech Kossak* (1856 \u2013 1942),\u00a0\u201eU\u0142an 1 pu\u0142ku u\u0142an\u00f3w Ksi\u0119stwa Warszawskiego\u201d;<br \/>\nbrak daty powstania; olej, tektura, wym. 25 x 35 cm, sygn. MWB\/1637<\/h6>\n<h6>Praca\u00a0przedstawia u\u0142ana z okresu Ksi\u0119stwa Warszawskiego. M\u0119\u017cczyzna w uj\u0119ciu lewym bokiem, na koniu. Ubrany w kurtk\u0119 kroju polskiego w kolorze granatowym, z p\u0105sowymi wy\u0142ogami p\u00f3\u0142, r\u0119kaw\u00f3w i ko\u0142nierzem. Na lewym ramieniu bia\u0142y pas \u0142adownicy. Spodnie szare, buty czarne, d\u0142ugie. Umundurowanie uzupe\u0142nia wysokie, czworograniaste czako. Przy siodle przytroczona szabla w pochwie, w prawej d\u0142oni lanca z bia\u0142o-czerwonym proporczykiem. Krajobraz w tle przedburzowy, z ciemniej\u0105cym niebosk\u0142onem, oraz pochylaj\u0105cymi si\u0119 trawami i krzewami. W prawym dolnym rogu sygnatura \u201eWojciech Kossak 1922\u201d i dedykacja przyjacielowi J\u00f3zefowi Myszkowskiemu.**<\/h6>\n<h6><em>*Wojciech Kossak (1856 \u2013 1942) &#8211; malarz, czo\u0142owy reprezentant nurtu malarstwa historycznego i batalistycznego utrzymanego w realistycznej konwencji.\u00a0Charakterystycznym rysem sztuki Kossaka by\u0142o odziedziczone po ojcu Juliuszu zami\u0142owanie do koni, kt\u00f3rych sylwetki bezb\u0142\u0119dnie chwyta\u0142 w bitewnym tumulcie, paradnym przemarszu i spoczynku. B\u0119d\u0105c sam \u017co\u0142nierzem (w latach 1886-89 odby\u0142 s\u0142u\u017cb\u0119 wojskow\u0105 w krakowskim pu\u0142ku u\u0142an\u00f3w; po wybuchu I wojny \u015bwiatowej zosta\u0142 powo\u0142any do armii austriackiej, za\u015b od 1918 s\u0142u\u017cy\u0142 w Wojsku Polskim jako major 3. pu\u0142ku u\u0142an\u00f3w) artysta doskonale zna\u0142 realia wojny; cechowa\u0142a go ponadto erudycyjna znajomo\u015b\u0107 historycznego kontekstu przedstawianych walk oparta na rzetelnych studiach uzbrojenia, mundur\u00f3w, militarnej strategii i bitewnej taktyki. <\/em><\/h6>\n<h6><em>**Trudno jednoznacznie ocenia\u0107 stopie\u0144 uczu\u0107 i za\u017cy\u0142o\u015bci innych, ale wydaje si\u0119, \u017ce umieszczona na obrazie dedykacja jest nieco na wyrost i ma charakter komercyjny. W opublikowanym wspomnieniach malarza J\u00f3zef Myszkowski nie pojawia si\u0119 ani razu, a w licz\u0105cym ponad 1500 stron, dwutomowym opracowaniu list\u00f3w Kossaka do \u017cony i bliskich, zaledwie sze\u015bciokrotnie, niemal zawsze w kontek\u015bcie rozlicze\u0144 finansowych.<\/em><\/h6>\n","protected":false},"excerpt":{"rendered":"<p>Wojciech Kossak* (1856 \u2013 1942),\u00a0\u201eU\u0142an 1 pu\u0142ku u\u0142an\u00f3w Ksi\u0119stwa Warszawskiego\u201d; brak daty powstania; olej, tektura, wym. 25 x 35 cm, sygn. MWB\/1637 Praca\u00a0przedstawia u\u0142ana z okresu Ksi\u0119stwa Warszawskiego. M\u0119\u017cczyzna w uj\u0119ciu lewym bokiem, na koniu. Ubrany w kurtk\u0119 kroju polskiego <a href=\"http:\/\/mwb.com.pl\/obrazy\/ulan\/\" class=\"read-more\">Czytaj wi\u0119cej<\/a><\/p>\n","protected":false},"author":2,"featured_media":0,"parent":0,"menu_order":0,"comment_status":"closed","ping_status":"closed","template":"","meta":{"footnotes":""},"class_list":["post-75","page","type-page","status-publish","hentry"],"_links":{"self":[{"href":"http:\/\/mwb.com.pl\/obrazy\/wp-json\/wp\/v2\/pages\/75","targetHints":{"allow":["GET"]}}],"collection":[{"href":"http:\/\/mwb.com.pl\/obrazy\/wp-json\/wp\/v2\/pages"}],"about":[{"href":"http:\/\/mwb.com.pl\/obrazy\/wp-json\/wp\/v2\/types\/page"}],"author":[{"embeddable":true,"href":"http:\/\/mwb.com.pl\/obrazy\/wp-json\/wp\/v2\/users\/2"}],"replies":[{"embeddable":true,"href":"http:\/\/mwb.com.pl\/obrazy\/wp-json\/wp\/v2\/comments?post=75"}],"version-history":[{"count":8,"href":"http:\/\/mwb.com.pl\/obrazy\/wp-json\/wp\/v2\/pages\/75\/revisions"}],"predecessor-version":[{"id":78,"href":"http:\/\/mwb.com.pl\/obrazy\/wp-json\/wp\/v2\/pages\/75\/revisions\/78"}],"wp:attachment":[{"href":"http:\/\/mwb.com.pl\/obrazy\/wp-json\/wp\/v2\/media?parent=75"}],"curies":[{"name":"wp","href":"https:\/\/api.w.org\/{rel}","templated":true}]}}