{"id":71,"date":"2017-05-24T12:09:27","date_gmt":"2017-05-24T10:09:27","guid":{"rendered":"http:\/\/mwb.com.pl\/obrazy\/?page_id=71"},"modified":"2017-05-24T13:10:39","modified_gmt":"2017-05-24T11:10:39","slug":"trebacz-pulku-lekkokonnego","status":"publish","type":"page","link":"http:\/\/mwb.com.pl\/obrazy\/trebacz-pulku-lekkokonnego\/","title":{"rendered":"\u201eTr\u0119bacz pu\u0142ku lekkokonnego\u201d"},"content":{"rendered":"<h6 style=\"text-align: left;\"><em><img loading=\"lazy\" decoding=\"async\" class=\"alignleft size-medium wp-image-72\" src=\"http:\/\/mwb.com.pl\/obrazy\/wp-content\/uploads\/2017\/05\/14-214x300.jpg\" alt=\"tr\u0119bacz\" width=\"214\" height=\"300\" srcset=\"http:\/\/mwb.com.pl\/obrazy\/wp-content\/uploads\/2017\/05\/14-214x300.jpg 214w, http:\/\/mwb.com.pl\/obrazy\/wp-content\/uploads\/2017\/05\/14-768x1077.jpg 768w, http:\/\/mwb.com.pl\/obrazy\/wp-content\/uploads\/2017\/05\/14-730x1024.jpg 730w, http:\/\/mwb.com.pl\/obrazy\/wp-content\/uploads\/2017\/05\/14-193x270.jpg 193w\" sizes=\"auto, (max-width: 214px) 100vw, 214px\" \/><\/em>Bronis\u0142aw Gembarzewski* (1872-1941), \u201eTr\u0119bacz pu\u0142ku lekkokonnego\u201d, l. 90 XIX w., akwarela, wym. 39 x 28 cm, sygn. MWB\/2050<\/h6>\n<h6>W centrum kompozycji, lewym bokiem, tr\u0119bacz pu\u0142ku\u00a0 lekkokonnego polskiej gwardii cesarza Napoleona z lat 1807 \u2013 1814 na siwym wierzchowcu. W g\u0142\u0119bi widoczna grupa \u017co\u0142nierzy z lancami.**<\/h6>\n<h6>*<em>Bronis\u0142awa Gembarzewski \u00a0\u2013 malarz batalista, historyk wojskowo\u015bci, pu\u0142kownik saper\u00f3w, muzeolog, wieloletni dyrektor Muzeum Narodowego oraz Muzeum Wojska w Warszawie. Z<\/em><em>apami\u0119tany zosta\u0142 jako wybitny znawca historii broni i munduru. Artysta<\/em><em>\u00a0ogromna wag\u0119 przywi\u0105zywa\u0142 do szczeg\u00f3\u0142owych kwerend, prowadzonych w archiwach wielu miast Europy.\u00a0 Szuka\u0142 i dokumentowa\u0142 w nich wszystko, co by\u0142o zwi\u0105zane z uzbrojeniem wojska polskiego, a powsta\u0142e szkice, rysunki i notatki wykorzystywa\u0142 w swoich pracach. W tym czasie przygotowa\u0142 r\u00f3wnie\u017c w\u0142asne, jednolite zasady dokumentacji graficznej badanych zbior\u00f3w. Sporz\u0105dzanie notat malarskich w jednej skali \u00a01 : 5, pozwala\u0142o mu na wyra\u017ane uchwycenie najdrobniejszych detali.<\/em><\/h6>\n<h6>** <em>Szwole\u017cerowie, wywodz\u0105cy swoj\u0105 nazw\u0119 od s\u0142\u00f3w Chevau-L\u00e9gers (lekkokonni) byli cz\u0119sto okre\u015blani lansjerami, a w Polsce tak\u017ce u\u0142anami. Jako lekk\u0105 kawaleri\u0119 u\u017cywano ich do rozpoznania i po\u015bcig\u00f3w oraz zada\u0144 os\u0142onowych. Jednak wielokrotnie potrzeba wymusza\u0142a rzucenie ich przeciwko ci\u0119\u017ckiej kawalerii, a nawet sformowanej w czworoboki piechoty. W starciach tych ogromnym atutem okaza\u0142a si\u0119 lanca &#8211; bro\u0144 s\u0142u\u017c\u0105ca do pchni\u0119\u0107 zbudowana z grotu i drzewca, maj\u0105ca \u0142\u0105czn\u0105 d\u0142ugo\u015b\u0107 285 mm. Wprowadzono j\u0105 na uzbrojenie pu\u0142ku w 14 wrze\u015bnia 1809 r. jako uzupe\u0142nienie wcze\u015bniej u\u017cywanych pa\u0142aszy. \u00a0\u017bo\u0142nierze, mimo pocz\u0105tkowego sceptycyzmu, szybko nauczyli si\u0119 walczy\u0107 broni\u0105 po mistrzowsku. Wielokrotnie zdarza\u0142o si\u0119 p\u00f3\u017aniej, i\u017c dobrze wyszkolony w walce lanc\u0105 kawalerzysta zwyci\u0119\u017ca\u0142 w walce prowadzonej na raz z kilkom przeciwnikami. <\/em><\/h6>\n","protected":false},"excerpt":{"rendered":"<p>Bronis\u0142aw Gembarzewski* (1872-1941), \u201eTr\u0119bacz pu\u0142ku lekkokonnego\u201d, l. 90 XIX w., akwarela, wym. 39 x 28 cm, sygn. MWB\/2050 W centrum kompozycji, lewym bokiem, tr\u0119bacz pu\u0142ku\u00a0 lekkokonnego polskiej gwardii cesarza Napoleona z lat 1807 \u2013 1814 na siwym wierzchowcu. W g\u0142\u0119bi <a href=\"http:\/\/mwb.com.pl\/obrazy\/trebacz-pulku-lekkokonnego\/\" class=\"read-more\">Czytaj wi\u0119cej<\/a><\/p>\n","protected":false},"author":2,"featured_media":0,"parent":0,"menu_order":0,"comment_status":"closed","ping_status":"closed","template":"","meta":{"footnotes":""},"class_list":["post-71","page","type-page","status-publish","hentry"],"_links":{"self":[{"href":"http:\/\/mwb.com.pl\/obrazy\/wp-json\/wp\/v2\/pages\/71","targetHints":{"allow":["GET"]}}],"collection":[{"href":"http:\/\/mwb.com.pl\/obrazy\/wp-json\/wp\/v2\/pages"}],"about":[{"href":"http:\/\/mwb.com.pl\/obrazy\/wp-json\/wp\/v2\/types\/page"}],"author":[{"embeddable":true,"href":"http:\/\/mwb.com.pl\/obrazy\/wp-json\/wp\/v2\/users\/2"}],"replies":[{"embeddable":true,"href":"http:\/\/mwb.com.pl\/obrazy\/wp-json\/wp\/v2\/comments?post=71"}],"version-history":[{"count":2,"href":"http:\/\/mwb.com.pl\/obrazy\/wp-json\/wp\/v2\/pages\/71\/revisions"}],"predecessor-version":[{"id":95,"href":"http:\/\/mwb.com.pl\/obrazy\/wp-json\/wp\/v2\/pages\/71\/revisions\/95"}],"wp:attachment":[{"href":"http:\/\/mwb.com.pl\/obrazy\/wp-json\/wp\/v2\/media?parent=71"}],"curies":[{"name":"wp","href":"https:\/\/api.w.org\/{rel}","templated":true}]}}