{"id":2,"date":"2017-05-10T14:04:42","date_gmt":"2017-05-10T12:04:42","guid":{"rendered":"http:\/\/mwb.com.pl\/obrazy\/?page_id=2"},"modified":"2017-05-29T07:42:11","modified_gmt":"2017-05-29T05:42:11","slug":"biwak-zolnierzy-napoleonskich","status":"publish","type":"page","link":"http:\/\/mwb.com.pl\/obrazy\/biwak-zolnierzy-napoleonskich\/","title":{"rendered":"&#8222;Biwak \u017co\u0142nierzy napoleo\u0144skich&#8221;"},"content":{"rendered":"<p><img loading=\"lazy\" decoding=\"async\" class=\"alignleft size-medium wp-image-52\" src=\"http:\/\/mwb.com.pl\/obrazy\/wp-content\/uploads\/2017\/05\/biwak-\u017co\u0142nierzy-napoleo\u0144skich-300x148.jpg\" alt=\"biwak \u017co\u0142nierzy napoleo\u0144skich\" width=\"300\" height=\"148\" srcset=\"http:\/\/mwb.com.pl\/obrazy\/wp-content\/uploads\/2017\/05\/biwak-\u017co\u0142nierzy-napoleo\u0144skich-300x148.jpg 300w, http:\/\/mwb.com.pl\/obrazy\/wp-content\/uploads\/2017\/05\/biwak-\u017co\u0142nierzy-napoleo\u0144skich-768x379.jpg 768w, http:\/\/mwb.com.pl\/obrazy\/wp-content\/uploads\/2017\/05\/biwak-\u017co\u0142nierzy-napoleo\u0144skich-1024x505.jpg 1024w, http:\/\/mwb.com.pl\/obrazy\/wp-content\/uploads\/2017\/05\/biwak-\u017co\u0142nierzy-napoleo\u0144skich-360x178.jpg 360w\" sizes=\"auto, (max-width: 300px) 100vw, 300px\" \/><\/p>\n<h6 style=\"text-align: left;\">Marian Adamczewski* (lata \u017cycia nieznane, dzia\u0142a\u0142 do ko\u0144ca lat 30 XX wieku),<br \/>\n\u201eBiwak \u017co\u0142nierzy napoleo\u0144skich\u201d, 1908 r., olej, p\u0142\u00f3tno; wym. 110 x 64 cm,\u00a0sygn. MWB\/4616<\/h6>\n<h6>Scena przedstawia trzech \u017co\u0142nierzy napoleo\u0144skich w pejza\u017cu le\u015bnym, zimowym, ogrzewaj\u0105cych si\u0119 przy ognisku. Na pniu \u015bci\u0119tego drzewa, odwr\u00f3cony ty\u0142em, siedzi oficer pu\u0142ku kirasjer\u00f3w. Ubrany w mundur wielki do s\u0142u\u017cby konno z lat 1810-12 (granatowy kolet z czerwonymi wypustkami, z\u0142ote naramienniki, bia\u0142e spodnie, czarne d\u0142ugie buty je\u017adzieckie), w kirysie (odrzuconym w 1813 roku), popielaty p\u0142aszcz kolisty z peleryn\u0105. Na g\u0142owie m\u0119\u017cczyzny kirasjerski he\u0142m stalowy z grzebieniem, kita i ogon z czarnego w\u0142osa. Naprzeciw niego dwaj \u017co\u0142nierze &#8211; jeden stoi oparty z za\u0142o\u017conymi d\u0142o\u0144mi o szabl\u0119, drugi siedzi &#8211; w mundurach w barwach Legii Nadwi\u015bla\u0144skiej** (granatowe z \u017c\u00f3\u0142tymi wy\u0142ogami i ko\u0142nierzem, spodnie z lampasami), w p\u0142aszczach charakterystycznych dla Pu\u0142ku Nadwi\u015bla\u0144skiego w kampanii 1814 r. (popielaty, kolisty, z peleryn\u0105 i \u017c\u00f3\u0142tym ko\u0142nierzem). Na g\u0142owach wysokie czapki u\u0142anki, granatowe, z czarnym daszkiem okutym blach\u0105, du\u017cym or\u0142em na tarczy oraz kokard\u0105 w barwach francuskich, umocowan\u0105 na tulei do zatkni\u0119cia kity. Na drugim planie: za \u017co\u0142nierzami zniszczony namiot, po lewej stronie trzy nierozkublaczone konie, kolejno ma\u015bci karej, siwej, kasztanowej. W lewym dolnym rogu sygnatura &#8222;M. Adamczewski 1908&#8221;.<\/h6>\n<h6><em>* Adamczewski by\u0142 malarzem czynnym w Warszawie od oko\u0142o 1906 r. Malowa\u0142 obrazy batalistyczne oraz rodzajowe, uczestniczy\u0142 w wystawach Towarzystwa Zach\u0119ty Sztuk Pi\u0119knych w Warszawie m.in. w Salonie Wiosennym w 1914 r., w Salonie Dorocznym w 1914 r. i w l. 1922\/23.<\/em><\/h6>\n<h6><em>**<\/em>\u00a0 <em>Legia Nadwi\u015bla\u0144ska to formacja wojska polskiego powsta\u0142a w 1808 pod nadzorem Napoleona z Legion\u00f3w Polskich we W\u0142oszech, pozostaj\u0105cych w s\u0142u\u017cbie kr\u00f3la Westfalii, oraz jazdy Legii Naddunajskiej. Jednostka pozostawa\u0142a na \u017co\u0142dzie francuskim, Ksi\u0119stwo Warszawskie zobowi\u0105za\u0142o si\u0119 do uzupe\u0142niania jej stanu osobowego. \u017bo\u0142nierzy, kt\u00f3rzy weszli w sk\u0142ad Legii Nadwi\u015bla\u0144skiej, udanie scharakteryzowa\u0142 Stefan \u017beromski w \u201ePopio\u0142ach\u201d: \u201eBy\u0142 to t\u0142um w\u0105sal\u00f3w, ogorza\u0142ych wyjadacz\u00f3w, mocarz\u00f3w, cynik\u00f3w i poszukiwaczy wszelkiego rodzaju awantur\u201d<\/em> <em>Legia Nadwi\u015bla\u0144ska bra\u0142a udzia\u0142 w kampanii hiszpa\u0144skiej (l. 1808-1812) i rosyjskiej (1812 r.), w 1813 r. wcielono j\u0105 do korpusu polskiego, dowodzonego przez ksi\u0119cia J\u00f3zefa Poniatowskiego.<\/em><\/h6>\n","protected":false},"excerpt":{"rendered":"<p>Marian Adamczewski* (lata \u017cycia nieznane, dzia\u0142a\u0142 do ko\u0144ca lat 30 XX wieku), \u201eBiwak \u017co\u0142nierzy napoleo\u0144skich\u201d, 1908 r., olej, p\u0142\u00f3tno; wym. 110 x 64 cm,\u00a0sygn. MWB\/4616 Scena przedstawia trzech \u017co\u0142nierzy napoleo\u0144skich w pejza\u017cu le\u015bnym, zimowym, ogrzewaj\u0105cych si\u0119 przy ognisku. Na pniu <a href=\"http:\/\/mwb.com.pl\/obrazy\/biwak-zolnierzy-napoleonskich\/\" class=\"read-more\">Czytaj wi\u0119cej<\/a><\/p>\n","protected":false},"author":2,"featured_media":0,"parent":0,"menu_order":0,"comment_status":"closed","ping_status":"closed","template":"","meta":{"footnotes":""},"class_list":["post-2","page","type-page","status-publish","hentry"],"_links":{"self":[{"href":"http:\/\/mwb.com.pl\/obrazy\/wp-json\/wp\/v2\/pages\/2","targetHints":{"allow":["GET"]}}],"collection":[{"href":"http:\/\/mwb.com.pl\/obrazy\/wp-json\/wp\/v2\/pages"}],"about":[{"href":"http:\/\/mwb.com.pl\/obrazy\/wp-json\/wp\/v2\/types\/page"}],"author":[{"embeddable":true,"href":"http:\/\/mwb.com.pl\/obrazy\/wp-json\/wp\/v2\/users\/2"}],"replies":[{"embeddable":true,"href":"http:\/\/mwb.com.pl\/obrazy\/wp-json\/wp\/v2\/comments?post=2"}],"version-history":[{"count":15,"href":"http:\/\/mwb.com.pl\/obrazy\/wp-json\/wp\/v2\/pages\/2\/revisions"}],"predecessor-version":[{"id":51,"href":"http:\/\/mwb.com.pl\/obrazy\/wp-json\/wp\/v2\/pages\/2\/revisions\/51"}],"wp:attachment":[{"href":"http:\/\/mwb.com.pl\/obrazy\/wp-json\/wp\/v2\/media?parent=2"}],"curies":[{"name":"wp","href":"https:\/\/api.w.org\/{rel}","templated":true}]}}