{"id":14,"date":"2017-05-11T11:01:13","date_gmt":"2017-05-11T09:01:13","guid":{"rendered":"http:\/\/mwb.com.pl\/obrazy\/?page_id=14"},"modified":"2017-05-29T11:02:35","modified_gmt":"2017-05-29T09:02:35","slug":"kontakt","status":"publish","type":"page","link":"http:\/\/mwb.com.pl\/obrazy\/kontakt\/","title":{"rendered":"Kontakt"},"content":{"rendered":"<h6>Koordynator projektu:<br \/>\nMarcin Kozi\u0144ski<br \/>\ntel. 535 623 007<br \/>\nemail:mkozinski@mwb.com.pl<\/h6>\n<h6>Zdj\u0119cia: Szczepan Skibicki<br \/>\nGrafika: Barbara Bielawiec<br \/>\nStrona internetowa: Beata Wi\u015bniewska-Lewoc<\/h6>\n<h6>Muzeum Wojska w\u00a0Bia\u0142ymstoku<br \/>\nul. Jana Kili\u0144skiego 7<br \/>\n15-089 Bia\u0142ystok<br \/>\ntel. 85 741-64-49<br \/>\nfax 85 741-54-48<br \/>\ne-mail: biuro@mwb.com.pl<\/h6>\n","protected":false},"excerpt":{"rendered":"<p>Koordynator projektu: Marcin Kozi\u0144ski tel. 535 623 007 email:mkozinski@mwb.com.pl Zdj\u0119cia: Szczepan Skibicki Grafika: Barbara Bielawiec Strona internetowa: Beata Wi\u015bniewska-Lewoc Muzeum Wojska w\u00a0Bia\u0142ymstoku ul. Jana Kili\u0144skiego 7 15-089 Bia\u0142ystok tel. 85 741-64-49 fax 85 741-54-48 e-mail: biuro@mwb.com.pl<\/p>\n","protected":false},"author":2,"featured_media":0,"parent":0,"menu_order":0,"comment_status":"closed","ping_status":"closed","template":"","meta":{"footnotes":""},"class_list":["post-14","page","type-page","status-publish","hentry"],"_links":{"self":[{"href":"http:\/\/mwb.com.pl\/obrazy\/wp-json\/wp\/v2\/pages\/14","targetHints":{"allow":["GET"]}}],"collection":[{"href":"http:\/\/mwb.com.pl\/obrazy\/wp-json\/wp\/v2\/pages"}],"about":[{"href":"http:\/\/mwb.com.pl\/obrazy\/wp-json\/wp\/v2\/types\/page"}],"author":[{"embeddable":true,"href":"http:\/\/mwb.com.pl\/obrazy\/wp-json\/wp\/v2\/users\/2"}],"replies":[{"embeddable":true,"href":"http:\/\/mwb.com.pl\/obrazy\/wp-json\/wp\/v2\/comments?post=14"}],"version-history":[{"count":3,"href":"http:\/\/mwb.com.pl\/obrazy\/wp-json\/wp\/v2\/pages\/14\/revisions"}],"predecessor-version":[{"id":135,"href":"http:\/\/mwb.com.pl\/obrazy\/wp-json\/wp\/v2\/pages\/14\/revisions\/135"}],"wp:attachment":[{"href":"http:\/\/mwb.com.pl\/obrazy\/wp-json\/wp\/v2\/media?parent=14"}],"curies":[{"name":"wp","href":"https:\/\/api.w.org\/{rel}","templated":true}]}}