{"id":129,"date":"2017-05-29T10:05:48","date_gmt":"2017-05-29T08:05:48","guid":{"rendered":"http:\/\/mwb.com.pl\/obrazy\/?page_id=129"},"modified":"2017-05-29T10:05:48","modified_gmt":"2017-05-29T08:05:48","slug":"smierc-ksiecia-jozefa-poniatowskiego-w-bitwie-pod-lipskiem","status":"publish","type":"page","link":"http:\/\/mwb.com.pl\/obrazy\/smierc-ksiecia-jozefa-poniatowskiego-w-bitwie-pod-lipskiem\/","title":{"rendered":"\u201e\u015amier\u0107 ksi\u0119cia J\u00f3zefa Poniatowskiego w bitwie pod Lipskiem&#8221;"},"content":{"rendered":"<h6><img loading=\"lazy\" decoding=\"async\" class=\"alignleft size-medium wp-image-130\" src=\"http:\/\/mwb.com.pl\/obrazy\/wp-content\/uploads\/2017\/05\/\u015bmier\u0107-pod-Lipskiem-300x217.jpg\" alt=\"\" width=\"300\" height=\"217\" srcset=\"http:\/\/mwb.com.pl\/obrazy\/wp-content\/uploads\/2017\/05\/\u015bmier\u0107-pod-Lipskiem-300x217.jpg 300w, http:\/\/mwb.com.pl\/obrazy\/wp-content\/uploads\/2017\/05\/\u015bmier\u0107-pod-Lipskiem-768x556.jpg 768w, http:\/\/mwb.com.pl\/obrazy\/wp-content\/uploads\/2017\/05\/\u015bmier\u0107-pod-Lipskiem-1024x741.jpg 1024w, http:\/\/mwb.com.pl\/obrazy\/wp-content\/uploads\/2017\/05\/\u015bmier\u0107-pod-Lipskiem-360x260.jpg 360w\" sizes=\"auto, (max-width: 300px) 100vw, 300px\" \/>Nieznany malarz polski na podstawie obrazu Horacego Verneta*,\u00a0\u201e\u015amier\u0107 ksi\u0119cia J\u00f3zefa Poniatowskiego w bitwie pod Lipskiem&#8221;; po\u0142. XIX wieku; olej, p\u0142\u00f3tno, wym. 80 x 60 cm, sygn. MWB\/1372<\/h6>\n<h6>W centrum, prawym bokiem, posta\u0107 Ksi\u0119cia J\u00f3zefa Poniatowskiego na bia\u0142ym** koniu w galopie. M\u0119\u017cczyzna ubrany jest w granatow\u0105 kurtk\u0119 mundurow\u0105 ze srebrnymi naramiennikami, aramantowe spodnie z lampasami, buty do jazdy konnej. Na plecach ma zarzucon\u0105 burk\u0119. Na g\u0142owie czapk\u0119 typu czako. W prawej d\u0142oni opuszczony luf\u0105 do do\u0142u pistolet. Posta\u0107 Poniatowskiego namalowana jest w kolorach jasnych i kontrastowych.\u00a0 Wok\u00f3\u0142 dynamiczne sceny walki, je\u017adziec, \u017co\u0142nierze oddaj\u0105cy strza\u0142y. W dole wody rzeki Elstery.<\/h6>\n<h6><em>* Bezcenne p\u0142\u00f3tno &#8222;\u015amier\u0107 ksi\u0119cia J\u00f3zefa Poniatowskiego w bitwie pod Lipskiem&#8221; przepad\u0142o bez \u015bladu prawie sto lat temu &#8211; dok\u0142adnie w 1918 roku, wcze\u015bniej b\u0119d\u0105c cz\u0119\u015bci\u0105 paryskiej kolekcji Tyszkiewicz\u00f3w i Poniatowskich. W 2016 roku fundacja Communi \u00a0Hereditate, sprawuj\u0105ca piecz\u0119 nad polskim dziedzictwem kulturowym, poinformowa\u0142a, \u017ce oryginalny obraz znalaz\u0142 si\u0119 w &#8222;kolekcji&#8221; Corneliusa Gurlitta, w kt\u00f3rej sk\u0142ad wchodzi ponad tysi\u0105c dzie\u0142 wcze\u015bniej uznanych za zaginione.\u00a0<\/em><em>Odnalezienie skradzionego p\u0142\u00f3tna stanowi\u0142o mi\u0119dzynarodow\u0105 sensacj\u0119 . Wizja bohaterskiej \u015bmierci ksi\u0119cia namalowana przez Verneta, znacznie utrwali\u0142a legend\u0119 jednego z najwi\u0119kszych bohater\u00f3w narodowych w historii Polski, kt\u00f3ry w 1813 roku walczy\u0142 pod sztandarem Napoleona w &#8222;bitwie narod\u00f3w&#8221; &#8211; starciu zbrojnym z Austri\u0105, Prusami, Rosj\u0105 i Szwecj\u0105.<\/em><\/h6>\n<h6><em>**<\/em> <em>Co ciekawe Vernet, wykona\u0142 dwie r\u00f3\u017cni\u0105ce si\u0119 wersje obrazu, m.in. ma\u015bci\u0105 konia.<\/em><\/h6>\n","protected":false},"excerpt":{"rendered":"<p>Nieznany malarz polski na podstawie obrazu Horacego Verneta*,\u00a0\u201e\u015amier\u0107 ksi\u0119cia J\u00f3zefa Poniatowskiego w bitwie pod Lipskiem&#8221;; po\u0142. XIX wieku; olej, p\u0142\u00f3tno, wym. 80 x 60 cm, sygn. MWB\/1372 W centrum, prawym bokiem, posta\u0107 Ksi\u0119cia J\u00f3zefa Poniatowskiego na bia\u0142ym** koniu w galopie. <a href=\"http:\/\/mwb.com.pl\/obrazy\/smierc-ksiecia-jozefa-poniatowskiego-w-bitwie-pod-lipskiem\/\" class=\"read-more\">Czytaj wi\u0119cej<\/a><\/p>\n","protected":false},"author":2,"featured_media":0,"parent":0,"menu_order":0,"comment_status":"closed","ping_status":"closed","template":"","meta":{"footnotes":""},"class_list":["post-129","page","type-page","status-publish","hentry"],"_links":{"self":[{"href":"http:\/\/mwb.com.pl\/obrazy\/wp-json\/wp\/v2\/pages\/129","targetHints":{"allow":["GET"]}}],"collection":[{"href":"http:\/\/mwb.com.pl\/obrazy\/wp-json\/wp\/v2\/pages"}],"about":[{"href":"http:\/\/mwb.com.pl\/obrazy\/wp-json\/wp\/v2\/types\/page"}],"author":[{"embeddable":true,"href":"http:\/\/mwb.com.pl\/obrazy\/wp-json\/wp\/v2\/users\/2"}],"replies":[{"embeddable":true,"href":"http:\/\/mwb.com.pl\/obrazy\/wp-json\/wp\/v2\/comments?post=129"}],"version-history":[{"count":2,"href":"http:\/\/mwb.com.pl\/obrazy\/wp-json\/wp\/v2\/pages\/129\/revisions"}],"predecessor-version":[{"id":132,"href":"http:\/\/mwb.com.pl\/obrazy\/wp-json\/wp\/v2\/pages\/129\/revisions\/132"}],"wp:attachment":[{"href":"http:\/\/mwb.com.pl\/obrazy\/wp-json\/wp\/v2\/media?parent=129"}],"curies":[{"name":"wp","href":"https:\/\/api.w.org\/{rel}","templated":true}]}}