{"id":123,"date":"2017-05-29T09:57:31","date_gmt":"2017-05-29T07:57:31","guid":{"rendered":"http:\/\/mwb.com.pl\/obrazy\/?page_id=123"},"modified":"2017-05-30T09:13:45","modified_gmt":"2017-05-30T07:13:45","slug":"bitwa-pod-raszynem","status":"publish","type":"page","link":"http:\/\/mwb.com.pl\/obrazy\/bitwa-pod-raszynem\/","title":{"rendered":"&#8222;Bitwa pod Raszynem&#8221;"},"content":{"rendered":"<h6><img loading=\"lazy\" decoding=\"async\" class=\"alignleft size-medium wp-image-124\" src=\"http:\/\/mwb.com.pl\/obrazy\/wp-content\/uploads\/2017\/05\/pod-raszynem-300x232.jpg\" alt=\"\" width=\"300\" height=\"232\" srcset=\"http:\/\/mwb.com.pl\/obrazy\/wp-content\/uploads\/2017\/05\/pod-raszynem-300x232.jpg 300w, http:\/\/mwb.com.pl\/obrazy\/wp-content\/uploads\/2017\/05\/pod-raszynem-768x593.jpg 768w, http:\/\/mwb.com.pl\/obrazy\/wp-content\/uploads\/2017\/05\/pod-raszynem-1024x790.jpg 1024w, http:\/\/mwb.com.pl\/obrazy\/wp-content\/uploads\/2017\/05\/pod-raszynem-350x270.jpg 350w\" sizes=\"auto, (max-width: 300px) 100vw, 300px\" \/>January Suchodolski* (1797-1875), &#8222;Bitwa pod Raszynem&#8221;**; po\u0142. XIX wieku, olej, p\u0142\u00f3tno; wym. 131 x 109 cm, sygn. MWB\/3076<\/h6>\n<h6>Na pierwszym planie posta\u0107 Ksi\u0119cia J\u00f3zefa Poniatowskiego na koniu. M\u0119\u017cczyzna ubrany jest w mundur genera\u0142a dywizji , przepasany szarf\u0105 Orderu Wojennego Virtuti Militari. Na g\u0142owie wysoka czapka rogatywka. W prawej d\u0142oni szabla. Ko\u0144 ciemnej ma\u015bci z opuszczon\u0105 g\u0142ow\u0105. Za ksi\u0119ciem, w cieniu drzew grupa \u017co\u0142nierzy. W oddali rozgrywaj\u0105ca si\u0119 bitwa.<\/h6>\n<h6>* <em>W 1810 January Suchodolski wst\u0105pi\u0142 do Korpusu Kadet\u00f3w Szko\u0142y Elementarnej Artylerii i In\u017cynier\u00f3w Wojsk Ksi\u0119stwa Warszawskiego mieszcz\u0105cej si\u0119 w Arsenale warszawskim. W szkole pobiera\u0142 pierwsze lekcje rysunk\u00f3w r\u0119cznych i topograficznych, amatorsko natomiast zainteresowa\u0142 si\u0119 malarstwem. W trakcie kariery wojskowej uzyska\u0142 stopie\u0144 kapitana, bra\u0142 te\u017c udzia\u0142 w powstaniu listopadowym. Walczy\u0142 m.in.pod Wawrem, Grochowem i Iganiami. W wolnym czasie zajmowa\u0142 si\u0119 szkicowaniem scen z udzia\u0142em \u017co\u0142nierzy oraz portret\u00f3w swoich koleg\u00f3w.\u00a0<\/em><em>Po upadku powstania Suchodolski po\u015bwi\u0119ci\u0142 si\u0119 drodze artystycznej. Lata 1832 &#8211; 1837 sp\u0119dzi\u0142 na studiach malarskich w Rzymie, gdzie kszta\u0142ci\u0142 si\u0119 w Akademii Francuskiej u Horacego Verneta. W 1839 r. zosta\u0142 cz\u0142onkiem Akademii Sztuk Pi\u0119knych w Petersburgu. Pozostawa\u0142 pod du\u017cym wp\u0142ywem tw\u00f3rczo\u015bci swojego nauczyciela, Verneta. Zdoby\u0142 uznanie publiczno\u015bci jako malarz obraz\u00f3w historyczno &#8211; batalistycznych, malowa\u0142 te\u017c sceny rodzajowe, portrety konne i wizerunki koni oraz sceny z \u017cycia ludu w\u0142oskiego i pejza\u017ce morskie.<\/em><\/h6>\n<h6><em>**Bitwa pod Raszynem mia\u0142a miejsce 19 kwietnia 1809 roku. Starcie rozegra\u0142o si\u0119 mi\u0119dzy wojskami Ksi\u0119stwa Warszawskiego wspartymi przez oddzia\u0142y saskie pod dow\u00f3dztwem ks. J\u00f3zefa Poniatowskiego a dwukrotnie liczniejszymi oddzia\u0142ami VII Korpusu austriackiego arcks. Ferdynanda d\u2019Este . Mimo przewa\u017caj\u0105cej liczebnie armii austriackiej bitwa nie zasta\u0142a taktycznie rozstrzygni\u0119ta na korzy\u015b\u0107 \u017cadnej ze stron. Ogromny wp\u0142yw na to mia\u0142o m\u0119stwo m.in. 8. Pu\u0142k Piechoty i polskiej kawalerii.<\/em><\/h6>\n","protected":false},"excerpt":{"rendered":"<p>January Suchodolski* (1797-1875), &#8222;Bitwa pod Raszynem&#8221;**; po\u0142. XIX wieku, olej, p\u0142\u00f3tno; wym. 131 x 109 cm, sygn. MWB\/3076 Na pierwszym planie posta\u0107 Ksi\u0119cia J\u00f3zefa Poniatowskiego na koniu. M\u0119\u017cczyzna ubrany jest w mundur genera\u0142a dywizji , przepasany szarf\u0105 Orderu Wojennego Virtuti <a href=\"http:\/\/mwb.com.pl\/obrazy\/bitwa-pod-raszynem\/\" class=\"read-more\">Czytaj wi\u0119cej<\/a><\/p>\n","protected":false},"author":2,"featured_media":0,"parent":0,"menu_order":0,"comment_status":"closed","ping_status":"closed","template":"","meta":{"footnotes":""},"class_list":["post-123","page","type-page","status-publish","hentry"],"_links":{"self":[{"href":"http:\/\/mwb.com.pl\/obrazy\/wp-json\/wp\/v2\/pages\/123","targetHints":{"allow":["GET"]}}],"collection":[{"href":"http:\/\/mwb.com.pl\/obrazy\/wp-json\/wp\/v2\/pages"}],"about":[{"href":"http:\/\/mwb.com.pl\/obrazy\/wp-json\/wp\/v2\/types\/page"}],"author":[{"embeddable":true,"href":"http:\/\/mwb.com.pl\/obrazy\/wp-json\/wp\/v2\/users\/2"}],"replies":[{"embeddable":true,"href":"http:\/\/mwb.com.pl\/obrazy\/wp-json\/wp\/v2\/comments?post=123"}],"version-history":[{"count":3,"href":"http:\/\/mwb.com.pl\/obrazy\/wp-json\/wp\/v2\/pages\/123\/revisions"}],"predecessor-version":[{"id":152,"href":"http:\/\/mwb.com.pl\/obrazy\/wp-json\/wp\/v2\/pages\/123\/revisions\/152"}],"wp:attachment":[{"href":"http:\/\/mwb.com.pl\/obrazy\/wp-json\/wp\/v2\/media?parent=123"}],"curies":[{"name":"wp","href":"https:\/\/api.w.org\/{rel}","templated":true}]}}