{"id":12,"date":"2017-05-11T11:00:33","date_gmt":"2017-05-11T09:00:33","guid":{"rendered":"http:\/\/mwb.com.pl\/obrazy\/?page_id=12"},"modified":"2017-06-13T12:20:39","modified_gmt":"2017-06-13T10:20:39","slug":"opis-projektu","status":"publish","type":"page","link":"http:\/\/mwb.com.pl\/obrazy\/opis-projektu\/","title":{"rendered":"Opis projektu"},"content":{"rendered":"<h6><em><img loading=\"lazy\" decoding=\"async\" class=\"alignleft size-medium wp-image-217\" src=\"http:\/\/mwb.com.pl\/obrazy\/wp-content\/uploads\/2017\/06\/plakaciarz_2-300x200.jpg\" alt=\"Marcin Kozi\u0144ski, Julien de Casabianca, Moj\u0105 galeri\u0105 jest ulica, Outing Project\" width=\"300\" height=\"200\" srcset=\"http:\/\/mwb.com.pl\/obrazy\/wp-content\/uploads\/2017\/06\/plakaciarz_2-300x200.jpg 300w, http:\/\/mwb.com.pl\/obrazy\/wp-content\/uploads\/2017\/06\/plakaciarz_2-768x512.jpg 768w, http:\/\/mwb.com.pl\/obrazy\/wp-content\/uploads\/2017\/06\/plakaciarz_2-1024x683.jpg 1024w, http:\/\/mwb.com.pl\/obrazy\/wp-content\/uploads\/2017\/06\/plakaciarz_2-360x240.jpg 360w, http:\/\/mwb.com.pl\/obrazy\/wp-content\/uploads\/2017\/06\/plakaciarz_2.jpg 1843w\" sizes=\"auto, (max-width: 300px) 100vw, 300px\" \/>Moj\u0105 galeri\u0105 jest ulica <\/em>to pomys\u0142 zainspirowany dzia\u0142aniem Juliena de Casabianca <em>Outing Project. <\/em>Od kilku lat, zajmuj\u0105cy si\u0119 g\u0142\u00f3wnie street artem francuski artysta, odwiedza miasta na ca\u0142ym \u015bwiecie, udaje si\u0119 do pobliskich muze\u00f3w i fotografuje (telefonem) prezentowane tam obrazy. Nast\u0119pnie, korzystaj\u0105c z prostych program\u00f3w graficznych, wycina znajduj\u0105ce si\u0119 na dzie\u0142ach postaci, drukuje w powi\u0119kszonym formacie na papierze i nakleja na \u015bciany dom\u00f3w i kamienic. Projekt cieszy si\u0119 wielkim powodzeniem i obejmuje swoim zasi\u0119giem coraz to nowe miejsca z ca\u0142ego \u015bwiata m.in. Pary\u017c, Ljubljan\u0119, Barcelon\u0119, Meddelin, Rzym, Londyn, Portland, oraz\u2026 Bia\u0142ystok.<\/h6>\n<h6>Zbieg okoliczno\u015bci sprawi\u0142, \u017ce kilka miesi\u0119cy przed fina\u0142em naszego projektu, na zaproszenie organizator\u00f3w Festiwalu Kultury Niezale\u017cnej <em>\u00bfUnderground\/Independent?, <\/em>Casabianca przyjecha\u0142 do Bia\u0142egostoku i <em>zostawi\u0142 <\/em>na \u015bcianach kilka prac z lokalnych galerii. Nie ma powodu ukrywa\u0107, \u017ce z jednej strony wzbudzi\u0142o to zachwyt autor\u00f3w <em>Mojej galerii\u2026 <\/em>(to troch\u0119 jakby miasto odwiedzili The Rolling Stones), a z drugiej postawi\u0142o znak zapytania nad sensem kontynuacji pomys\u0142u (kto lepiej zagra <em>I Can\u2019t Get No Satisfaction<\/em>?). Pojawiaj\u0105ce si\u0119 w\u0105tpliwo\u015bci rozwia\u0142o spotkanie z francuskim artyst\u0105.<\/h6>\n<h6>\u00a0<em>&#8211; Cz\u0142owieku, to wr\u0119cz fantastycznie! Po to w\u0142a\u015bnie jest \u201eOuting Project\u201d! O to chodzi, by uwolni\u0107 sztuk\u0119, by zaistnia\u0142a na ulicach! Wi\u0119c je\u017celi same muzea chc\u0105 to robi\u0107 to naprawd\u0119 bardzo si\u0119 ciesz\u0119 i nawet przez chwil\u0119 si\u0119 nie zastanawiajcie!<\/em><\/h6>\n<h6>Rozmowa z Julienem pomog\u0142a r\u00f3wnie\u017c uporz\u0105dkowa\u0107 my\u015bli dotycz\u0105ce ostatecznej formy projektu. W tym przypadku nie by\u0142y to jednak a\u017c tak proste rozwi\u0105zanie, a proces przypomina\u0142 sytuacj\u0119 ze spotkania autorskiego, opisan\u0105 w jednym z felieton\u00f3w przez Jacka Dehnela: [Uczestnicy spotka\u0144]<em> dziel\u0105 si\u0119 na kilka typ\u00f3w (\u2026) kt\u00f3re zreszt\u0105 cz\u0119sto wyst\u0119puj\u0105 w formach po\u015brednich, hybrydalnych. Gwiazdor pyta by zab\u0142ysn\u0105\u0107. Wyg\u0142asza d\u0142ugi monolog, pe\u0142en dygresji (&#8230;) Bywa, \u017ce gwiazdor pod has\u0142em &#8222;ale pan pisarz jest ju\u017c z pewno\u015bci\u0105 zm\u0119czony&#8230;&#8221; proponuje, \u017ce sam przeczyta z ksi\u0105\u017cki ust\u0119p, bowiem w trzeciej klasie chodzi\u0142 na zaj\u0119cia teatralne (&#8230;) Obsesjonat pozytywny przyszed\u0142, bo ma pasj\u0119 i co\u015b kocha. (\u2026) Obsesjonat negatywny przyszed\u0142 bo ma pasj\u0119 i czego\u015b nienawidzi (&#8230;) \u017byczliwy przyszed\u0142 z sympatii do autora i do literatury w og\u00f3le, bowiem kocha literatur\u0119, poniewa\u017c jest osob\u0105 kulturaln\u0105 (&#8230;) Naprawiacz wreszcie przychodzi z przekonaniem, \u017ce autor jest zasadniczo fajnym go\u015bciem, tylko nie zna si\u0119 na tym co robi. Ale to nic, naprawiacz go naprawi. Autor pisze smutne wiersze? Niech pisze weso\u0142e (&#8230;)<\/em><\/h6>\n<h6>Istot\u0105 projektu Juliena de Casabianca jest wycinanie pojedynczych postaci z obrazu: &#8211;<em>Bo wiesz, dla mnie ramy ograniczaj\u0105 dzie\u0142o. Od samego pocz\u0105tku zreszt\u0105, to samo robi \u015bciana, na kt\u00f3rej obraz jest powieszony, dalej sala muzealna, budynek\u2026 A ja chc\u0119 wzi\u0105\u0107 po prostu posta\u0107 z obrazu za r\u0119k\u0119 i p\u00f3j\u015b\u0107 z ni\u0105 na spacer, pokaza\u0107 miasto. Ten element bajkowo\u015bci* jest dla mnie szalenie istotny. <\/em>Od razu jednak pojawi\u0142 si\u0119 <em>naprawiacz<\/em>: &#8211;<em>A mo\u017ce lepiej jest pokaza\u0107 ca\u0142y obraz? Dla malarza przecie\u017c wa\u017cne jest r\u00f3wnie\u017c to co na drugim planie\u2026 <\/em>Na szcz\u0119\u015bcie jedno ironiczne spojrzenie Francuza wystarczy\u0142o by <em>naprawiacz <\/em>znikn\u0105\u0142. Zosta\u0142a jednak refleksja, kt\u00f3ra t\u0142umaczy dlaczego dzie\u0142a ze zbior\u00f3w w Muzeum Wojska w Bia\u0142ymstoku, prezentujemy w pe\u0142nej postaci, z ramami, pami\u0119taj\u0105c nawet o tabliczkach z not\u0105 biograficzn\u0105. Jeste\u015bmy muzealnikami, kuratorami sztuki. Naszym zadaniem jest j\u0105 udost\u0119pnia\u0107, a nie tworzy\u0107. Musimy pozby\u0107 si\u0119 w\u0142asnych aspiracji i po prostu \u2013 najlepiej jak potrafimy, ale jednak\u00a0 tylko &#8211; upowszechnia\u0107. Street artowy artysta mo\u017ce sobie pozwoli\u0107 na znacznie wi\u0119cej\u2026<\/h6>\n<h6 style=\"text-align: right;\">Marcin Kozi\u0144ski<\/h6>\n<h6><em>*Element bajkowo\u015bci jednak si\u0119 znalaz\u0142. Oczywi\u015bcie mo\u017cemy udawa\u0107, \u017ce tematy wybranych obraz\u00f3w nawi\u0105zuj\u0105 do Ksi\u0119stwa Warszawskiego z powodu okr\u0105g\u0142ej (ko\u0144cz\u0105cej si\u0119 na cyfr\u0119 \u201e7\u201d) daty jego powstania. Ale szczerze? U\u0142ani w wysokich czapkach rogatywkach w s\u0105siedztwie autobusowych przystank\u00f3w s\u0105 naprawd\u0119 magiczni i zupe\u0142nie nierealni.<\/em><\/h6>\n","protected":false},"excerpt":{"rendered":"<p>Moj\u0105 galeri\u0105 jest ulica to pomys\u0142 zainspirowany dzia\u0142aniem Juliena de Casabianca Outing Project. Od kilku lat, zajmuj\u0105cy si\u0119 g\u0142\u00f3wnie street artem francuski artysta, odwiedza miasta na ca\u0142ym \u015bwiecie, udaje si\u0119 do pobliskich muze\u00f3w i fotografuje (telefonem) prezentowane tam obrazy. Nast\u0119pnie, <a href=\"http:\/\/mwb.com.pl\/obrazy\/opis-projektu\/\" class=\"read-more\">Czytaj wi\u0119cej<\/a><\/p>\n","protected":false},"author":2,"featured_media":0,"parent":0,"menu_order":0,"comment_status":"closed","ping_status":"closed","template":"","meta":{"footnotes":""},"class_list":["post-12","page","type-page","status-publish","hentry"],"_links":{"self":[{"href":"http:\/\/mwb.com.pl\/obrazy\/wp-json\/wp\/v2\/pages\/12","targetHints":{"allow":["GET"]}}],"collection":[{"href":"http:\/\/mwb.com.pl\/obrazy\/wp-json\/wp\/v2\/pages"}],"about":[{"href":"http:\/\/mwb.com.pl\/obrazy\/wp-json\/wp\/v2\/types\/page"}],"author":[{"embeddable":true,"href":"http:\/\/mwb.com.pl\/obrazy\/wp-json\/wp\/v2\/users\/2"}],"replies":[{"embeddable":true,"href":"http:\/\/mwb.com.pl\/obrazy\/wp-json\/wp\/v2\/comments?post=12"}],"version-history":[{"count":4,"href":"http:\/\/mwb.com.pl\/obrazy\/wp-json\/wp\/v2\/pages\/12\/revisions"}],"predecessor-version":[{"id":219,"href":"http:\/\/mwb.com.pl\/obrazy\/wp-json\/wp\/v2\/pages\/12\/revisions\/219"}],"wp:attachment":[{"href":"http:\/\/mwb.com.pl\/obrazy\/wp-json\/wp\/v2\/media?parent=12"}],"curies":[{"name":"wp","href":"https:\/\/api.w.org\/{rel}","templated":true}]}}