{"id":110,"date":"2017-05-24T14:55:58","date_gmt":"2017-05-24T12:55:58","guid":{"rendered":"http:\/\/mwb.com.pl\/obrazy\/?page_id=110"},"modified":"2017-06-12T13:32:05","modified_gmt":"2017-06-12T11:32:05","slug":"kirasjerzy-napoleonscy-14-pulku-jazdy-ksiestwa-warszawskiego","status":"publish","type":"page","link":"http:\/\/mwb.com.pl\/obrazy\/kirasjerzy-napoleonscy-14-pulku-jazdy-ksiestwa-warszawskiego\/","title":{"rendered":"&#8222;Kirasjerzy napoleo\u0144scy 14 Pu\u0142ku Jazdy Ksi\u0119stwa Warszawskiego&#8221;"},"content":{"rendered":"<h6><img loading=\"lazy\" decoding=\"async\" class=\"alignleft size-medium wp-image-111\" src=\"http:\/\/mwb.com.pl\/obrazy\/wp-content\/uploads\/2017\/05\/kirasjerzy-300x236.jpg\" alt=\"kirasjerzy\" width=\"300\" height=\"236\" srcset=\"http:\/\/mwb.com.pl\/obrazy\/wp-content\/uploads\/2017\/05\/kirasjerzy-300x236.jpg 300w, http:\/\/mwb.com.pl\/obrazy\/wp-content\/uploads\/2017\/05\/kirasjerzy-768x605.jpg 768w, http:\/\/mwb.com.pl\/obrazy\/wp-content\/uploads\/2017\/05\/kirasjerzy-1024x807.jpg 1024w, http:\/\/mwb.com.pl\/obrazy\/wp-content\/uploads\/2017\/05\/kirasjerzy-343x270.jpg 343w\" sizes=\"auto, (max-width: 300px) 100vw, 300px\" \/>Tadeusz Kokietek* (1920-1982), , 1943 r.; olej, p\u0142\u00f3tno,\u00a0wym. 62 x 51, sygn. MWB\/4473<\/h6>\n<h6>Na pierwszym planie oficer i dw\u00f3ch podoficer\u00f3w 14 pu\u0142ku kirasjer\u00f3w armii Ksi\u0119stwa Warszawskiego**, na koniach ma\u015bci kasztanowej i siwku, w pe\u0142nym galopie. Kirasjerzy ubrani s\u0105 w tzw. ubi\u00f3r wielki, w kt\u00f3rego sk\u0142ad wchodz\u0105: kolet w kolorze granatowym, z ko\u0142nierzem, wy\u0142ogami u r\u0119kaw\u00f3w i po\u0142ami p\u0105sowymi. Naramienniki ozdobione fr\u0119dzlami. Na nogach bia\u0142e spodnie i d\u0142ugie buty w kolorze br\u0105zowym, przykrywaj\u0105ce kolana. Na g\u0142owach he\u0142my z mosi\u0119\u017cnymi grzebieniem ozdobionym kit\u0105. Przy lewym boku oficera szabla lekkiej jazdy wz. AN XI.*** Na dalszym planie\u00a0 zarysowane wiejskie chaty, kolejni je\u017ad\u017acy i drzewa. Zwraca uwag\u0119 troska Autora w zachowaniu detali umundurowania, oporz\u0105dzenia koni (siod\u0142o kirasjerskie, czaprak z p\u0105sowego sukna). Zamaszczyste poci\u0105gni\u0119cia p\u0119dzlem pot\u0119guj\u0105 dynamik\u0119 pracy. W lewym dolnym rogu sygnatura \u201eTadeusz Kokietek\/1943\u201d<\/h6>\n<h6><em>* Tadeusz Kokietek (1920-1982) by\u0142 \u00a0malarzem zwi\u0105zanym z \u0141odzi\u0105; od 1950 roku cz\u0142onkiem Zwi\u0105zku Polskich Artyst\u00f3w Plastyk\u00f3w. Malowa\u0142 historyzuj\u0105ce sceny rodzajowe, my\u015bliwskie i batalistyczne cz\u0119sto inspirowane sienkiewiczowsk\u0105 \u201eTrylogi\u0105\u201d. Tworzy\u0142 te\u017c portrety, pejza\u017ce, zajmowa\u0142 si\u0119 ilustracj\u0105 ksi\u0105\u017ckow\u0105.<\/em><\/h6>\n<h6><em>**<\/em> <em>By\u0142 to jedyny w dziejach Polski pu\u0142k jazdy kirasjerskiej.<\/em><\/h6>\n<h6><em>** *Uzbrojeniem kirasjer\u00f3w by\u0142y pa\u0142asze i szable francuskie jednosieczne. Ka\u017cdy kirasjer mia\u0142 te\u017c par\u0119 pistolet\u00f3w ska\u0142kowych &#8222;w stal oprawnych&#8221; w olstrach przy siodle, do nich czarn\u0105 sk\u00f3rzan\u0105 \u0142adownic\u0119 na bia\u0142ym sk\u00f3rzanym pasie nak\u0142adanym na kolet pod kirysem.<\/em><\/h6>\n","protected":false},"excerpt":{"rendered":"<p>Tadeusz Kokietek* (1920-1982), , 1943 r.; olej, p\u0142\u00f3tno,\u00a0wym. 62 x 51, sygn. MWB\/4473 Na pierwszym planie oficer i dw\u00f3ch podoficer\u00f3w 14 pu\u0142ku kirasjer\u00f3w armii Ksi\u0119stwa Warszawskiego**, na koniach ma\u015bci kasztanowej i siwku, w pe\u0142nym galopie. Kirasjerzy ubrani s\u0105 w tzw. <a href=\"http:\/\/mwb.com.pl\/obrazy\/kirasjerzy-napoleonscy-14-pulku-jazdy-ksiestwa-warszawskiego\/\" class=\"read-more\">Czytaj wi\u0119cej<\/a><\/p>\n","protected":false},"author":2,"featured_media":0,"parent":0,"menu_order":0,"comment_status":"closed","ping_status":"closed","template":"","meta":{"footnotes":""},"class_list":["post-110","page","type-page","status-publish","hentry"],"_links":{"self":[{"href":"http:\/\/mwb.com.pl\/obrazy\/wp-json\/wp\/v2\/pages\/110","targetHints":{"allow":["GET"]}}],"collection":[{"href":"http:\/\/mwb.com.pl\/obrazy\/wp-json\/wp\/v2\/pages"}],"about":[{"href":"http:\/\/mwb.com.pl\/obrazy\/wp-json\/wp\/v2\/types\/page"}],"author":[{"embeddable":true,"href":"http:\/\/mwb.com.pl\/obrazy\/wp-json\/wp\/v2\/users\/2"}],"replies":[{"embeddable":true,"href":"http:\/\/mwb.com.pl\/obrazy\/wp-json\/wp\/v2\/comments?post=110"}],"version-history":[{"count":5,"href":"http:\/\/mwb.com.pl\/obrazy\/wp-json\/wp\/v2\/pages\/110\/revisions"}],"predecessor-version":[{"id":213,"href":"http:\/\/mwb.com.pl\/obrazy\/wp-json\/wp\/v2\/pages\/110\/revisions\/213"}],"wp:attachment":[{"href":"http:\/\/mwb.com.pl\/obrazy\/wp-json\/wp\/v2\/media?parent=110"}],"curies":[{"name":"wp","href":"https:\/\/api.w.org\/{rel}","templated":true}]}}